{"id":6809,"date":"2015-08-04T15:11:43","date_gmt":"2015-08-04T13:11:43","guid":{"rendered":"https:\/\/mikkelvik.com\/?page_id=6809"},"modified":"2024-02-14T15:12:53","modified_gmt":"2024-02-14T14:12:53","slug":"impressum","status":"publish","type":"page","link":"https:\/\/mikkelvik.com\/en\/service\/impressum\/","title":{"rendered":"IMPRESSUM"},"content":{"rendered":"<h1>Impressum MIKKELVIK BRYGGE<\/h1>\n<h3>Mikkelvik Brygge AS<\/h3>\n<p><strong>Adresse:<\/strong> Mikkelvik Brygge<br \/>\nSkogsfjordveien 2728<br \/>\n9130 Hansnes<br \/>\nNorwegen<\/p>\n<p>Telefon: +47 91353619<br \/>\nE-Mail: <a href=\"mailto:info@mikkelvik.com\">info@mikkelvik.com<\/a><\/p>\n<p><strong>Vertreten durch:<\/strong><br \/>\nJens-Oliver G\u00f6ritz<\/p>\n<p><strong>Registereintrag:<\/strong><br \/>\nEingetragen im norwegischen<br \/>\nHandelsregister: Br\u00f8nn\u00f8ysund,<br \/>\nRegisternummer: NO 932 761 874<\/p>\n<p><strong>Umsatzsteuer-ID: <\/strong><br \/>\nUmsatzsteuer-Identifikationsnummer nach \u00a727a Umsatzsteuergesetz:<br \/>\nNO 932 761 874<\/p>\n<p><strong>Verantwortlich f\u00fcr den Inhalt<\/strong> (gem. \u00a7 55 Abs. 2 RStV):<br \/>\nKatja G\u00f6ritz, Mikkelvik, NO 9130 Hansnes<\/p>\n<p><strong>Bildrechte:<\/strong><br \/>\nMikkelvik Brygge AS<\/p>\n<h2>Disclaimer \u2013 rechtliche Hinweise<\/h2>\n<p>\u00a7 1 Haftungsbeschr\u00e4nkung<br \/>\nDie Inhalte dieser Website werden mit gr\u00f6\u00dftm\u00f6glicher Sorgfalt erstellt. Der<br \/>\nAnbieter \u00fcbernimmt jedoch keine Gew\u00e4hr f\u00fcr die Richtigkeit, Vollst\u00e4ndigkeit<br \/>\nund Aktualit\u00e4t der bereitgestellten Inhalte. Die Nutzung der Inhalte der<br \/>\nWebsite erfolgt auf eigene Gefahr des Nutzers. Namentlich gekennzeichnete<br \/>\nBeitr\u00e4ge geben die Meinung des jeweiligen Autors und nicht immer die Meinung<br \/>\ndes Anbieters wieder. Mit der reinen Nutzung der Website des Anbieters kommt<br \/>\nkeinerlei Vertragsverh\u00e4ltnis zwischen dem Nutzer und dem Anbieter zustande.<\/p>\n<p>\u00a7 2 Externe Links<br \/>\nDiese Website enth\u00e4lt Verkn\u00fcpfungen zu Websites Dritter (&#8220;externe Links&#8221;).<br \/>\nDiese Websites unterliegen der Haftung der jeweiligen Betreiber. Der<br \/>\nAnbieter hat bei der erstmaligen Verkn\u00fcpfung der externen Links die fremden<br \/>\nInhalte daraufhin \u00fcberpr\u00fcft, ob etwaige Rechtsverst\u00f6\u00dfe bestehen. Zu dem<br \/>\nZeitpunkt waren keine Rechtsverst\u00f6\u00dfe ersichtlich. Der Anbieter hat keinerlei<br \/>\nEinfluss auf die aktuelle und zuk\u00fcnftige Gestaltung und auf die Inhalte der<br \/>\nverkn\u00fcpften Seiten. Das Setzen von externen Links bedeutet nicht, dass sich<br \/>\nder Anbieter die hinter dem Verweis oder Link liegenden Inhalte zu Eigen<br \/>\nmacht. Eine st\u00e4ndige Kontrolle der externen Links ist f\u00fcr den Anbieter ohne<br \/>\nkonkrete Hinweise auf Rechtsverst\u00f6\u00dfe nicht zumutbar. Bei Kenntnis von<br \/>\nRechtsverst\u00f6\u00dfen werden jedoch derartige externe Links unverz\u00fcglich gel\u00f6scht.<\/p>\n<p>\u00a7 3 Urheber- und Leistungsschutzrechte<br \/>\nDie auf dieser Website ver\u00f6ffentlichten Inhalte unterliegen dem deutschen<br \/>\nUrheber- und Leistungsschutzrecht. Jede vom deutschen Urheber- und<br \/>\nLeistungsschutzrecht nicht zugelassene Verwertung bedarf der vorherigen<br \/>\nschriftlichen Zustimmung des Anbieters oder jeweiligen Rechteinhabers. Dies<br \/>\ngilt insbesondere f\u00fcr Vervielf\u00e4ltigung, Bearbeitung, \u00dcbersetzung,<br \/>\nEinspeicherung, Verarbeitung bzw. Wiedergabe von Inhalten in Datenbanken<br \/>\noder anderen elektronischen Medien und Systemen. Inhalte und Rechte Dritter<br \/>\nsind dabei als solche gekennzeichnet. Die unerlaubte Vervielf\u00e4ltigung oder<br \/>\nWeitergabe einzelner Inhalte oder kompletter Seiten ist nicht gestattet und<br \/>\nstrafbar. Lediglich die Herstellung von Kopien und Downloads f\u00fcr den<br \/>\npers\u00f6nlichen, privaten und nicht kommerziellen Gebrauch ist erlaubt.<\/p>\n<p>Die Darstellung dieser Website in fremden Frames ist nur mit schriftlicher<br \/>\nErlaubnis zul\u00e4ssig.<\/p>\n<p>\u00a7 4 Besondere Nutzungsbedingungen<br \/>\nSoweit besondere Bedingungen f\u00fcr einzelne Nutzungen dieser Website von den<br \/>\nvorgenannten Paragraphen abweichen, wird an entsprechender Stelle<br \/>\nausdr\u00fccklich darauf hingewiesen. In diesem Falle gelten im jeweiligen<br \/>\nEinzelfall die besonderen Nutzungsbedingungen.<\/p>\n<p>Quelle: Impressum-Generator von Juraforum<\/p>\n","protected":false},"excerpt":{"rendered":"<p>Impressum MIKKELVIK BRYGGE Mikkelvik Brygge AS Adresse: Mikkelvik Brygge Skogsfjordveien 2728 9130 Hansnes Norwegen Telefon: +47 91353619 E-Mail: info@mikkelvik.com Vertreten durch: Jens-Oliver G\u00f6ritz Registereintrag: Eingetragen im norwegischen Handelsregister: Br\u00f8nn\u00f8ysund, Registernummer: NO 932 761 874 Umsatzsteuer-ID: Umsatzsteuer-Identifikationsnummer nach \u00a727a Umsatzsteuergesetz: NO 932 761 874 Verantwortlich f\u00fcr den Inhalt (gem. \u00a7 55 Abs. 2 RStV): Katja G\u00f6ritz,<\/p>\n","protected":false},"author":1,"featured_media":0,"parent":2771,"menu_order":0,"comment_status":"closed","ping_status":"closed","template":"","meta":{"footnotes":"","_links_to":"","_links_to_target":""},"class_list":["post-6809","page","type-page","status-publish","hentry"],"yoast_head":"<!-- This site is optimized with the Yoast SEO plugin v27.2 - https:\/\/yoast.com\/product\/yoast-seo-wordpress\/ -->\n<title>IMPRESSUM - Mikkelvik Brygge, Nordlicht, Wale, Norwegen, Angelreise, Dorsch, Heilbutt<\/title>\n<meta name=\"robots\" content=\"index, follow, max-snippet:-1, max-image-preview:large, max-video-preview:-1\" \/>\n<link rel=\"canonical\" href=\"https:\/\/mikkelvik.com\/en\/service\/impressum\/\" \/>\n<meta property=\"og:locale\" content=\"en_US\" \/>\n<meta property=\"og:type\" content=\"article\" \/>\n<meta property=\"og:title\" content=\"IMPRESSUM - Mikkelvik Brygge, Nordlicht, Wale, Norwegen, Angelreise, Dorsch, Heilbutt\" \/>\n<meta property=\"og:description\" content=\"Impressum MIKKELVIK BRYGGE Mikkelvik Brygge AS Adresse: Mikkelvik Brygge Skogsfjordveien 2728 9130 Hansnes Norwegen Telefon: +47 91353619 E-Mail: info@mikkelvik.com Vertreten durch: Jens-Oliver G\u00f6ritz Registereintrag: Eingetragen im norwegischen Handelsregister: Br\u00f8nn\u00f8ysund, Registernummer: NO 932 761 874 Umsatzsteuer-ID: Umsatzsteuer-Identifikationsnummer nach \u00a727a Umsatzsteuergesetz: NO 932 761 874 Verantwortlich f\u00fcr den Inhalt (gem. \u00a7 55 Abs. 2 RStV): Katja G\u00f6ritz,\" \/>\n<meta property=\"og:url\" content=\"https:\/\/mikkelvik.com\/en\/service\/impressum\/\" \/>\n<meta property=\"og:site_name\" content=\"Mikkelvik Brygge, Nordlicht, Wale, Norwegen, Angelreise, Dorsch, Heilbutt\" \/>\n<meta property=\"article:modified_time\" content=\"2024-02-14T14:12:53+00:00\" \/>\n<meta name=\"twitter:card\" content=\"summary_large_image\" \/>\n<meta name=\"twitter:label1\" content=\"Est. reading time\" \/>\n\t<meta name=\"twitter:data1\" content=\"3 minutes\" \/>\n<script type=\"application\/ld+json\" class=\"yoast-schema-graph\">{\"@context\":\"https:\/\/schema.org\",\"@graph\":[{\"@type\":\"WebPage\",\"@id\":\"https:\/\/mikkelvik.com\/en\/service\/impressum\/\",\"url\":\"https:\/\/mikkelvik.com\/en\/service\/impressum\/\",\"name\":\"IMPRESSUM - Mikkelvik Brygge, Nordlicht, Wale, Norwegen, Angelreise, Dorsch, Heilbutt\",\"isPartOf\":{\"@id\":\"https:\/\/mikkelvik.com\/en\/#website\"},\"datePublished\":\"2015-08-04T13:11:43+00:00\",\"dateModified\":\"2024-02-14T14:12:53+00:00\",\"breadcrumb\":{\"@id\":\"https:\/\/mikkelvik.com\/en\/service\/impressum\/#breadcrumb\"},\"inLanguage\":\"en-US\",\"potentialAction\":[{\"@type\":\"ReadAction\",\"target\":[\"https:\/\/mikkelvik.com\/en\/service\/impressum\/\"]}]},{\"@type\":\"BreadcrumbList\",\"@id\":\"https:\/\/mikkelvik.com\/en\/service\/impressum\/#breadcrumb\",\"itemListElement\":[{\"@type\":\"ListItem\",\"position\":1,\"name\":\"Home\",\"item\":\"https:\/\/mikkelvik.com\/en\/\"},{\"@type\":\"ListItem\",\"position\":2,\"name\":\"SERVICE\",\"item\":\"https:\/\/mikkelvik.com\/en\/service\/\"},{\"@type\":\"ListItem\",\"position\":3,\"name\":\"IMPRESSUM\"}]},{\"@type\":\"WebSite\",\"@id\":\"https:\/\/mikkelvik.com\/en\/#website\",\"url\":\"https:\/\/mikkelvik.com\/en\/\",\"name\":\"Mikkelvik Brygge, Nordlicht, Wale, Norwegen, Angelreise, Dorsch, Heilbutt\",\"description\":\"Meeresangeln und Angelreisen nach Norwegen in komfortablem Ferienhaus mit Boot in der N\u00e4he von Troms\u00f8\",\"potentialAction\":[{\"@type\":\"SearchAction\",\"target\":{\"@type\":\"EntryPoint\",\"urlTemplate\":\"https:\/\/mikkelvik.com\/en\/?s={search_term_string}\"},\"query-input\":{\"@type\":\"PropertyValueSpecification\",\"valueRequired\":true,\"valueName\":\"search_term_string\"}}],\"inLanguage\":\"en-US\"}]}<\/script>\n<!-- \/ Yoast SEO plugin. -->","yoast_head_json":{"title":"IMPRESSUM - Mikkelvik Brygge, Nordlicht, Wale, Norwegen, Angelreise, Dorsch, Heilbutt","robots":{"index":"index","follow":"follow","max-snippet":"max-snippet:-1","max-image-preview":"max-image-preview:large","max-video-preview":"max-video-preview:-1"},"canonical":"https:\/\/mikkelvik.com\/en\/service\/impressum\/","og_locale":"en_US","og_type":"article","og_title":"IMPRESSUM - Mikkelvik Brygge, Nordlicht, Wale, Norwegen, Angelreise, Dorsch, Heilbutt","og_description":"Impressum MIKKELVIK BRYGGE Mikkelvik Brygge AS Adresse: Mikkelvik Brygge Skogsfjordveien 2728 9130 Hansnes Norwegen Telefon: +47 91353619 E-Mail: info@mikkelvik.com Vertreten durch: Jens-Oliver G\u00f6ritz Registereintrag: Eingetragen im norwegischen Handelsregister: Br\u00f8nn\u00f8ysund, Registernummer: NO 932 761 874 Umsatzsteuer-ID: Umsatzsteuer-Identifikationsnummer nach \u00a727a Umsatzsteuergesetz: NO 932 761 874 Verantwortlich f\u00fcr den Inhalt (gem. \u00a7 55 Abs. 2 RStV): Katja G\u00f6ritz,","og_url":"https:\/\/mikkelvik.com\/en\/service\/impressum\/","og_site_name":"Mikkelvik Brygge, Nordlicht, Wale, Norwegen, Angelreise, Dorsch, Heilbutt","article_modified_time":"2024-02-14T14:12:53+00:00","twitter_card":"summary_large_image","twitter_misc":{"Est. reading time":"3 minutes"},"schema":{"@context":"https:\/\/schema.org","@graph":[{"@type":"WebPage","@id":"https:\/\/mikkelvik.com\/en\/service\/impressum\/","url":"https:\/\/mikkelvik.com\/en\/service\/impressum\/","name":"IMPRESSUM - Mikkelvik Brygge, Nordlicht, Wale, Norwegen, Angelreise, Dorsch, Heilbutt","isPartOf":{"@id":"https:\/\/mikkelvik.com\/en\/#website"},"datePublished":"2015-08-04T13:11:43+00:00","dateModified":"2024-02-14T14:12:53+00:00","breadcrumb":{"@id":"https:\/\/mikkelvik.com\/en\/service\/impressum\/#breadcrumb"},"inLanguage":"en-US","potentialAction":[{"@type":"ReadAction","target":["https:\/\/mikkelvik.com\/en\/service\/impressum\/"]}]},{"@type":"BreadcrumbList","@id":"https:\/\/mikkelvik.com\/en\/service\/impressum\/#breadcrumb","itemListElement":[{"@type":"ListItem","position":1,"name":"Home","item":"https:\/\/mikkelvik.com\/en\/"},{"@type":"ListItem","position":2,"name":"SERVICE","item":"https:\/\/mikkelvik.com\/en\/service\/"},{"@type":"ListItem","position":3,"name":"IMPRESSUM"}]},{"@type":"WebSite","@id":"https:\/\/mikkelvik.com\/en\/#website","url":"https:\/\/mikkelvik.com\/en\/","name":"Mikkelvik Brygge, Nordlicht, Wale, Norwegen, Angelreise, Dorsch, Heilbutt","description":"Meeresangeln und Angelreisen nach Norwegen in komfortablem Ferienhaus mit Boot in der N\u00e4he von Troms\u00f8","potentialAction":[{"@type":"SearchAction","target":{"@type":"EntryPoint","urlTemplate":"https:\/\/mikkelvik.com\/en\/?s={search_term_string}"},"query-input":{"@type":"PropertyValueSpecification","valueRequired":true,"valueName":"search_term_string"}}],"inLanguage":"en-US"}]}},"_links":{"self":[{"href":"https:\/\/mikkelvik.com\/en\/wp-json\/wp\/v2\/pages\/6809","targetHints":{"allow":["GET"]}}],"collection":[{"href":"https:\/\/mikkelvik.com\/en\/wp-json\/wp\/v2\/pages"}],"about":[{"href":"https:\/\/mikkelvik.com\/en\/wp-json\/wp\/v2\/types\/page"}],"author":[{"embeddable":true,"href":"https:\/\/mikkelvik.com\/en\/wp-json\/wp\/v2\/users\/1"}],"replies":[{"embeddable":true,"href":"https:\/\/mikkelvik.com\/en\/wp-json\/wp\/v2\/comments?post=6809"}],"version-history":[{"count":11,"href":"https:\/\/mikkelvik.com\/en\/wp-json\/wp\/v2\/pages\/6809\/revisions"}],"predecessor-version":[{"id":9810,"href":"https:\/\/mikkelvik.com\/en\/wp-json\/wp\/v2\/pages\/6809\/revisions\/9810"}],"up":[{"embeddable":true,"href":"https:\/\/mikkelvik.com\/en\/wp-json\/wp\/v2\/pages\/2771"}],"wp:attachment":[{"href":"https:\/\/mikkelvik.com\/en\/wp-json\/wp\/v2\/media?parent=6809"}],"curies":[{"name":"wp","href":"https:\/\/api.w.org\/{rel}","templated":true}]}}