{"id":9414,"date":"2022-11-01T13:58:45","date_gmt":"2022-11-01T12:58:45","guid":{"rendered":"https:\/\/mikkelvik.com\/?page_id=9414"},"modified":"2026-01-30T11:07:36","modified_gmt":"2026-01-30T10:07:36","slug":"gourmet-dinner-fuer-zwei","status":"publish","type":"page","link":"https:\/\/mikkelvik.com\/de\/gourmet-dinner-fuer-zwei\/","title":{"rendered":"FR\u00dcHST\u00dcCK &amp; ABENDESSEN"},"content":{"rendered":"<div class=\"row mfp-gallery mfp-gallery--misc\">\n<h1><strong>Du willst Deine\/n Liebste\/n \u00fcberraschen? Dann lasst Euch von uns verw\u00f6hnen.<\/h1>\n<p><\/strong><strong><em>Bestelle bei uns direkt in Dein Apartment Dein pers\u00f6nliches Gourmet 3 G\u00e4nge-Men\u00fc mit regionalen Zutaten serviert.<br \/>\n<\/strong><\/em><\/p>\n<div>\n<p><strong>WANN:<\/strong><br \/>\nOktober bis Mitte M\u00e4rz<\/p>\n<p><strong>DAUER:<\/strong><br \/>\n2-3 Stunden<\/p>\n<p><strong>ANZAHL TEILNEHMER:<\/strong><br \/>\nMaximal 2 Personen<\/p>\n<p><strong>KOSTEN:<\/strong><br \/>\n2000 NOK pro Person<\/p>\n<p><strong>WAS IST INKLUSIVE:<\/strong><br \/>\nHochwertige regionale Zutaten<br \/>\nGetr\u00e4nke zum Essen<br \/>\nPers\u00f6nlicher Service in Deinem Apartment<br \/>\nAttraktive Tischdeko<br \/>\nGru\u00df aus der K\u00fcche<\/p>\n<\/div>\n<\/div>\n","protected":false},"excerpt":{"rendered":"<p>Du willst Deine\/n Liebste\/n \u00fcberraschen? Dann lasst Euch von uns verw\u00f6hnen. Bestelle bei uns direkt in Dein Apartment Dein pers\u00f6nliches Gourmet 3 G\u00e4nge-Men\u00fc mit regionalen Zutaten serviert. WANN: Oktober bis Mitte M\u00e4rz DAUER: 2-3 Stunden ANZAHL TEILNEHMER: Maximal 2 Personen KOSTEN: 2000 NOK pro Person WAS IST INKLUSIVE: Hochwertige regionale Zutaten Getr\u00e4nke zum Essen Pers\u00f6nlicher<\/p>\n","protected":false},"author":1,"featured_media":0,"parent":0,"menu_order":0,"comment_status":"closed","ping_status":"closed","template":"","meta":{"footnotes":"","_links_to":"","_links_to_target":""},"class_list":["post-9414","page","type-page","status-publish","hentry"],"yoast_head":"<!-- This site is optimized with the Yoast SEO plugin v27.2 - https:\/\/yoast.com\/product\/yoast-seo-wordpress\/ -->\n<title>FR\u00dcHST\u00dcCK &amp; ABENDESSEN - Mikkelvik Brygge, Nordlicht, Wale, Norwegen, Angelreise, Dorsch, Heilbutt<\/title>\n<meta name=\"robots\" content=\"index, follow, max-snippet:-1, max-image-preview:large, max-video-preview:-1\" \/>\n<link rel=\"canonical\" href=\"https:\/\/mikkelvik.com\/de\/gourmet-dinner-fuer-zwei\/\" \/>\n<meta property=\"og:locale\" content=\"de_DE\" \/>\n<meta property=\"og:type\" content=\"article\" \/>\n<meta property=\"og:title\" content=\"FR\u00dcHST\u00dcCK &amp; ABENDESSEN - Mikkelvik Brygge, Nordlicht, Wale, Norwegen, Angelreise, Dorsch, Heilbutt\" \/>\n<meta property=\"og:description\" content=\"Du willst Deine\/n Liebste\/n \u00fcberraschen? Dann lasst Euch von uns verw\u00f6hnen. Bestelle bei uns direkt in Dein Apartment Dein pers\u00f6nliches Gourmet 3 G\u00e4nge-Men\u00fc mit regionalen Zutaten serviert. WANN: Oktober bis Mitte M\u00e4rz DAUER: 2-3 Stunden ANZAHL TEILNEHMER: Maximal 2 Personen KOSTEN: 2000 NOK pro Person WAS IST INKLUSIVE: Hochwertige regionale Zutaten Getr\u00e4nke zum Essen Pers\u00f6nlicher\" \/>\n<meta property=\"og:url\" content=\"https:\/\/mikkelvik.com\/de\/gourmet-dinner-fuer-zwei\/\" \/>\n<meta property=\"og:site_name\" content=\"Mikkelvik Brygge, Nordlicht, Wale, Norwegen, Angelreise, Dorsch, Heilbutt\" \/>\n<meta property=\"article:modified_time\" content=\"2026-01-30T10:07:36+00:00\" \/>\n<meta name=\"twitter:card\" content=\"summary_large_image\" \/>\n<meta name=\"twitter:label1\" content=\"Gesch\u00e4tzte Lesezeit\" \/>\n\t<meta name=\"twitter:data1\" content=\"2\u00a0Minuten\" \/>\n<script type=\"application\/ld+json\" class=\"yoast-schema-graph\">{\"@context\":\"https:\/\/schema.org\",\"@graph\":[{\"@type\":\"WebPage\",\"@id\":\"https:\/\/mikkelvik.com\/de\/gourmet-dinner-fuer-zwei\/\",\"url\":\"https:\/\/mikkelvik.com\/de\/gourmet-dinner-fuer-zwei\/\",\"name\":\"FR\u00dcHST\u00dcCK &amp; ABENDESSEN - Mikkelvik Brygge, Nordlicht, Wale, Norwegen, Angelreise, Dorsch, Heilbutt\",\"isPartOf\":{\"@id\":\"https:\/\/mikkelvik.com\/de\/#website\"},\"datePublished\":\"2022-11-01T12:58:45+00:00\",\"dateModified\":\"2026-01-30T10:07:36+00:00\",\"breadcrumb\":{\"@id\":\"https:\/\/mikkelvik.com\/de\/gourmet-dinner-fuer-zwei\/#breadcrumb\"},\"inLanguage\":\"de\",\"potentialAction\":[{\"@type\":\"ReadAction\",\"target\":[\"https:\/\/mikkelvik.com\/de\/gourmet-dinner-fuer-zwei\/\"]}]},{\"@type\":\"BreadcrumbList\",\"@id\":\"https:\/\/mikkelvik.com\/de\/gourmet-dinner-fuer-zwei\/#breadcrumb\",\"itemListElement\":[{\"@type\":\"ListItem\",\"position\":1,\"name\":\"Home\",\"item\":\"https:\/\/mikkelvik.com\/de\/\"},{\"@type\":\"ListItem\",\"position\":2,\"name\":\"FR\u00dcHST\u00dcCK &amp; ABENDESSEN\"}]},{\"@type\":\"WebSite\",\"@id\":\"https:\/\/mikkelvik.com\/de\/#website\",\"url\":\"https:\/\/mikkelvik.com\/de\/\",\"name\":\"Mikkelvik Brygge, Nordlicht, Wale, Norwegen, Angelreise, Dorsch, Heilbutt\",\"description\":\"Meeresangeln und Angelreisen nach Norwegen in komfortablem Ferienhaus mit Boot in der N\u00e4he von Troms\u00f8\",\"potentialAction\":[{\"@type\":\"SearchAction\",\"target\":{\"@type\":\"EntryPoint\",\"urlTemplate\":\"https:\/\/mikkelvik.com\/de\/?s={search_term_string}\"},\"query-input\":{\"@type\":\"PropertyValueSpecification\",\"valueRequired\":true,\"valueName\":\"search_term_string\"}}],\"inLanguage\":\"de\"}]}<\/script>\n<!-- \/ Yoast SEO plugin. -->","yoast_head_json":{"title":"FR\u00dcHST\u00dcCK &amp; ABENDESSEN - Mikkelvik Brygge, Nordlicht, Wale, Norwegen, Angelreise, Dorsch, Heilbutt","robots":{"index":"index","follow":"follow","max-snippet":"max-snippet:-1","max-image-preview":"max-image-preview:large","max-video-preview":"max-video-preview:-1"},"canonical":"https:\/\/mikkelvik.com\/de\/gourmet-dinner-fuer-zwei\/","og_locale":"de_DE","og_type":"article","og_title":"FR\u00dcHST\u00dcCK &amp; ABENDESSEN - Mikkelvik Brygge, Nordlicht, Wale, Norwegen, Angelreise, Dorsch, Heilbutt","og_description":"Du willst Deine\/n Liebste\/n \u00fcberraschen? Dann lasst Euch von uns verw\u00f6hnen. Bestelle bei uns direkt in Dein Apartment Dein pers\u00f6nliches Gourmet 3 G\u00e4nge-Men\u00fc mit regionalen Zutaten serviert. WANN: Oktober bis Mitte M\u00e4rz DAUER: 2-3 Stunden ANZAHL TEILNEHMER: Maximal 2 Personen KOSTEN: 2000 NOK pro Person WAS IST INKLUSIVE: Hochwertige regionale Zutaten Getr\u00e4nke zum Essen Pers\u00f6nlicher","og_url":"https:\/\/mikkelvik.com\/de\/gourmet-dinner-fuer-zwei\/","og_site_name":"Mikkelvik Brygge, Nordlicht, Wale, Norwegen, Angelreise, Dorsch, Heilbutt","article_modified_time":"2026-01-30T10:07:36+00:00","twitter_card":"summary_large_image","twitter_misc":{"Gesch\u00e4tzte Lesezeit":"2\u00a0Minuten"},"schema":{"@context":"https:\/\/schema.org","@graph":[{"@type":"WebPage","@id":"https:\/\/mikkelvik.com\/de\/gourmet-dinner-fuer-zwei\/","url":"https:\/\/mikkelvik.com\/de\/gourmet-dinner-fuer-zwei\/","name":"FR\u00dcHST\u00dcCK &amp; ABENDESSEN - Mikkelvik Brygge, Nordlicht, Wale, Norwegen, Angelreise, Dorsch, Heilbutt","isPartOf":{"@id":"https:\/\/mikkelvik.com\/de\/#website"},"datePublished":"2022-11-01T12:58:45+00:00","dateModified":"2026-01-30T10:07:36+00:00","breadcrumb":{"@id":"https:\/\/mikkelvik.com\/de\/gourmet-dinner-fuer-zwei\/#breadcrumb"},"inLanguage":"de","potentialAction":[{"@type":"ReadAction","target":["https:\/\/mikkelvik.com\/de\/gourmet-dinner-fuer-zwei\/"]}]},{"@type":"BreadcrumbList","@id":"https:\/\/mikkelvik.com\/de\/gourmet-dinner-fuer-zwei\/#breadcrumb","itemListElement":[{"@type":"ListItem","position":1,"name":"Home","item":"https:\/\/mikkelvik.com\/de\/"},{"@type":"ListItem","position":2,"name":"FR\u00dcHST\u00dcCK &amp; ABENDESSEN"}]},{"@type":"WebSite","@id":"https:\/\/mikkelvik.com\/de\/#website","url":"https:\/\/mikkelvik.com\/de\/","name":"Mikkelvik Brygge, Nordlicht, Wale, Norwegen, Angelreise, Dorsch, Heilbutt","description":"Meeresangeln und Angelreisen nach Norwegen in komfortablem Ferienhaus mit Boot in der N\u00e4he von Troms\u00f8","potentialAction":[{"@type":"SearchAction","target":{"@type":"EntryPoint","urlTemplate":"https:\/\/mikkelvik.com\/de\/?s={search_term_string}"},"query-input":{"@type":"PropertyValueSpecification","valueRequired":true,"valueName":"search_term_string"}}],"inLanguage":"de"}]}},"_links":{"self":[{"href":"https:\/\/mikkelvik.com\/de\/wp-json\/wp\/v2\/pages\/9414","targetHints":{"allow":["GET"]}}],"collection":[{"href":"https:\/\/mikkelvik.com\/de\/wp-json\/wp\/v2\/pages"}],"about":[{"href":"https:\/\/mikkelvik.com\/de\/wp-json\/wp\/v2\/types\/page"}],"author":[{"embeddable":true,"href":"https:\/\/mikkelvik.com\/de\/wp-json\/wp\/v2\/users\/1"}],"replies":[{"embeddable":true,"href":"https:\/\/mikkelvik.com\/de\/wp-json\/wp\/v2\/comments?post=9414"}],"version-history":[{"count":6,"href":"https:\/\/mikkelvik.com\/de\/wp-json\/wp\/v2\/pages\/9414\/revisions"}],"predecessor-version":[{"id":10295,"href":"https:\/\/mikkelvik.com\/de\/wp-json\/wp\/v2\/pages\/9414\/revisions\/10295"}],"wp:attachment":[{"href":"https:\/\/mikkelvik.com\/de\/wp-json\/wp\/v2\/media?parent=9414"}],"curies":[{"name":"wp","href":"https:\/\/api.w.org\/{rel}","templated":true}]}}