{"id":9367,"date":"2022-11-01T12:31:23","date_gmt":"2022-11-01T11:31:23","guid":{"rendered":"https:\/\/mikkelvik.com\/?page_id=9367"},"modified":"2025-09-12T08:26:50","modified_gmt":"2025-09-12T06:26:50","slug":"rentier-adventure","status":"publish","type":"page","link":"https:\/\/mikkelvik.com\/de\/rentier-adventure\/","title":{"rendered":"RENTIER ADVENTURE"},"content":{"rendered":"<div class=\"row mfp-gallery mfp-gallery--misc\">\n<h1>Das ist eine wundersch\u00f6ne Tour in die Natur.<\/h1>\n<h3><em>Ihr werdet gemeinsam mit einem Sami (norwegische Ureinwohner) zu seiner Rentierherde fahren und dort die Gelegenheit bekommen, wilden Rentieren ganz nah zu sein.<br \/>\nIhr k\u00f6nnt sie f\u00fcttern und anfassen.<\/em><\/p>\n<p><em>Danach geht es in ein Lavvoo (samisches Zelt), in dem Ihr bei Lagerfeuer, Rentierbouillon und Chaga-Tee, Geschichten \u00fcber die Sami h\u00f6rt, selbst viele Fragen stellen k\u00f6nnt und mit einem Joik den wundersch\u00f6nen Ausflug ausklingen lasst.<br \/>\n<\/em><\/h3>\n<div>\n<p><strong>Dauer:<\/strong><br \/>\nca. 5-6 Stunden<\/p>\n<p><strong>ANZAHL TEILNEHMER:<\/strong><br \/>\nMaximal 6 Personen<\/p>\n<p><strong>KOSTEN:<\/strong><br \/>\n1.800 NOK pro Person<\/p>\n<p><strong>WAS IST INKLUSIVE:<\/strong><br \/>\nwarmer Anzug<br \/>\nF\u00e4hrkosten<br \/>\nGuide<br \/>\nSuppe und Tee<br \/>\ndigitale Fotos<\/p>\n<\/div>\n<\/div>\n","protected":false},"excerpt":{"rendered":"<p>Das ist eine wundersch\u00f6ne Tour in die Natur. Ihr werdet gemeinsam mit einem Sami (norwegische Ureinwohner) zu seiner Rentierherde fahren und dort die Gelegenheit bekommen, wilden Rentieren ganz nah zu sein. Ihr k\u00f6nnt sie f\u00fcttern und anfassen. Danach geht es in ein Lavvoo (samisches Zelt), in dem Ihr bei Lagerfeuer, Rentierbouillon und Chaga-Tee, Geschichten \u00fcber<\/p>\n","protected":false},"author":1,"featured_media":0,"parent":0,"menu_order":0,"comment_status":"closed","ping_status":"closed","template":"","meta":{"footnotes":"","_links_to":"","_links_to_target":""},"class_list":["post-9367","page","type-page","status-publish","hentry"],"yoast_head":"<!-- This site is optimized with the Yoast SEO plugin v27.2 - https:\/\/yoast.com\/product\/yoast-seo-wordpress\/ -->\n<title>RENTIER ADVENTURE - Mikkelvik Brygge, Nordlicht, Wale, Norwegen, Angelreise, Dorsch, Heilbutt<\/title>\n<meta name=\"robots\" content=\"index, follow, max-snippet:-1, max-image-preview:large, max-video-preview:-1\" \/>\n<link rel=\"canonical\" href=\"https:\/\/mikkelvik.com\/de\/rentier-adventure\/\" \/>\n<meta property=\"og:locale\" content=\"de_DE\" \/>\n<meta property=\"og:type\" content=\"article\" \/>\n<meta property=\"og:title\" content=\"RENTIER ADVENTURE - Mikkelvik Brygge, Nordlicht, Wale, Norwegen, Angelreise, Dorsch, Heilbutt\" \/>\n<meta property=\"og:description\" content=\"Das ist eine wundersch\u00f6ne Tour in die Natur. Ihr werdet gemeinsam mit einem Sami (norwegische Ureinwohner) zu seiner Rentierherde fahren und dort die Gelegenheit bekommen, wilden Rentieren ganz nah zu sein. Ihr k\u00f6nnt sie f\u00fcttern und anfassen. Danach geht es in ein Lavvoo (samisches Zelt), in dem Ihr bei Lagerfeuer, Rentierbouillon und Chaga-Tee, Geschichten \u00fcber\" \/>\n<meta property=\"og:url\" content=\"https:\/\/mikkelvik.com\/de\/rentier-adventure\/\" \/>\n<meta property=\"og:site_name\" content=\"Mikkelvik Brygge, Nordlicht, Wale, Norwegen, Angelreise, Dorsch, Heilbutt\" \/>\n<meta property=\"article:modified_time\" content=\"2025-09-12T06:26:50+00:00\" \/>\n<meta name=\"twitter:card\" content=\"summary_large_image\" \/>\n<meta name=\"twitter:label1\" content=\"Gesch\u00e4tzte Lesezeit\" \/>\n\t<meta name=\"twitter:data1\" content=\"1\u00a0Minute\" \/>\n<script type=\"application\/ld+json\" class=\"yoast-schema-graph\">{\"@context\":\"https:\/\/schema.org\",\"@graph\":[{\"@type\":\"WebPage\",\"@id\":\"https:\/\/mikkelvik.com\/de\/rentier-adventure\/\",\"url\":\"https:\/\/mikkelvik.com\/de\/rentier-adventure\/\",\"name\":\"RENTIER ADVENTURE - Mikkelvik Brygge, Nordlicht, Wale, Norwegen, Angelreise, Dorsch, Heilbutt\",\"isPartOf\":{\"@id\":\"https:\/\/mikkelvik.com\/de\/#website\"},\"datePublished\":\"2022-11-01T11:31:23+00:00\",\"dateModified\":\"2025-09-12T06:26:50+00:00\",\"breadcrumb\":{\"@id\":\"https:\/\/mikkelvik.com\/de\/rentier-adventure\/#breadcrumb\"},\"inLanguage\":\"de\",\"potentialAction\":[{\"@type\":\"ReadAction\",\"target\":[\"https:\/\/mikkelvik.com\/de\/rentier-adventure\/\"]}]},{\"@type\":\"BreadcrumbList\",\"@id\":\"https:\/\/mikkelvik.com\/de\/rentier-adventure\/#breadcrumb\",\"itemListElement\":[{\"@type\":\"ListItem\",\"position\":1,\"name\":\"Home\",\"item\":\"https:\/\/mikkelvik.com\/de\/\"},{\"@type\":\"ListItem\",\"position\":2,\"name\":\"RENTIER ADVENTURE\"}]},{\"@type\":\"WebSite\",\"@id\":\"https:\/\/mikkelvik.com\/de\/#website\",\"url\":\"https:\/\/mikkelvik.com\/de\/\",\"name\":\"Mikkelvik Brygge, Nordlicht, Wale, Norwegen, Angelreise, Dorsch, Heilbutt\",\"description\":\"Meeresangeln und Angelreisen nach Norwegen in komfortablem Ferienhaus mit Boot in der N\u00e4he von Troms\u00f8\",\"potentialAction\":[{\"@type\":\"SearchAction\",\"target\":{\"@type\":\"EntryPoint\",\"urlTemplate\":\"https:\/\/mikkelvik.com\/de\/?s={search_term_string}\"},\"query-input\":{\"@type\":\"PropertyValueSpecification\",\"valueRequired\":true,\"valueName\":\"search_term_string\"}}],\"inLanguage\":\"de\"}]}<\/script>\n<!-- \/ Yoast SEO plugin. -->","yoast_head_json":{"title":"RENTIER ADVENTURE - Mikkelvik Brygge, Nordlicht, Wale, Norwegen, Angelreise, Dorsch, Heilbutt","robots":{"index":"index","follow":"follow","max-snippet":"max-snippet:-1","max-image-preview":"max-image-preview:large","max-video-preview":"max-video-preview:-1"},"canonical":"https:\/\/mikkelvik.com\/de\/rentier-adventure\/","og_locale":"de_DE","og_type":"article","og_title":"RENTIER ADVENTURE - Mikkelvik Brygge, Nordlicht, Wale, Norwegen, Angelreise, Dorsch, Heilbutt","og_description":"Das ist eine wundersch\u00f6ne Tour in die Natur. Ihr werdet gemeinsam mit einem Sami (norwegische Ureinwohner) zu seiner Rentierherde fahren und dort die Gelegenheit bekommen, wilden Rentieren ganz nah zu sein. Ihr k\u00f6nnt sie f\u00fcttern und anfassen. Danach geht es in ein Lavvoo (samisches Zelt), in dem Ihr bei Lagerfeuer, Rentierbouillon und Chaga-Tee, Geschichten \u00fcber","og_url":"https:\/\/mikkelvik.com\/de\/rentier-adventure\/","og_site_name":"Mikkelvik Brygge, Nordlicht, Wale, Norwegen, Angelreise, Dorsch, Heilbutt","article_modified_time":"2025-09-12T06:26:50+00:00","twitter_card":"summary_large_image","twitter_misc":{"Gesch\u00e4tzte Lesezeit":"1\u00a0Minute"},"schema":{"@context":"https:\/\/schema.org","@graph":[{"@type":"WebPage","@id":"https:\/\/mikkelvik.com\/de\/rentier-adventure\/","url":"https:\/\/mikkelvik.com\/de\/rentier-adventure\/","name":"RENTIER ADVENTURE - Mikkelvik Brygge, Nordlicht, Wale, Norwegen, Angelreise, Dorsch, Heilbutt","isPartOf":{"@id":"https:\/\/mikkelvik.com\/de\/#website"},"datePublished":"2022-11-01T11:31:23+00:00","dateModified":"2025-09-12T06:26:50+00:00","breadcrumb":{"@id":"https:\/\/mikkelvik.com\/de\/rentier-adventure\/#breadcrumb"},"inLanguage":"de","potentialAction":[{"@type":"ReadAction","target":["https:\/\/mikkelvik.com\/de\/rentier-adventure\/"]}]},{"@type":"BreadcrumbList","@id":"https:\/\/mikkelvik.com\/de\/rentier-adventure\/#breadcrumb","itemListElement":[{"@type":"ListItem","position":1,"name":"Home","item":"https:\/\/mikkelvik.com\/de\/"},{"@type":"ListItem","position":2,"name":"RENTIER ADVENTURE"}]},{"@type":"WebSite","@id":"https:\/\/mikkelvik.com\/de\/#website","url":"https:\/\/mikkelvik.com\/de\/","name":"Mikkelvik Brygge, Nordlicht, Wale, Norwegen, Angelreise, Dorsch, Heilbutt","description":"Meeresangeln und Angelreisen nach Norwegen in komfortablem Ferienhaus mit Boot in der N\u00e4he von Troms\u00f8","potentialAction":[{"@type":"SearchAction","target":{"@type":"EntryPoint","urlTemplate":"https:\/\/mikkelvik.com\/de\/?s={search_term_string}"},"query-input":{"@type":"PropertyValueSpecification","valueRequired":true,"valueName":"search_term_string"}}],"inLanguage":"de"}]}},"_links":{"self":[{"href":"https:\/\/mikkelvik.com\/de\/wp-json\/wp\/v2\/pages\/9367","targetHints":{"allow":["GET"]}}],"collection":[{"href":"https:\/\/mikkelvik.com\/de\/wp-json\/wp\/v2\/pages"}],"about":[{"href":"https:\/\/mikkelvik.com\/de\/wp-json\/wp\/v2\/types\/page"}],"author":[{"embeddable":true,"href":"https:\/\/mikkelvik.com\/de\/wp-json\/wp\/v2\/users\/1"}],"replies":[{"embeddable":true,"href":"https:\/\/mikkelvik.com\/de\/wp-json\/wp\/v2\/comments?post=9367"}],"version-history":[{"count":5,"href":"https:\/\/mikkelvik.com\/de\/wp-json\/wp\/v2\/pages\/9367\/revisions"}],"predecessor-version":[{"id":10078,"href":"https:\/\/mikkelvik.com\/de\/wp-json\/wp\/v2\/pages\/9367\/revisions\/10078"}],"wp:attachment":[{"href":"https:\/\/mikkelvik.com\/de\/wp-json\/wp\/v2\/media?parent=9367"}],"curies":[{"name":"wp","href":"https:\/\/api.w.org\/{rel}","templated":true}]}}