{"id":260,"date":"2013-02-06T09:12:42","date_gmt":"2013-02-06T09:12:42","guid":{"rendered":"http:\/\/hogash-demo.com\/kallyas_wp\/?page_id=260"},"modified":"2023-06-12T09:47:23","modified_gmt":"2023-06-12T07:47:23","slug":"hochsee-boote","status":"publish","type":"page","link":"https:\/\/mikkelvik.com\/de\/mikkelvik-brygge\/hochsee-boote\/","title":{"rendered":"Hochsee-Boote"},"content":{"rendered":"<div class=\"container\">\n<div class=\"container\">\n<div class=\"row zn-row-0 \">\n<div class=\"span12\">\n<div class=\"row-fluid hg-portfolio-carousel\">\n<div class=\"span6\">\n<div class=\"ptcontent\">\n<h3 class=\"title\"><span class=\"name\">Unsere Kaasb\u00f8ll Boote <\/span><\/h3>\n<div class=\"pt-cat-desc\">\n<p><span class=\"VIiyi\" lang=\"de\"><span class=\"JLqJ4b ChMk0b\" data-language-for-alternatives=\"de\" data-language-to-translate-into=\"no\" data-phrase-index=\"2\">Unsere Kaasb\u00f8ll-Boote sind sehr stabil, extrem robust, funktional, unsinkbar und bieten somit die beste Grundlage f\u00fcr Angelboote.<\/span> <span class=\"JLqJ4b ChMk0b\" data-language-for-alternatives=\"de\" data-language-to-translate-into=\"no\" data-phrase-index=\"3\">Ausgestattet mit einem Dach sch\u00fctzen sie vor Regen oder Schnee.<\/span><\/span><\/p>\n<p><span class=\"VIiyi\" lang=\"de\"><span class=\"JLqJ4b ChMk0b\" data-language-for-alternatives=\"de\" data-language-to-translate-into=\"no\" data-phrase-index=\"5\">Sie sind mit Echoloten und Kartenplottern von Garmin, sowie den neuen Systemen von Lowrance (12 Zoll Lowrance HDS Live) ausgestattet.<\/span><\/span><\/p>\n<p><span class=\"VIiyi\" lang=\"de\"><span class=\"JLqJ4b ChMk0b\" data-language-for-alternatives=\"de\" data-language-to-translate-into=\"no\" data-phrase-index=\"7\">10 Rutenhalter sind fest angebracht.<\/span> <span class=\"JLqJ4b ChMk0b\" data-language-for-alternatives=\"de\" data-language-to-translate-into=\"no\" data-phrase-index=\"8\">5 sind auf dem Dach und 5 sind auf der R\u00fcckseite des Bootes.<\/span><br \/>\n<span class=\"JLqJ4b ChMk0b\" data-language-for-alternatives=\"de\" data-language-to-translate-into=\"no\" data-phrase-index=\"10\">Wir haben weitere Rutenhalter an der Vorderseite des Bootes installiert.<\/span><\/span><\/p>\n<p><span class=\"VIiyi\" lang=\"de\"><span class=\"JLqJ4b ChMk0b\" data-language-for-alternatives=\"de\" data-language-to-translate-into=\"no\" data-phrase-index=\"12\">Die Boote haben auch ein GPS-Signal, um sie zu lokalisieren.<\/span> <span class=\"JLqJ4b ChMk0b\" data-language-for-alternatives=\"de\" data-language-to-translate-into=\"no\" data-phrase-index=\"13\">Auf diese Weise kann das Boot im Notfall schnell gefunden und schnell Hilfe geleistet werden.<\/span><\/span><\/p>\n<p><span class=\"VIiyi\" lang=\"de\"><span class=\"JLqJ4b ChMk0b\" data-language-for-alternatives=\"de\" data-language-to-translate-into=\"no\" data-phrase-index=\"15\">Diese Boote sind f\u00fcr die Verwendung durch bis zu 8 Personen zugelassen.<\/span> <span class=\"JLqJ4b ChMk0b\" data-language-for-alternatives=\"de\" data-language-to-translate-into=\"no\" data-phrase-index=\"16\">Sie eignen sich zum Angeln f\u00fcr maximal 5 Personen.<\/span><\/span><\/p>\n<\/div>\n<\/div>\n<\/div>\n<\/div>\n<div class=\"row-fluid hg-portfolio-carousel\">\n<div class=\"span6\">\n<div class=\"ptcontent\">\n<h3 class=\"title\">Unsere Kaasb\u00f8ll Kabinen-Boote<\/h3>\n<div class=\"pt-cat-desc\">\n<p><span class=\"VIiyi\" lang=\"de\"><span class=\"JLqJ4b ChMk0b\" data-language-for-alternatives=\"de\" data-language-to-translate-into=\"no\" data-phrase-index=\"2\">Unsere Kabinenboote sind sehr gro\u00df, robust und sicher durch die Breite von 3m. Sie haben eine Kabine mit 4 Sitzen im Inneren. Es gibt eine Heizung, die mit Diesel betrieben wird. Dies ist besonders gem\u00fctlich im Fr\u00fchling und Herbst.<\/span><\/span><\/p>\n<p><span class=\"VIiyi\" lang=\"de\"><span class=\"JLqJ4b ChMk0b\" data-language-for-alternatives=\"de\" data-language-to-translate-into=\"no\" data-phrase-index=\"7\">Sie sind mit 12 Zoll Simrad NSX Echoloten und Kartenplottern ausgestattet. Dieses System bietet CHIRP-Sonar, die Unterst\u00fctzung von Active Imaging\u2122, StructureScan\u00ae 3D mit Active Imaging und das neu ActiveTarget\u2122 Live Sonar.<\/span> <\/span><\/p>\n<p><span class=\"VIiyi\" lang=\"de\"><span class=\"JLqJ4b ChMk0b\" data-language-for-alternatives=\"de\" data-language-to-translate-into=\"no\" data-phrase-index=\"9\">16 Rutenhalter sind angebracht. <\/span><\/span><\/p>\n<p><span class=\"VIiyi\" lang=\"de\"><span class=\"JLqJ4b ChMk0b\" data-language-for-alternatives=\"de\" data-language-to-translate-into=\"no\" data-phrase-index=\"14\">Die Boote haben auch ein GPS-Signal, um sie zu lokalisieren. Auf diese Weise kann das Boot im Notfall schnell gefunden und schnell Hilfe geleistet werden.<\/span><\/span><\/p>\n<p><span class=\"VIiyi\" lang=\"de\"><span class=\"JLqJ4b ChMk0b\" data-language-for-alternatives=\"de\" data-language-to-translate-into=\"no\" data-phrase-index=\"17\">Diese Boote sind f\u00fcr die Verwendung durch bis zu 8 Personen zugelassen. Sie eignen sich zum Angeln f\u00fcr 5 Personen.<\/span><\/span><\/p>\n<\/div>\n<p><!-- end item desc --><\/p>\n<div class=\"itemLinks\"><span class=\"seemore\">\u00a0<\/span><\/div>\n<p><!-- end item links --><\/p>\n<\/div>\n<p><!-- end item content --><\/p>\n<\/div>\n<div class=\"span6\">\n<div class=\"ptcarousel\"><\/div>\n<p><!-- end ptcarousel --><\/p>\n<\/div>\n<div class=\"span12\">\n<hr class=\"bs-docs-separator\" \/>\n<\/div>\n<\/div>\n<p><!-- end portfolio layout --------------------------------------------------------------------------------------------------><\/p>\n<\/div>\n<\/div>\n<\/div>\n<\/div>\n","protected":false},"excerpt":{"rendered":"<p>Unsere Kaasb\u00f8ll Boote Unsere Kaasb\u00f8ll-Boote sind sehr stabil, extrem robust, funktional, unsinkbar und bieten somit die beste Grundlage f\u00fcr Angelboote. Ausgestattet mit einem Dach sch\u00fctzen sie vor Regen oder Schnee. Sie sind mit Echoloten und Kartenplottern von Garmin, sowie den neuen Systemen von Lowrance (12 Zoll Lowrance HDS Live) ausgestattet. 10 Rutenhalter sind fest angebracht.<\/p>\n","protected":false},"author":1,"featured_media":0,"parent":1422,"menu_order":19,"comment_status":"closed","ping_status":"closed","template":"","meta":{"footnotes":"","_links_to":"","_links_to_target":""},"class_list":["post-260","page","type-page","status-publish","hentry"],"yoast_head":"<!-- This site is optimized with the Yoast SEO plugin v27.2 - https:\/\/yoast.com\/product\/yoast-seo-wordpress\/ -->\n<title>Hochsee-Boote - Mikkelvik Brygge, Nordlicht, Wale, Norwegen, Angelreise, Dorsch, Heilbutt<\/title>\n<meta name=\"robots\" content=\"index, follow, max-snippet:-1, max-image-preview:large, max-video-preview:-1\" \/>\n<link rel=\"canonical\" href=\"https:\/\/mikkelvik.com\/de\/mikkelvik-brygge\/hochsee-boote\/\" \/>\n<meta property=\"og:locale\" content=\"de_DE\" \/>\n<meta property=\"og:type\" content=\"article\" \/>\n<meta property=\"og:title\" content=\"Hochsee-Boote - Mikkelvik Brygge, Nordlicht, Wale, Norwegen, Angelreise, Dorsch, Heilbutt\" \/>\n<meta property=\"og:description\" content=\"Unsere Kaasb\u00f8ll Boote Unsere Kaasb\u00f8ll-Boote sind sehr stabil, extrem robust, funktional, unsinkbar und bieten somit die beste Grundlage f\u00fcr Angelboote. Ausgestattet mit einem Dach sch\u00fctzen sie vor Regen oder Schnee. Sie sind mit Echoloten und Kartenplottern von Garmin, sowie den neuen Systemen von Lowrance (12 Zoll Lowrance HDS Live) ausgestattet. 10 Rutenhalter sind fest angebracht.\" \/>\n<meta property=\"og:url\" content=\"https:\/\/mikkelvik.com\/de\/mikkelvik-brygge\/hochsee-boote\/\" \/>\n<meta property=\"og:site_name\" content=\"Mikkelvik Brygge, Nordlicht, Wale, Norwegen, Angelreise, Dorsch, Heilbutt\" \/>\n<meta property=\"article:modified_time\" content=\"2023-06-12T07:47:23+00:00\" \/>\n<meta name=\"twitter:card\" content=\"summary_large_image\" \/>\n<meta name=\"twitter:label1\" content=\"Gesch\u00e4tzte Lesezeit\" \/>\n\t<meta name=\"twitter:data1\" content=\"2\u00a0Minuten\" \/>\n<script type=\"application\/ld+json\" class=\"yoast-schema-graph\">{\"@context\":\"https:\/\/schema.org\",\"@graph\":[{\"@type\":\"WebPage\",\"@id\":\"https:\/\/mikkelvik.com\/de\/mikkelvik-brygge\/hochsee-boote\/\",\"url\":\"https:\/\/mikkelvik.com\/de\/mikkelvik-brygge\/hochsee-boote\/\",\"name\":\"Hochsee-Boote - Mikkelvik Brygge, Nordlicht, Wale, Norwegen, Angelreise, Dorsch, Heilbutt\",\"isPartOf\":{\"@id\":\"https:\/\/mikkelvik.com\/de\/#website\"},\"datePublished\":\"2013-02-06T09:12:42+00:00\",\"dateModified\":\"2023-06-12T07:47:23+00:00\",\"breadcrumb\":{\"@id\":\"https:\/\/mikkelvik.com\/de\/mikkelvik-brygge\/hochsee-boote\/#breadcrumb\"},\"inLanguage\":\"de\",\"potentialAction\":[{\"@type\":\"ReadAction\",\"target\":[\"https:\/\/mikkelvik.com\/de\/mikkelvik-brygge\/hochsee-boote\/\"]}]},{\"@type\":\"BreadcrumbList\",\"@id\":\"https:\/\/mikkelvik.com\/de\/mikkelvik-brygge\/hochsee-boote\/#breadcrumb\",\"itemListElement\":[{\"@type\":\"ListItem\",\"position\":1,\"name\":\"Home\",\"item\":\"https:\/\/mikkelvik.com\/de\/\"},{\"@type\":\"ListItem\",\"position\":2,\"name\":\"MIKKELVIK BRYGGE\",\"item\":\"https:\/\/mikkelvik.com\/de\/mikkelvik-brygge\/\"},{\"@type\":\"ListItem\",\"position\":3,\"name\":\"Hochsee-Boote\"}]},{\"@type\":\"WebSite\",\"@id\":\"https:\/\/mikkelvik.com\/de\/#website\",\"url\":\"https:\/\/mikkelvik.com\/de\/\",\"name\":\"Mikkelvik Brygge, Nordlicht, Wale, Norwegen, Angelreise, Dorsch, Heilbutt\",\"description\":\"Meeresangeln und Angelreisen nach Norwegen in komfortablem Ferienhaus mit Boot in der N\u00e4he von Troms\u00f8\",\"potentialAction\":[{\"@type\":\"SearchAction\",\"target\":{\"@type\":\"EntryPoint\",\"urlTemplate\":\"https:\/\/mikkelvik.com\/de\/?s={search_term_string}\"},\"query-input\":{\"@type\":\"PropertyValueSpecification\",\"valueRequired\":true,\"valueName\":\"search_term_string\"}}],\"inLanguage\":\"de\"}]}<\/script>\n<!-- \/ Yoast SEO plugin. -->","yoast_head_json":{"title":"Hochsee-Boote - Mikkelvik Brygge, Nordlicht, Wale, Norwegen, Angelreise, Dorsch, Heilbutt","robots":{"index":"index","follow":"follow","max-snippet":"max-snippet:-1","max-image-preview":"max-image-preview:large","max-video-preview":"max-video-preview:-1"},"canonical":"https:\/\/mikkelvik.com\/de\/mikkelvik-brygge\/hochsee-boote\/","og_locale":"de_DE","og_type":"article","og_title":"Hochsee-Boote - Mikkelvik Brygge, Nordlicht, Wale, Norwegen, Angelreise, Dorsch, Heilbutt","og_description":"Unsere Kaasb\u00f8ll Boote Unsere Kaasb\u00f8ll-Boote sind sehr stabil, extrem robust, funktional, unsinkbar und bieten somit die beste Grundlage f\u00fcr Angelboote. Ausgestattet mit einem Dach sch\u00fctzen sie vor Regen oder Schnee. Sie sind mit Echoloten und Kartenplottern von Garmin, sowie den neuen Systemen von Lowrance (12 Zoll Lowrance HDS Live) ausgestattet. 10 Rutenhalter sind fest angebracht.","og_url":"https:\/\/mikkelvik.com\/de\/mikkelvik-brygge\/hochsee-boote\/","og_site_name":"Mikkelvik Brygge, Nordlicht, Wale, Norwegen, Angelreise, Dorsch, Heilbutt","article_modified_time":"2023-06-12T07:47:23+00:00","twitter_card":"summary_large_image","twitter_misc":{"Gesch\u00e4tzte Lesezeit":"2\u00a0Minuten"},"schema":{"@context":"https:\/\/schema.org","@graph":[{"@type":"WebPage","@id":"https:\/\/mikkelvik.com\/de\/mikkelvik-brygge\/hochsee-boote\/","url":"https:\/\/mikkelvik.com\/de\/mikkelvik-brygge\/hochsee-boote\/","name":"Hochsee-Boote - Mikkelvik Brygge, Nordlicht, Wale, Norwegen, Angelreise, Dorsch, Heilbutt","isPartOf":{"@id":"https:\/\/mikkelvik.com\/de\/#website"},"datePublished":"2013-02-06T09:12:42+00:00","dateModified":"2023-06-12T07:47:23+00:00","breadcrumb":{"@id":"https:\/\/mikkelvik.com\/de\/mikkelvik-brygge\/hochsee-boote\/#breadcrumb"},"inLanguage":"de","potentialAction":[{"@type":"ReadAction","target":["https:\/\/mikkelvik.com\/de\/mikkelvik-brygge\/hochsee-boote\/"]}]},{"@type":"BreadcrumbList","@id":"https:\/\/mikkelvik.com\/de\/mikkelvik-brygge\/hochsee-boote\/#breadcrumb","itemListElement":[{"@type":"ListItem","position":1,"name":"Home","item":"https:\/\/mikkelvik.com\/de\/"},{"@type":"ListItem","position":2,"name":"MIKKELVIK BRYGGE","item":"https:\/\/mikkelvik.com\/de\/mikkelvik-brygge\/"},{"@type":"ListItem","position":3,"name":"Hochsee-Boote"}]},{"@type":"WebSite","@id":"https:\/\/mikkelvik.com\/de\/#website","url":"https:\/\/mikkelvik.com\/de\/","name":"Mikkelvik Brygge, Nordlicht, Wale, Norwegen, Angelreise, Dorsch, Heilbutt","description":"Meeresangeln und Angelreisen nach Norwegen in komfortablem Ferienhaus mit Boot in der N\u00e4he von Troms\u00f8","potentialAction":[{"@type":"SearchAction","target":{"@type":"EntryPoint","urlTemplate":"https:\/\/mikkelvik.com\/de\/?s={search_term_string}"},"query-input":{"@type":"PropertyValueSpecification","valueRequired":true,"valueName":"search_term_string"}}],"inLanguage":"de"}]}},"_links":{"self":[{"href":"https:\/\/mikkelvik.com\/de\/wp-json\/wp\/v2\/pages\/260","targetHints":{"allow":["GET"]}}],"collection":[{"href":"https:\/\/mikkelvik.com\/de\/wp-json\/wp\/v2\/pages"}],"about":[{"href":"https:\/\/mikkelvik.com\/de\/wp-json\/wp\/v2\/types\/page"}],"author":[{"embeddable":true,"href":"https:\/\/mikkelvik.com\/de\/wp-json\/wp\/v2\/users\/1"}],"replies":[{"embeddable":true,"href":"https:\/\/mikkelvik.com\/de\/wp-json\/wp\/v2\/comments?post=260"}],"version-history":[{"count":6,"href":"https:\/\/mikkelvik.com\/de\/wp-json\/wp\/v2\/pages\/260\/revisions"}],"predecessor-version":[{"id":9557,"href":"https:\/\/mikkelvik.com\/de\/wp-json\/wp\/v2\/pages\/260\/revisions\/9557"}],"up":[{"embeddable":true,"href":"https:\/\/mikkelvik.com\/de\/wp-json\/wp\/v2\/pages\/1422"}],"wp:attachment":[{"href":"https:\/\/mikkelvik.com\/de\/wp-json\/wp\/v2\/media?parent=260"}],"curies":[{"name":"wp","href":"https:\/\/api.w.org\/{rel}","templated":true}]}}