{"id":2367,"date":"2015-08-13T11:22:04","date_gmt":"2015-08-13T09:22:04","guid":{"rendered":"https:\/\/mikkelvik.com\/?page_id=2367"},"modified":"2023-10-25T08:54:13","modified_gmt":"2023-10-25T06:54:13","slug":"preise_eur","status":"publish","type":"page","link":"https:\/\/mikkelvik.com\/de\/preise_eur\/","title":{"rendered":"PREISE_EUR"},"content":{"rendered":"<h1>Die <strong>Euro-Preisliste<\/strong> f\u00fcr Meeresangeln in <strong>Mikkelvik<\/strong>, Nord-Norwegen<\/h1>\n<h2><em>Du m\u00f6chtest gern wissen, zu welchem EUR-Preis Du 2020 bei uns buchen kannst? Hier haben wir alle Saisonpreise aufgelistet, die wir Dir derzeit anbieten k\u00f6nnen. Unser Referenzkurs liegt bei 9,0.<\/em><\/h2>\n<h3>Preis\u00fcbersicht f\u00fcr die <strong>Appartements mit 4 Personen<\/strong><\/h3>\n<div class=\"row pricing_table yes no\">\n<div class=\"col-sm-3\"><div class=\"pr_table_col caption_column\" data-color=\"red\"><div class=\"tb_header\">Specials<\/div>\n<ul class=\"tb_content\">\n<li>Maximalbelegung<\/li>\n<li>Schlafzimmer<\/li>\n<li>Fr\u00fchjahr<\/li>\n<li>Sommer<\/li>\n<li>Herbst\/Winter<\/li>\n<li>Inklusivleistungen<\/li>\n<li>Transfer Hin\/R\u00fcck 4 Pers.<\/li>\n<li>Boot Kaasb\u00f8ll 760, 150PS<\/li>\n<\/ul>\n<\/div><!-- end pricing table column --><\/div>\n<div class=\"col-sm-3\"><div class=\"pr_table_col \" data-color=\"red\"><div class=\"tb_header\"><h4 class=\"ttitle kl-font-alt\">Hauptsaison<\/h4><div class=\"price kl-font-alt\"><p>| 2.176 |<span>EUR pro Woche<\/span><\/p><\/div><\/div>\n<ul class=\"tb_content\">\n<li>4 Personen<\/li>\n<li>3 mit 4 Einzelbetten<\/li>\n<li>01.06. &#8211; 10.07.20<\/li>\n<li>&#8211;<\/li>\n<li>&#8211;<\/li>\n<li>Endreinigung, Bettwasche, Handt\u00fccher<\/li>\n<li>ab EUR 555<\/li>\n<li>ab EUR 1.271<\/li>\n<\/ul>\n<div class=\"signin\"><a class=\"btn\" target=\"_self\" href=\"https:\/\/mikkelvik.com\/preise\/\">Preis in NOK<\/a><\/div><\/div><!-- end pricing table column --><\/div>\n<div class=\"col-sm-3\"><div class=\"pr_table_col \" data-color=\"red\"><div class=\"tb_header\"><h4 class=\"ttitle kl-font-alt\">Nebensaison<\/h4><div class=\"price kl-font-alt\"><p>| 1.996 |<span>EUR pro Woche<\/span><\/p><\/div><\/div>\n<ul class=\"tb_content\">\n<li>4 Personen<\/li>\n<li>3 mit 4 Einzelbetten<\/li>\n<li>&#8211;<\/li>\n<li>11.07. &#8211; 15.08.20<\/li>\n<li>&#8211;<\/li>\n<li>Endreinigung, Bettwasche, Handt\u00fccher<\/li>\n<li>ab EUR 555<\/li>\n<li>ab EUR 1.155<\/li>\n<\/ul>\n<div class=\"signin\"><a class=\"btn\" target=\"_self\" href=\"https:\/\/mikkelvik.com\/preise\/\">Preis in NOK<\/a><\/div><\/div><!-- end pricing table column --><\/div>\n<div class=\"col-sm-3\"><div class=\"pr_table_col \" data-color=\"red\"><div class=\"tb_header\"><h4 class=\"ttitle kl-font-alt\">Nachsaison<\/h4><div class=\"price kl-font-alt\"><p>| 1.727 |<span>EUR pro Woche<\/span><\/p><\/div><\/div>\n<ul class=\"tb_content\">\n<li>4 Personen<\/li>\n<li>3 mit 4 Einzelbetten<\/li>\n<li>&#8211;<\/li>\n<li>&#8211;<\/li>\n<li>z.B. 16.08. &#8211; 30.09.20<\/li>\n<li>Endreinigung, Bettwasche, Handt\u00fccher<\/li>\n<li>ab EUR 555<\/li>\n<li>ab EUR 982<\/li>\n<\/ul>\n<div class=\"signin\"><a class=\"btn\" target=\"_self\" href=\"https:\/\/mikkelvik.com\/preise\/\">Preis in NOK<\/a><\/div><\/div><!-- end pricing table column --><\/div>\n<\/div>\n<h3>Preis\u00fcbersicht f\u00fcr die <strong>Appartements mit 4+1 Personen<\/strong><\/h3>\n<div class=\"row pricing_table yes no\">\n<div class=\"col-sm-3\"><div class=\"pr_table_col caption_column\" data-color=\"red\"><div class=\"tb_header\">Specials<\/div>\n<ul class=\"tb_content\">\n<li>Maximalbelegung<\/li>\n<li>Schlafzimmer<\/li>\n<li>Fr\u00fchjahr<\/li>\n<li>Sommer<\/li>\n<li>Herbst\/Winter<\/li>\n<li>Inklusivleistungen<\/li>\n<li>Transfer Hin\/R\u00fcck 5 Pers.<\/li>\n<li>Boot Kaasb\u00f8ll 760, 150PS<\/li>\n<\/ul>\n<\/div><!-- end pricing table column --><\/div>\n<div class=\"col-sm-3\"><div class=\"pr_table_col \" data-color=\"red\"><div class=\"tb_header\"><h4 class=\"ttitle kl-font-alt\">Hauptsaison<\/h4><div class=\"price kl-font-alt\"><p>| 2.353 |<span>EUR pro Woche<\/span><\/p><\/div><\/div>\n<ul class=\"tb_content\">\n<li>5 Personen (inkl. Aufbettung)<\/li>\n<li>3 mit 5 Einzelbetten<\/li>\n<li>01.06. &#8211; 10.07.20<\/li>\n<li>&#8211;<\/li>\n<li>&#8211;<\/li>\n<li>Endreinigung, Bettwasche, Handt\u00fccher<\/li>\n<li>ab EUR 644<\/li>\n<li>ab EUR 1.271<\/li>\n<\/ul>\n<div class=\"signin\"><a class=\"btn\" target=\"_self\" href=\"https:\/\/mikkelvik.com\/preise\/\">Preis in NOK<\/a><\/div><\/div><!-- end pricing table column --><\/div>\n<div class=\"col-sm-3\"><div class=\"pr_table_col \" data-color=\"red\"><div class=\"tb_header\"><h4 class=\"ttitle kl-font-alt\">Nebensaison<\/h4><div class=\"price kl-font-alt\"><p>| 2.157 |<span>EUR pro Woche<\/span><\/p><\/div><\/div>\n<ul class=\"tb_content\">\n<li>5 Personen (inkl. Aufbettung)<\/li>\n<li>3 mit 5 Einzelbetten<\/li>\n<li>&#8211;<\/li>\n<li>11.07. &#8211; 15.08.20<\/li>\n<li>&#8211;<\/li>\n<li>Endreinigung, Bettwasche, Handt\u00fccher<\/li>\n<li>ab EUR 644<\/li>\n<li>ab EUR 1.150<\/li>\n<\/ul>\n<div class=\"signin\"><a class=\"btn\" target=\"_self\" href=\"https:\/\/mikkelvik.com\/preise\/\">Preis in NOK<\/a><\/div><\/div><!-- end pricing table column --><\/div>\n<div class=\"col-sm-3\"><div class=\"pr_table_col \" data-color=\"red\"><div class=\"tb_header\"><h4 class=\"ttitle kl-font-alt\">Nachsaison<\/h4><div class=\"price kl-font-alt\"><p>| 1.863 |<span>EUR pro Woche<\/span><\/p><\/div><\/div>\n<ul class=\"tb_content\">\n<li>5 Personen (inkl. Aufbettung)<\/li>\n<li>3 mit 5 Einzelbetten<\/li>\n<li>&#8211;<\/li>\n<li>&#8211;<\/li>\n<li>z.B. 16.08. &#8211; 30.09.20<\/li>\n<li>Endreinigung, Bettwasche, Handt\u00fccher<\/li>\n<li>ab EUR 644<\/li>\n<li>ab EUR 982<\/li>\n<\/ul>\n<div class=\"signin\"><a class=\"btn\" target=\"_self\" href=\"https:\/\/mikkelvik.com\/preise\/\">Preis in NOK<\/a><\/div><\/div><!-- end pricing table column --><\/div>\n<\/div>\n___________________________________________________________________________<\/p>\n<h3>Preis\u00fcbersicht f\u00fcr die <strong>Ferienh\u00e4user mit 9 Personen<\/strong><\/h3>\n<div class=\"row pricing_table yes no\">\n<div class=\"col-sm-3\"><div class=\"pr_table_col caption_column\" data-color=\"blue\"><div class=\"tb_header\">Specials<\/div>\n<ul class=\"tb_content\">\n<li>Maximalbelegung<\/li>\n<li>Schlafzimmer<\/li>\n<li>Fr\u00fchjahr<\/li>\n<li>Sommer<\/li>\n<li>Herbst\/Winter<\/li>\n<li>Inklusivleistungen<\/li>\n<li>Transfer Hin\/R\u00fcck 9 Pers.<\/li>\n<li>2 Boote Kaasb\u00f8ll 760, 150PS<\/li>\n<\/ul>\n<\/div><!-- end pricing table column --><\/div>\n<div class=\"col-sm-3\"><div class=\"pr_table_col \" data-color=\"blue\"><div class=\"tb_header\"><h4 class=\"ttitle kl-font-alt\">Hauptsaison<\/h4><div class=\"price kl-font-alt\"><p>|3.723 |<span>EUR pro Woche<\/span><\/p><\/div><\/div>\n<ul class=\"tb_content\">\n<li>9 Personen<\/li>\n<li>8 mit 9 Einzelbetten<\/li>\n<li>01.06. &#8211; 10.07.20<\/li>\n<li>&#8211;<\/li>\n<li>&#8211;<\/li>\n<li>Endreinigung, Bettwasche, Handt\u00fccher<\/li>\n<li>ab EUR 1.000<\/li>\n<li>ab EUR 2.542<\/li>\n<\/ul>\n<div class=\"signin\"><a class=\"btn\" target=\"_self\" href=\"https:\/\/mikkelvik.com\/preise\/\">Preis in NOK<\/a><\/div><\/div><!-- end pricing table column --><\/div>\n<div class=\"col-sm-3\"><div class=\"pr_table_col \" data-color=\"blue\"><div class=\"tb_header\"><h4 class=\"ttitle kl-font-alt\">Nebensaison<\/h4><div class=\"price kl-font-alt\"><p>| 3.439 |<span>EUR pro Woche<\/span><\/p><\/div><\/div>\n<ul class=\"tb_content\">\n<li>9 Personen<\/li>\n<li>8 mit 9 Einzelbetten<\/li>\n<li>&#8211;<\/li>\n<li>11.07. &#8211; 15.08.20<\/li>\n<li>&#8211;<\/li>\n<li>Endreinigung, Bettwasche, Handt\u00fccher<\/li>\n<li>ab EUR 1.000<\/li>\n<li>ab EUR 2.310<\/li>\n<\/ul>\n<div class=\"signin\"><a class=\"btn\" target=\"_self\" href=\"https:\/\/mikkelvik.com\/preise\/\">Preis in NOK<\/a><\/div><\/div><!-- end pricing table column --><\/div>\n<div class=\"col-sm-3\"><div class=\"pr_table_col \" data-color=\"blue\"><div class=\"tb_header\"><h4 class=\"ttitle kl-font-alt\">Nachsaison<\/h4><div class=\"price kl-font-alt\"><p>| 3.013 |<span>EUR pro Woche<\/span><\/p><\/div><\/div>\n<ul class=\"tb_content\">\n<li>9 Personen<\/li>\n<li>8 mit 9 Einzelbetten<\/li>\n<li>&#8211;<\/li>\n<li>&#8211;<\/li>\n<li>z.B. 16.08. &#8211; 30.09.20<\/li>\n<li>Endreinigung, Bettwasche, Handt\u00fccher<\/li>\n<li>ab EUR 1.000<\/li>\n<li>ab EUR 1.963<\/li>\n<\/ul>\n<div class=\"signin\"><a class=\"btn\" target=\"_self\" href=\"https:\/\/mikkelvik.com\/preise\/\">Preis in NOK<\/a><\/div><\/div><!-- end pricing table column --><\/div>\n<\/div>\n<h3>Preis\u00fcbersicht f\u00fcr die <strong>Ferienh\u00e4user mit 9+1 Personen<\/strong><\/h3>\n<div class=\"row pricing_table yes no\">\n<div class=\"col-sm-3\"><div class=\"pr_table_col caption_column\" data-color=\"blue\"><div class=\"tb_header\">Specials<\/div>\n<ul class=\"tb_content\">\n<li>Maximalbelegung<\/li>\n<li>Schlafzimmer<\/li>\n<li>Fr\u00fchjahr<\/li>\n<li>Sommer<\/li>\n<li>Herbst\/Winter<\/li>\n<li>Inklusivleistungen<\/li>\n<li>Transfer Hin\/R\u00fcck 10 Pers.<\/li>\n<li>2 Boote Kaasb\u00f8ll 760, 150PS<\/li>\n<\/ul>\n<\/div><!-- end pricing table column --><\/div>\n<div class=\"col-sm-3\"><div class=\"pr_table_col \" data-color=\"blue\"><div class=\"tb_header\"><h4 class=\"ttitle kl-font-alt\">Hauptsaison<\/h4><div class=\"price kl-font-alt\"><p>| 3.812 |<span>EUR pro Woche<\/span><\/p><\/div><\/div>\n<ul class=\"tb_content\">\n<li>10 Personen (inkl. Aufbettung)<\/li>\n<li>8 mit 10 Einzelbetten<\/li>\n<li>01.06. &#8211; 10.07.20<\/li>\n<li>&#8211;<\/li>\n<li>&#8211;<\/li>\n<li>Endreinigung, Bettwasche, Handt\u00fccher<\/li>\n<li>ab EUR 1.089<\/li>\n<li>ab EUR 2.542<\/li>\n<\/ul>\n<div class=\"signin\"><a class=\"btn\" target=\"_self\" href=\"https:\/\/mikkelvik.com\/preise\/\">Preis in NOK<\/a><\/div><\/div><!-- end pricing table column --><\/div>\n<div class=\"col-sm-3\"><div class=\"pr_table_col \" data-color=\"blue\"><div class=\"tb_header\"><h4 class=\"ttitle kl-font-alt\">Nebensaison<\/h4><div class=\"price kl-font-alt\"><p>| 3.528|<span>EUR pro Woche<\/span><\/p><\/div><\/div>\n<ul class=\"tb_content\">\n<li>10 Personen (inkl. Aufbettung)<\/li>\n<li>8 mit 10 Einzelbetten<\/li>\n<li>&#8211;<\/li>\n<li>z.B. 11.07. &#8211; 15.08.20<\/li>\n<li>&#8211;<\/li>\n<li>Endreinigung, Bettwasche, Handt\u00fccher<\/li>\n<li>ab EUR 1.089<\/li>\n<li>ab EUR 2.310<\/li>\n<\/ul>\n<div class=\"signin\"><a class=\"btn\" target=\"_self\" href=\"https:\/\/mikkelvik.com\/preise\/\">Preis in NOK<\/a><\/div><\/div><!-- end pricing table column --><\/div>\n<div class=\"col-sm-3\"><div class=\"pr_table_col \" data-color=\"blue\"><div class=\"tb_header\"><h4 class=\"ttitle kl-font-alt\">Nachsaison<\/h4><div class=\"price kl-font-alt\"><p>| 3.102 |<span>EUR pro Woche<\/span><\/p><\/div><\/div>\n<ul class=\"tb_content\">\n<li>10 Personen (inkl. Aufbettung)<\/li>\n<li>8 mit 10 Einzelbetten<\/li>\n<li>&#8211;<\/li>\n<li>&#8211;<\/li>\n<li>z.B. 16.08. &#8211; 30.09.20<\/li>\n<li>Endreinigung, Bettwasche, Handt\u00fccher<\/li>\n<li>ab EUR 1.089<\/li>\n<li>ab EUR 1.963<\/li>\n<\/ul>\n<div class=\"signin\"><a class=\"btn\" target=\"_self\" href=\"https:\/\/mikkelvik.com\/preise\/\">Preis in NOK<\/a><\/div><\/div><!-- end pricing table column --><\/div>\n<\/div>\n<p>Weitere Preisvarianten auf Anfrage. Bei den angegebenen Preisen handelt es sich um Preisangaben inkl. gesetzlicher Mehrwert-Steuern. Die Transfer-Preise beziehen sich auf den Hin- und R\u00fccktransport vom und zum Flughafen in Troms\u00f8. Nicht inbegriffen sind Verpflegungskosten w\u00e4hrend des Aufenthalts sowie die Benzinkosten f\u00fcr die Nutzung der Boote. F\u00fcr die Nutzungsdauer der Boote wird eine Kaution erhoben.<\/p>\n","protected":false},"excerpt":{"rendered":"<p>Die Euro-Preisliste f\u00fcr Meeresangeln in Mikkelvik, Nord-Norwegen Du m\u00f6chtest gern wissen, zu welchem EUR-Preis Du 2020 bei uns buchen kannst? Hier haben wir alle Saisonpreise aufgelistet, die wir Dir derzeit anbieten k\u00f6nnen. Unser Referenzkurs liegt bei 9,0. Preis\u00fcbersicht f\u00fcr die Appartements mit 4 Personen Preis\u00fcbersicht f\u00fcr die Appartements mit 4+1 Personen ___________________________________________________________________________ Preis\u00fcbersicht f\u00fcr die<\/p>\n","protected":false},"author":1,"featured_media":0,"parent":0,"menu_order":109,"comment_status":"closed","ping_status":"open","template":"","meta":{"footnotes":"","_links_to":"","_links_to_target":""},"class_list":["post-2367","page","type-page","status-publish","hentry"],"yoast_head":"<!-- This site is optimized with the Yoast SEO plugin v27.2 - https:\/\/yoast.com\/product\/yoast-seo-wordpress\/ -->\n<title>PREISE_EUR - Mikkelvik Brygge, Nordlicht, Wale, Norwegen, Angelreise, Dorsch, Heilbutt<\/title>\n<meta name=\"robots\" content=\"index, follow, max-snippet:-1, max-image-preview:large, max-video-preview:-1\" \/>\n<link rel=\"canonical\" href=\"https:\/\/mikkelvik.com\/de\/preise_eur\/\" \/>\n<meta property=\"og:locale\" content=\"de_DE\" \/>\n<meta property=\"og:type\" content=\"article\" \/>\n<meta property=\"og:title\" content=\"PREISE_EUR - Mikkelvik Brygge, Nordlicht, Wale, Norwegen, Angelreise, Dorsch, Heilbutt\" \/>\n<meta property=\"og:description\" content=\"Die Euro-Preisliste f\u00fcr Meeresangeln in Mikkelvik, Nord-Norwegen Du m\u00f6chtest gern wissen, zu welchem EUR-Preis Du 2020 bei uns buchen kannst? Hier haben wir alle Saisonpreise aufgelistet, die wir Dir derzeit anbieten k\u00f6nnen. Unser Referenzkurs liegt bei 9,0. Preis\u00fcbersicht f\u00fcr die Appartements mit 4 Personen Preis\u00fcbersicht f\u00fcr die Appartements mit 4+1 Personen ___________________________________________________________________________ Preis\u00fcbersicht f\u00fcr die\" \/>\n<meta property=\"og:url\" content=\"https:\/\/mikkelvik.com\/de\/preise_eur\/\" \/>\n<meta property=\"og:site_name\" content=\"Mikkelvik Brygge, Nordlicht, Wale, Norwegen, Angelreise, Dorsch, Heilbutt\" \/>\n<meta property=\"article:modified_time\" content=\"2023-10-25T06:54:13+00:00\" \/>\n<meta name=\"twitter:card\" content=\"summary_large_image\" \/>\n<meta name=\"twitter:label1\" content=\"Gesch\u00e4tzte Lesezeit\" \/>\n\t<meta name=\"twitter:data1\" content=\"4\u00a0Minuten\" \/>\n<script type=\"application\/ld+json\" class=\"yoast-schema-graph\">{\"@context\":\"https:\/\/schema.org\",\"@graph\":[{\"@type\":\"WebPage\",\"@id\":\"https:\/\/mikkelvik.com\/de\/preise_eur\/\",\"url\":\"https:\/\/mikkelvik.com\/de\/preise_eur\/\",\"name\":\"PREISE_EUR - Mikkelvik Brygge, Nordlicht, Wale, Norwegen, Angelreise, Dorsch, Heilbutt\",\"isPartOf\":{\"@id\":\"https:\/\/mikkelvik.com\/de\/#website\"},\"datePublished\":\"2015-08-13T09:22:04+00:00\",\"dateModified\":\"2023-10-25T06:54:13+00:00\",\"breadcrumb\":{\"@id\":\"https:\/\/mikkelvik.com\/de\/preise_eur\/#breadcrumb\"},\"inLanguage\":\"de\",\"potentialAction\":[{\"@type\":\"ReadAction\",\"target\":[\"https:\/\/mikkelvik.com\/de\/preise_eur\/\"]}]},{\"@type\":\"BreadcrumbList\",\"@id\":\"https:\/\/mikkelvik.com\/de\/preise_eur\/#breadcrumb\",\"itemListElement\":[{\"@type\":\"ListItem\",\"position\":1,\"name\":\"Home\",\"item\":\"https:\/\/mikkelvik.com\/de\/\"},{\"@type\":\"ListItem\",\"position\":2,\"name\":\"PREISE_EUR\"}]},{\"@type\":\"WebSite\",\"@id\":\"https:\/\/mikkelvik.com\/de\/#website\",\"url\":\"https:\/\/mikkelvik.com\/de\/\",\"name\":\"Mikkelvik Brygge, Nordlicht, Wale, Norwegen, Angelreise, Dorsch, Heilbutt\",\"description\":\"Meeresangeln und Angelreisen nach Norwegen in komfortablem Ferienhaus mit Boot in der N\u00e4he von Troms\u00f8\",\"potentialAction\":[{\"@type\":\"SearchAction\",\"target\":{\"@type\":\"EntryPoint\",\"urlTemplate\":\"https:\/\/mikkelvik.com\/de\/?s={search_term_string}\"},\"query-input\":{\"@type\":\"PropertyValueSpecification\",\"valueRequired\":true,\"valueName\":\"search_term_string\"}}],\"inLanguage\":\"de\"}]}<\/script>\n<!-- \/ Yoast SEO plugin. -->","yoast_head_json":{"title":"PREISE_EUR - Mikkelvik Brygge, Nordlicht, Wale, Norwegen, Angelreise, Dorsch, Heilbutt","robots":{"index":"index","follow":"follow","max-snippet":"max-snippet:-1","max-image-preview":"max-image-preview:large","max-video-preview":"max-video-preview:-1"},"canonical":"https:\/\/mikkelvik.com\/de\/preise_eur\/","og_locale":"de_DE","og_type":"article","og_title":"PREISE_EUR - Mikkelvik Brygge, Nordlicht, Wale, Norwegen, Angelreise, Dorsch, Heilbutt","og_description":"Die Euro-Preisliste f\u00fcr Meeresangeln in Mikkelvik, Nord-Norwegen Du m\u00f6chtest gern wissen, zu welchem EUR-Preis Du 2020 bei uns buchen kannst? Hier haben wir alle Saisonpreise aufgelistet, die wir Dir derzeit anbieten k\u00f6nnen. Unser Referenzkurs liegt bei 9,0. Preis\u00fcbersicht f\u00fcr die Appartements mit 4 Personen Preis\u00fcbersicht f\u00fcr die Appartements mit 4+1 Personen ___________________________________________________________________________ Preis\u00fcbersicht f\u00fcr die","og_url":"https:\/\/mikkelvik.com\/de\/preise_eur\/","og_site_name":"Mikkelvik Brygge, Nordlicht, Wale, Norwegen, Angelreise, Dorsch, Heilbutt","article_modified_time":"2023-10-25T06:54:13+00:00","twitter_card":"summary_large_image","twitter_misc":{"Gesch\u00e4tzte Lesezeit":"4\u00a0Minuten"},"schema":{"@context":"https:\/\/schema.org","@graph":[{"@type":"WebPage","@id":"https:\/\/mikkelvik.com\/de\/preise_eur\/","url":"https:\/\/mikkelvik.com\/de\/preise_eur\/","name":"PREISE_EUR - Mikkelvik Brygge, Nordlicht, Wale, Norwegen, Angelreise, Dorsch, Heilbutt","isPartOf":{"@id":"https:\/\/mikkelvik.com\/de\/#website"},"datePublished":"2015-08-13T09:22:04+00:00","dateModified":"2023-10-25T06:54:13+00:00","breadcrumb":{"@id":"https:\/\/mikkelvik.com\/de\/preise_eur\/#breadcrumb"},"inLanguage":"de","potentialAction":[{"@type":"ReadAction","target":["https:\/\/mikkelvik.com\/de\/preise_eur\/"]}]},{"@type":"BreadcrumbList","@id":"https:\/\/mikkelvik.com\/de\/preise_eur\/#breadcrumb","itemListElement":[{"@type":"ListItem","position":1,"name":"Home","item":"https:\/\/mikkelvik.com\/de\/"},{"@type":"ListItem","position":2,"name":"PREISE_EUR"}]},{"@type":"WebSite","@id":"https:\/\/mikkelvik.com\/de\/#website","url":"https:\/\/mikkelvik.com\/de\/","name":"Mikkelvik Brygge, Nordlicht, Wale, Norwegen, Angelreise, Dorsch, Heilbutt","description":"Meeresangeln und Angelreisen nach Norwegen in komfortablem Ferienhaus mit Boot in der N\u00e4he von Troms\u00f8","potentialAction":[{"@type":"SearchAction","target":{"@type":"EntryPoint","urlTemplate":"https:\/\/mikkelvik.com\/de\/?s={search_term_string}"},"query-input":{"@type":"PropertyValueSpecification","valueRequired":true,"valueName":"search_term_string"}}],"inLanguage":"de"}]}},"_links":{"self":[{"href":"https:\/\/mikkelvik.com\/de\/wp-json\/wp\/v2\/pages\/2367","targetHints":{"allow":["GET"]}}],"collection":[{"href":"https:\/\/mikkelvik.com\/de\/wp-json\/wp\/v2\/pages"}],"about":[{"href":"https:\/\/mikkelvik.com\/de\/wp-json\/wp\/v2\/types\/page"}],"author":[{"embeddable":true,"href":"https:\/\/mikkelvik.com\/de\/wp-json\/wp\/v2\/users\/1"}],"replies":[{"embeddable":true,"href":"https:\/\/mikkelvik.com\/de\/wp-json\/wp\/v2\/comments?post=2367"}],"version-history":[{"count":47,"href":"https:\/\/mikkelvik.com\/de\/wp-json\/wp\/v2\/pages\/2367\/revisions"}],"predecessor-version":[{"id":4808,"href":"https:\/\/mikkelvik.com\/de\/wp-json\/wp\/v2\/pages\/2367\/revisions\/4808"}],"wp:attachment":[{"href":"https:\/\/mikkelvik.com\/de\/wp-json\/wp\/v2\/media?parent=2367"}],"curies":[{"name":"wp","href":"https:\/\/api.w.org\/{rel}","templated":true}]}}