{"id":2207,"date":"2015-08-04T15:16:01","date_gmt":"2015-08-04T13:16:01","guid":{"rendered":"https:\/\/mikkelvik.com\/?page_id=2207"},"modified":"2015-08-14T16:57:32","modified_gmt":"2015-08-14T14:57:32","slug":"datenschutz","status":"publish","type":"page","link":"https:\/\/mikkelvik.com\/de\/service\/datenschutz\/","title":{"rendered":"DATENSCHUTZ"},"content":{"rendered":"<h2>Datenschutzerkl\u00e4rung:<\/h2>\n<p><strong>Datenschutz<\/strong><br \/>Nachfolgend m\u00f6chten wir Sie \u00fcber unsere Datenschutzerkl\u00e4rung informieren. Sie finden hier Informationen \u00fcber die Erhebung und Verwendung pers\u00f6nlicher Daten bei der Nutzung unserer Webseite. Wir beachten dabei das f\u00fcr Deutschland geltende Datenschutzrecht. Sie k\u00f6nnen diese Erkl\u00e4rung jederzeit auf unserer Webseite abrufen. <\/p>\n<p>Wir weisen ausdr\u00fccklich darauf hin, dass die Daten\u00fcbertragung im Internet (z.B. bei der Kommunikation per E-Mail) Sicherheitsl\u00fccken aufweisen und nicht l\u00fcckenlos vor dem Zugriff durch Dritte gesch\u00fctzt werden kann. <\/p>\n<p>Die Verwendung der Kontaktdaten unseres Impressums zur gewerblichen Werbung ist ausdr\u00fccklich nicht erw\u00fcnscht, es sei denn wir hatten zuvor unsere schriftliche Einwilligung erteilt oder es besteht bereits eine Gesch\u00e4ftsbeziehung. Der Anbieter und alle auf dieser Website genannten Personen widersprechen hiermit jeder kommerziellen Verwendung und Weitergabe ihrer Daten.<\/p>\n<p><strong>Personenbezogene Daten<\/strong><br \/>\n<br \/>\nSie k\u00f6nnen unsere Webseite ohne Angabe personenbezogener Daten besuchen. Soweit auf unseren Seiten personenbezogene Daten (wie Name, Anschrift oder E-Mail Adresse) erhoben werden, erfolgt dies, soweit m\u00f6glich, auf freiwilliger Basis. Diese Daten werden ohne Ihre ausdr\u00fcckliche Zustimmung nicht an Dritte weitergegeben. Sofern zwischen Ihnen und uns ein Vertragsverh\u00e4ltnis begr\u00fcndet, inhaltlich ausgestaltet oder ge\u00e4ndert werden soll oder Sie an uns eine Anfrage stellen, erheben und verwenden wir personenbezogene Daten von Ihnen, soweit dies zu diesen Zwecken erforderlich ist (Bestandsdaten). Wir erheben, verarbeiten und nutzen personenbezogene Daten soweit dies erforderlich ist, um Ihnen die Inanspruchnahme des Webangebots zu erm\u00f6glichen (Nutzungsdaten). S\u00e4mtliche personenbezogenen Daten werden nur solange gespeichert wie dies f\u00fcr den geannten Zweck (Bearbeitung Ihrer Anfrage oder Abwicklung eines Vertrags) erforderlich ist. Hierbei werden steuer- und handelsrechtliche Aufbewahrungsfristen ber\u00fccksichtigt. Auf Anordnung der zust\u00e4ndigen Stellen d\u00fcrfen wir im Einzelfall Auskunft \u00fcber diese Daten (Bestandsdaten) erteilen, soweit dies f\u00fcr Zwecke der Strafverfolgung, zur Gefahrenabwehr, zur Erf\u00fcllung der gesetzlichen Aufgaben der Verfassungsschutzbeh\u00f6rden oder des Milit\u00e4rischen Abschirmdienstes oder zur Durchsetzung der Rechte am geistigen Eigentum erforderlich ist.<\/p>\n<p><strong>Datenschutzerkl\u00e4rung f\u00fcr das Facebook-Plugin (\u201eGef\u00e4llt mir\u201c)<\/strong><br \/>\nDiese Webseite nutzt Plugins des Anbieters Facebook.com, welche durch das Unternehmen Facebook Inc., 1601 S. California Avenue, Palo Alto, CA 94304 in den USA bereitgestellt werden. Nutzer unserer Webseite, auf der das Facebook-Plugin (\u201eGef\u00e4llt mir\u201c-Button) installiert ist, werden hiermit darauf hingewiesen, dass durch das Plugin eine Verbindung zu Facebook aufgebaut wird, wodurch eine \u00dcbermittlung an Ihren Browser durchgef\u00fchrt wird, damit das Plugin auf der Webseite erscheint.<br \/>\nDes Weiteren werden durch die Nutzung Daten an die Facebook-Server weitergeleitet, welche Informationen \u00fcber Ihre Webseitenbesuche auf unserer Homepage enthalten. Dies hat f\u00fcr eingeloggte Facebook-Nutzer zur Folge, dass die Nutzungsdaten Ihrem pers\u00f6nlichen Facebook-Account zugeordnet werden. <br \/>\nSobald Sie als eingeloggter Facebook-Nutzer aktiv das Facebook-Plugin nutzen (z.B. durch das Klicken auf den \u201eGef\u00e4llt mir\u201c Knopf oder die Nutzung der Kommentarfunktion), werden diese Daten zu Ihrem Facebook-Account \u00fcbertragen und ver\u00f6ffentlicht. Dies k\u00f6nnen Sie nur durch vorheriges Ausloggen aus Ihrem Facebook-Account umgehen. <br \/>\nWeitere Information bez\u00fcglich der Datennutzung durch Facebook entnehmen Sie bitte den datenschutzrechtlichen Bestimmungen auf Facebook unter <a href=\"http:\/\/de-de.facebook.com\/policy.php\" rel=\"nofollow\">http:\/\/de-de.facebook.com\/policy.php<\/a>.<\/p>\n<p><strong>Datenschutzerkl\u00e4rung f\u00fcr den Webanalysedienst Google Analytics<\/strong><br \/>\nDiese Website benutzt Google Analytics, einen Webanalysedienst der Google Inc. (&#8222;Google&#8220;). Google Analytics verwendet sog. &#8222;Cookies&#8220;, Textdateien, die auf Ihrem Computer gespeichert werden und die eine Analyse der Benutzung der Website durch Sie erm\u00f6glichen. Die durch den Cookie erzeugten Informationen \u00fcber Ihre Benutzung dieser Website werden in der Regel an einen Server von Google in den USA \u00fcbertragen und dort gespeichert. Wir haben die IP-Anonymisierung aktiviert. Auf dieser Webseite wird Ihre IP-Adresse von Google daher innerhalb von Mitgliedstaaten der Europ\u00e4ischen Union oder in anderen Vertragsstaaten des Abkommens \u00fcber den Europ\u00e4ischen Wirtschaftsraum zuvor gek\u00fcrzt. Nur in Ausnahmef\u00e4llen wird die volle IP-Adresse an einen Server von Google in den USA \u00fcbertragen und dort gek\u00fcrzt. Im Auftrag des Betreibers dieser Website wird Google diese Informationen benutzen, um Ihre Nutzung der Website auszuwerten, um Reports \u00fcber die Websiteaktivit\u00e4ten zusammenzustellen und um weitere mit der Websitenutzung und der Internetnutzung verbundene Dienstleistungen gegen\u00fcber dem Websitebetreiber zu erbringen. Die im Rahmen von Google Analytics von Ihrem Browser \u00fcbermittelte IP-Adresse wird nicht mit anderen Daten von Google zusammengef\u00fchrt. Sie k\u00f6nnen die Speicherung der Cookies durch eine entsprechende Einstellung Ihrer Browser-Software verhindern; wir weisen Sie jedoch darauf hin, dass Sie in diesem Fall gegebenenfalls nicht s\u00e4mtliche Funktionen dieser Website vollumf\u00e4nglich werden nutzen k\u00f6nnen. Sie k\u00f6nnen dar\u00fcber hinaus die Erfassung der durch das Cookie erzeugten und auf Ihre Nutzung der Website bezogenen Daten (inkl. Ihrer IP-Adresse) an Google sowie die Verarbeitung dieser Daten durch Google verhindern, indem sie das unter dem folgenden Link verf\u00fcgbare Browser-Plugin herunterladen und installieren: <a href=\"http:\/\/tools.google.com\/dlpage\/gaoptout?hl=de\" rel=\"nofollow\">http:\/\/tools.google.com\/dlpage\/gaoptout?hl=de<\/a><\/p>\n<p><strong>Datenschutzerkl\u00e4rung f\u00fcr das \u201eGoogle AdWords Conversion-Tracking\u201c von Google Inc.<\/strong><br \/>\nDiese Website verwendet die \u201eGoogle AdWords Conversion-Tracking\u201c- Funktion der Google Inc., 1600 Amphitheatre Parkway, Mountain View, CA 94043, United States (\u201eGoogle\u201c). Google AdWords Conversion-Tracking verwendet sog. \u201eCookies\u201c, Textdateien, die auf Ihrem Computer gespeichert werden und die eine Analyse der Benutzung der Website durch Sie erm\u00f6glichen, wenn Sie auf eine Google-Anzeige gekickt haben. Die Cookies sind maximal 90 Tagen g\u00fcltig. Personenbezogene Daten werden dabei nicht gespeichert. Solange das Cookie g\u00fcltig ist, k\u00f6nnen Google und wir als Webseitenbetreiber erkennen, dass Sie eine Anzeige geklickt haben und zu einer bestimmten Zielseite (z.B. Bestellbest\u00e4tigungsseite, Newsletteranmeldung) gelangt sind. Diese Cookies k\u00f6nnen nicht \u00fcber mehrere Websites von verschiedenen AdWords-Teilnehmern nachverfolgt werden k\u00f6nnen. Durch das Cookie werden in \u201eGoogle AdWords\u201c Conversion-Statistiken erstellt. In diesen Statistiken wird die Anzahl der Nutzer, die auf eine unserer Anzeige geklickt haben, erfasst. Zudem wird gez\u00e4hlt, wie viele Nutzer zu einer Zielseite, die mit einem \u201eConversion-Tag\u201c versehen worden ist, gelangt sind. Die Statistiken enthalten jedoch keine Daten, mit denen Sie sich identifizieren lassen.<br \/>\nDas Speichern von Cookies auf Ihrer Festplatte k\u00f6nnen Sie verhindern, indem Sie in Ihren Browser-Einstellungen &#8222;keine Cookies akzeptieren&#8220; w\u00e4hlen (Im MS Internet-Explorer unter &#8222;Extras > Internetoptionen > Datenschutz > Einstellung&#8220;; im Firefox unter &#8222;Extras > Einstellungen > Datenschutz > Cookies&#8220;); wir weisen Sie jedoch darauf hin, dass Sie in diesem Fall gegebenenfalls nicht s\u00e4mtliche Funktionen dieser Website voll umf\u00e4nglich nutzen k\u00f6nnen. Durch die Nutzung dieser Website erkl\u00e4ren Sie sich mit der Bearbeitung der \u00fcber Sie erhobenen Daten durch Google in der zuvor beschriebenen Art und Weise und zu dem zuvor benannten Zweck einverstanden. Weitere Informationen dar\u00fcber wie Google Conversion-Daten verwendet sowie die Datenschutzerkl\u00e4rung von Google finden Sie unter: <a href=\"https:\/\/support.google.com\/adwords\/answer\/93148?ctx=tltp\" target=\"_blank\">https:\/\/support.google.com\/adwords\/answer\/93148?ctx=tltp<\/a>, <a href=\"http:\/\/www.google.de\/policies\/privacy\/\" target=\"_blank\">http:\/\/www.google.de\/policies\/privacy\/<\/a>\n<\/p>\n<p><strong>Auskunftsrecht<\/strong><br \/>Sie haben das jederzeitige Recht, sich unentgeltlich und unverz\u00fcglich \u00fcber die zu Ihrer Person erhobenen Daten zu erkundigen. Sie haben das jederzeitige Recht, Ihre Zustimmung zur Verwendung Ihrer angegeben pers\u00f6nlichen Daten mit Wirkung f\u00fcr die Zukunft zu widerrufen. Zur Auskunftserteilung wenden Sie sich bitte an den Anbieter unter den Kontaktdaten im Impressum.<\/p>\n","protected":false},"excerpt":{"rendered":"<p>Datenschutzerkl\u00e4rung: DatenschutzNachfolgend m\u00f6chten wir Sie \u00fcber unsere Datenschutzerkl\u00e4rung informieren. Sie finden hier Informationen \u00fcber die Erhebung und Verwendung pers\u00f6nlicher Daten bei der Nutzung unserer Webseite. Wir beachten dabei das f\u00fcr Deutschland geltende Datenschutzrecht. Sie k\u00f6nnen diese Erkl\u00e4rung jederzeit auf unserer Webseite abrufen. Wir weisen ausdr\u00fccklich darauf hin, dass die Daten\u00fcbertragung im Internet (z.B. bei der<\/p>\n","protected":false},"author":1,"featured_media":0,"parent":80,"menu_order":0,"comment_status":"closed","ping_status":"closed","template":"","meta":{"footnotes":"","_links_to":"","_links_to_target":""},"class_list":["post-2207","page","type-page","status-publish","hentry"],"yoast_head":"<!-- This site is optimized with the Yoast SEO plugin v27.2 - https:\/\/yoast.com\/product\/yoast-seo-wordpress\/ -->\n<title>DATENSCHUTZ - Mikkelvik Brygge, Nordlicht, Wale, Norwegen, Angelreise, Dorsch, Heilbutt<\/title>\n<meta name=\"robots\" content=\"index, follow, max-snippet:-1, max-image-preview:large, max-video-preview:-1\" \/>\n<link rel=\"canonical\" href=\"https:\/\/mikkelvik.com\/de\/service\/datenschutz\/\" \/>\n<meta property=\"og:locale\" content=\"de_DE\" \/>\n<meta property=\"og:type\" content=\"article\" \/>\n<meta property=\"og:title\" content=\"DATENSCHUTZ - Mikkelvik Brygge, Nordlicht, Wale, Norwegen, Angelreise, Dorsch, Heilbutt\" \/>\n<meta property=\"og:description\" content=\"Datenschutzerkl\u00e4rung: DatenschutzNachfolgend m\u00f6chten wir Sie \u00fcber unsere Datenschutzerkl\u00e4rung informieren. Sie finden hier Informationen \u00fcber die Erhebung und Verwendung pers\u00f6nlicher Daten bei der Nutzung unserer Webseite. Wir beachten dabei das f\u00fcr Deutschland geltende Datenschutzrecht. Sie k\u00f6nnen diese Erkl\u00e4rung jederzeit auf unserer Webseite abrufen. Wir weisen ausdr\u00fccklich darauf hin, dass die Daten\u00fcbertragung im Internet (z.B. bei der\" \/>\n<meta property=\"og:url\" content=\"https:\/\/mikkelvik.com\/de\/service\/datenschutz\/\" \/>\n<meta property=\"og:site_name\" content=\"Mikkelvik Brygge, Nordlicht, Wale, Norwegen, Angelreise, Dorsch, Heilbutt\" \/>\n<meta property=\"article:modified_time\" content=\"2015-08-14T14:57:32+00:00\" \/>\n<meta name=\"twitter:card\" content=\"summary_large_image\" \/>\n<meta name=\"twitter:label1\" content=\"Gesch\u00e4tzte Lesezeit\" \/>\n\t<meta name=\"twitter:data1\" content=\"6\u00a0Minuten\" \/>\n<script type=\"application\/ld+json\" class=\"yoast-schema-graph\">{\"@context\":\"https:\/\/schema.org\",\"@graph\":[{\"@type\":\"WebPage\",\"@id\":\"https:\/\/mikkelvik.com\/de\/service\/datenschutz\/\",\"url\":\"https:\/\/mikkelvik.com\/de\/service\/datenschutz\/\",\"name\":\"DATENSCHUTZ - Mikkelvik Brygge, Nordlicht, Wale, Norwegen, Angelreise, Dorsch, Heilbutt\",\"isPartOf\":{\"@id\":\"https:\/\/mikkelvik.com\/de\/#website\"},\"datePublished\":\"2015-08-04T13:16:01+00:00\",\"dateModified\":\"2015-08-14T14:57:32+00:00\",\"breadcrumb\":{\"@id\":\"https:\/\/mikkelvik.com\/de\/service\/datenschutz\/#breadcrumb\"},\"inLanguage\":\"de\",\"potentialAction\":[{\"@type\":\"ReadAction\",\"target\":[\"https:\/\/mikkelvik.com\/de\/service\/datenschutz\/\"]}]},{\"@type\":\"BreadcrumbList\",\"@id\":\"https:\/\/mikkelvik.com\/de\/service\/datenschutz\/#breadcrumb\",\"itemListElement\":[{\"@type\":\"ListItem\",\"position\":1,\"name\":\"Home\",\"item\":\"https:\/\/mikkelvik.com\/de\/\"},{\"@type\":\"ListItem\",\"position\":2,\"name\":\"SERVICE\",\"item\":\"https:\/\/mikkelvik.com\/de\/service\/\"},{\"@type\":\"ListItem\",\"position\":3,\"name\":\"DATENSCHUTZ\"}]},{\"@type\":\"WebSite\",\"@id\":\"https:\/\/mikkelvik.com\/de\/#website\",\"url\":\"https:\/\/mikkelvik.com\/de\/\",\"name\":\"Mikkelvik Brygge, Nordlicht, Wale, Norwegen, Angelreise, Dorsch, Heilbutt\",\"description\":\"Meeresangeln und Angelreisen nach Norwegen in komfortablem Ferienhaus mit Boot in der N\u00e4he von Troms\u00f8\",\"potentialAction\":[{\"@type\":\"SearchAction\",\"target\":{\"@type\":\"EntryPoint\",\"urlTemplate\":\"https:\/\/mikkelvik.com\/de\/?s={search_term_string}\"},\"query-input\":{\"@type\":\"PropertyValueSpecification\",\"valueRequired\":true,\"valueName\":\"search_term_string\"}}],\"inLanguage\":\"de\"}]}<\/script>\n<!-- \/ Yoast SEO plugin. -->","yoast_head_json":{"title":"DATENSCHUTZ - Mikkelvik Brygge, Nordlicht, Wale, Norwegen, Angelreise, Dorsch, Heilbutt","robots":{"index":"index","follow":"follow","max-snippet":"max-snippet:-1","max-image-preview":"max-image-preview:large","max-video-preview":"max-video-preview:-1"},"canonical":"https:\/\/mikkelvik.com\/de\/service\/datenschutz\/","og_locale":"de_DE","og_type":"article","og_title":"DATENSCHUTZ - Mikkelvik Brygge, Nordlicht, Wale, Norwegen, Angelreise, Dorsch, Heilbutt","og_description":"Datenschutzerkl\u00e4rung: DatenschutzNachfolgend m\u00f6chten wir Sie \u00fcber unsere Datenschutzerkl\u00e4rung informieren. Sie finden hier Informationen \u00fcber die Erhebung und Verwendung pers\u00f6nlicher Daten bei der Nutzung unserer Webseite. Wir beachten dabei das f\u00fcr Deutschland geltende Datenschutzrecht. Sie k\u00f6nnen diese Erkl\u00e4rung jederzeit auf unserer Webseite abrufen. Wir weisen ausdr\u00fccklich darauf hin, dass die Daten\u00fcbertragung im Internet (z.B. bei der","og_url":"https:\/\/mikkelvik.com\/de\/service\/datenschutz\/","og_site_name":"Mikkelvik Brygge, Nordlicht, Wale, Norwegen, Angelreise, Dorsch, Heilbutt","article_modified_time":"2015-08-14T14:57:32+00:00","twitter_card":"summary_large_image","twitter_misc":{"Gesch\u00e4tzte Lesezeit":"6\u00a0Minuten"},"schema":{"@context":"https:\/\/schema.org","@graph":[{"@type":"WebPage","@id":"https:\/\/mikkelvik.com\/de\/service\/datenschutz\/","url":"https:\/\/mikkelvik.com\/de\/service\/datenschutz\/","name":"DATENSCHUTZ - Mikkelvik Brygge, Nordlicht, Wale, Norwegen, Angelreise, Dorsch, Heilbutt","isPartOf":{"@id":"https:\/\/mikkelvik.com\/de\/#website"},"datePublished":"2015-08-04T13:16:01+00:00","dateModified":"2015-08-14T14:57:32+00:00","breadcrumb":{"@id":"https:\/\/mikkelvik.com\/de\/service\/datenschutz\/#breadcrumb"},"inLanguage":"de","potentialAction":[{"@type":"ReadAction","target":["https:\/\/mikkelvik.com\/de\/service\/datenschutz\/"]}]},{"@type":"BreadcrumbList","@id":"https:\/\/mikkelvik.com\/de\/service\/datenschutz\/#breadcrumb","itemListElement":[{"@type":"ListItem","position":1,"name":"Home","item":"https:\/\/mikkelvik.com\/de\/"},{"@type":"ListItem","position":2,"name":"SERVICE","item":"https:\/\/mikkelvik.com\/de\/service\/"},{"@type":"ListItem","position":3,"name":"DATENSCHUTZ"}]},{"@type":"WebSite","@id":"https:\/\/mikkelvik.com\/de\/#website","url":"https:\/\/mikkelvik.com\/de\/","name":"Mikkelvik Brygge, Nordlicht, Wale, Norwegen, Angelreise, Dorsch, Heilbutt","description":"Meeresangeln und Angelreisen nach Norwegen in komfortablem Ferienhaus mit Boot in der N\u00e4he von Troms\u00f8","potentialAction":[{"@type":"SearchAction","target":{"@type":"EntryPoint","urlTemplate":"https:\/\/mikkelvik.com\/de\/?s={search_term_string}"},"query-input":{"@type":"PropertyValueSpecification","valueRequired":true,"valueName":"search_term_string"}}],"inLanguage":"de"}]}},"_links":{"self":[{"href":"https:\/\/mikkelvik.com\/de\/wp-json\/wp\/v2\/pages\/2207","targetHints":{"allow":["GET"]}}],"collection":[{"href":"https:\/\/mikkelvik.com\/de\/wp-json\/wp\/v2\/pages"}],"about":[{"href":"https:\/\/mikkelvik.com\/de\/wp-json\/wp\/v2\/types\/page"}],"author":[{"embeddable":true,"href":"https:\/\/mikkelvik.com\/de\/wp-json\/wp\/v2\/users\/1"}],"replies":[{"embeddable":true,"href":"https:\/\/mikkelvik.com\/de\/wp-json\/wp\/v2\/comments?post=2207"}],"version-history":[{"count":1,"href":"https:\/\/mikkelvik.com\/de\/wp-json\/wp\/v2\/pages\/2207\/revisions"}],"predecessor-version":[{"id":2208,"href":"https:\/\/mikkelvik.com\/de\/wp-json\/wp\/v2\/pages\/2207\/revisions\/2208"}],"up":[{"embeddable":true,"href":"https:\/\/mikkelvik.com\/de\/wp-json\/wp\/v2\/pages\/80"}],"wp:attachment":[{"href":"https:\/\/mikkelvik.com\/de\/wp-json\/wp\/v2\/media?parent=2207"}],"curies":[{"name":"wp","href":"https:\/\/api.w.org\/{rel}","templated":true}]}}