{"id":179,"date":"2013-02-05T18:36:52","date_gmt":"2013-02-05T18:36:52","guid":{"rendered":"http:\/\/hogash-demo.com\/kallyas_wp\/?page_id=179"},"modified":"2023-07-04T16:10:57","modified_gmt":"2023-07-04T14:10:57","slug":"angelanlage","status":"publish","type":"page","link":"https:\/\/mikkelvik.com\/de\/mikkelvik-brygge\/angelanlage\/","title":{"rendered":"Angelanlage"},"content":{"rendered":"\n<div class=\"row mfp-gallery mfp-gallery--misc\">\n<h1>Deine Angelanlage in Norwegen<\/h1>\n\n<h3><em>Direkt am Meer findest Du Fisch, Ruhe und Komfort. Die Angelanlage Mikkelvik Brygge bietet Dir leidenschaftlichen Service und fachm\u00e4nnische Beratung wenn es um das Angeln im Meer geht. Wir freuen uns auf Dich!<\/em><\/h3>\n<br><br><br>\n<figure><img decoding=\"async\" class=\"alignleft \" src=\"\/wp-content\/uploads\/2013\/02\/Seekarte-150x150.jpg\" alt=\"Seekarte\" width=\"158\" height=\"158\"><\/figure><div>\n\n<figure><\/figure><p style=\"text-align: left;\"><a class=\"hoverBorderStyle\" href=\"\/wp-content\/uploads\/2013\/02\/Seekarte.jpg\" rel=\"prettyPhoto\" data-mfp=\"image\" data-lightbox=\"mfp\"> <\/a><span class=\"h3\">Willkommen im Traumrevier von Mikkelvik Brygge!<\/span><\/p><br>\nDie Angelanlage Mikkelvik Brygge hat eine direkte Wasserlinie zum Skogsfjord und zum Skag\u00f8ysund. Gesch\u00fctzt durch gro\u00dfe vorgelagerte Inseln und direkt vor der Haust\u00fcr befindet sich der Zugang zu einem der attraktivsten Angelreviere von Nord-Norwegen. Jedes Jahr besuchen uns unz\u00e4hlige G\u00e4ste, die Ihren Traum vom Gro\u00dffisch wahr werden lassen k\u00f6nnen.<p><\/p>\n<\/div>\n<br><br><br>\n<figure><img decoding=\"async\" class=\"size-thumbnail wp-image-5416 alignleft\" src=\"https:\/\/mikkelvik.com\/wp-content\/uploads\/2021\/03\/39786236_1837961669613565_8546277817099223040_o-150x150.jpg\" alt=\"\" width=\"150\" height=\"150\"><\/figure><div>\n<figure><\/figure><p style=\"text-align: left;\"><span class=\"h3\">Frischwasserangler Willkommen!<br><\/span><\/p>\n<p style=\"text-align: left;\">Mikkelvik Brygge liegt auch unweit vom Skogsfjordvatnet, dem gr\u00f6\u00dften auf einer Insel gelegenen S\u00fc\u00dfwassersee in Norwegen.<br>Viele Seen und Fl\u00fcsse in der Umgebung lohnen sich zu untersuchen. Es gibt jede Menge Saiblinge oder Forellen zu angeln. Sie Natur ist einzigartig und ein Ausflug lohnt sich in jedem Fall!<\/p>\n<\/div>\n<br><br><br>\n<figure><a href=\"https:\/\/mikkelvik.com\/wp-content\/uploads\/2021\/03\/20190701_153522-scaled.jpg\"><img decoding=\"async\" class=\"size-thumbnail wp-image-5417 alignleft\" src=\"https:\/\/mikkelvik.com\/wp-content\/uploads\/2021\/03\/20190701_153522-150x150.jpg\" alt=\"\" width=\"150\" height=\"150\"><\/a><\/figure><div>\n<figure><\/figure><p style=\"text-align: left;\"><span class=\"h3\">Alles da f\u00fcr Deinen Angel-Traumurlaub<\/span><\/p>\n<p style=\"text-align: left;\">&nbsp;Direkt ist auch der Zugang zur Kaianlage und zum Schwimmsteg, an dem die Boote liegen. Zwei Filetierh\u00e4user am Kai, ein gro\u00dfes K\u00fchlhaus integriert, stehen f\u00fcr unsere Angelg\u00e4ste zur Verf\u00fcgung. Selbstverst\u00e4ndlich legen wir Wert auf hygienische Sauberkeit.<\/p>\n<\/div>\n<br><br><br>\n<figure><a href=\"https:\/\/mikkelvik.com\/wp-content\/uploads\/2021\/03\/20200605_024127-Kopie-scaled.jpg\"><img loading=\"lazy\" decoding=\"async\" class=\"size-thumbnail wp-image-5426 alignleft\" src=\"https:\/\/mikkelvik.com\/wp-content\/uploads\/2021\/03\/20200605_024127-Kopie-150x150.jpg\" alt=\"\" width=\"150\" height=\"150\"><\/a><\/figure><div>\n<figure><\/figure><p style=\"text-align: left;\"><span class=\"h3\">Service ganz nach Deinem Geschmack!<br><\/span><\/p>\n<p>Wir bieten Dir verschiedene Services an. Zum Beispiel Angelequipmentverleih. Hier haben wir uns f\u00fcr die hochwertige und zuverl\u00e4ssige Eisele-Kollektion entschieden. Du erh\u00e4ltst Meeresangelruten, leichtere Spinnruten, Rollen (Station\u00e4r- und Multirollen), Schwanzschlingen, Flying-Gaffs, K\u00f6dereimer, Gimbals usw. Wir verleihen auch Floatinganz\u00fcge und Thermoskannen. Des weiteren findest Du direkt an der Brygge einen Zubeh\u00f6rshop. <\/p>\n<\/div>\n<\/div>\n","protected":false},"excerpt":{"rendered":"<p>Deine Angelanlage in Norwegen Direkt am Meer findest Du Fisch, Ruhe und Komfort. Die Angelanlage Mikkelvik Brygge bietet Dir leidenschaftlichen Service und fachm\u00e4nnische Beratung wenn es um das Angeln im Meer geht. Wir freuen uns auf Dich! Willkommen im Traumrevier von Mikkelvik Brygge! Die Angelanlage Mikkelvik Brygge hat eine direkte Wasserlinie zum Skogsfjord und zum<\/p>\n","protected":false},"author":1,"featured_media":0,"parent":1422,"menu_order":13,"comment_status":"closed","ping_status":"closed","template":"","meta":{"footnotes":"","_links_to":"","_links_to_target":""},"class_list":["post-179","page","type-page","status-publish","hentry"],"yoast_head":"<!-- This site is optimized with the Yoast SEO plugin v27.2 - https:\/\/yoast.com\/product\/yoast-seo-wordpress\/ -->\n<title>Angelanlage - Mikkelvik Brygge, Nordlicht, Wale, Norwegen, Angelreise, Dorsch, Heilbutt<\/title>\n<meta name=\"robots\" content=\"index, follow, max-snippet:-1, max-image-preview:large, max-video-preview:-1\" \/>\n<link rel=\"canonical\" href=\"https:\/\/mikkelvik.com\/de\/mikkelvik-brygge\/angelanlage\/\" \/>\n<meta property=\"og:locale\" content=\"de_DE\" \/>\n<meta property=\"og:type\" content=\"article\" \/>\n<meta property=\"og:title\" content=\"Angelanlage - Mikkelvik Brygge, Nordlicht, Wale, Norwegen, Angelreise, Dorsch, Heilbutt\" \/>\n<meta property=\"og:description\" content=\"Deine Angelanlage in Norwegen Direkt am Meer findest Du Fisch, Ruhe und Komfort. Die Angelanlage Mikkelvik Brygge bietet Dir leidenschaftlichen Service und fachm\u00e4nnische Beratung wenn es um das Angeln im Meer geht. Wir freuen uns auf Dich! Willkommen im Traumrevier von Mikkelvik Brygge! Die Angelanlage Mikkelvik Brygge hat eine direkte Wasserlinie zum Skogsfjord und zum\" \/>\n<meta property=\"og:url\" content=\"https:\/\/mikkelvik.com\/de\/mikkelvik-brygge\/angelanlage\/\" \/>\n<meta property=\"og:site_name\" content=\"Mikkelvik Brygge, Nordlicht, Wale, Norwegen, Angelreise, Dorsch, Heilbutt\" \/>\n<meta property=\"article:modified_time\" content=\"2023-07-04T14:10:57+00:00\" \/>\n<meta property=\"og:image\" content=\"https:\/\/mikkelvik.com\/wp-content\/uploads\/2021\/03\/39786236_1837961669613565_8546277817099223040_o-150x150.jpg\" \/>\n<meta name=\"twitter:card\" content=\"summary_large_image\" \/>\n<meta name=\"twitter:label1\" content=\"Gesch\u00e4tzte Lesezeit\" \/>\n\t<meta name=\"twitter:data1\" content=\"3\u00a0Minuten\" \/>\n<script type=\"application\/ld+json\" class=\"yoast-schema-graph\">{\"@context\":\"https:\/\/schema.org\",\"@graph\":[{\"@type\":\"WebPage\",\"@id\":\"https:\/\/mikkelvik.com\/de\/mikkelvik-brygge\/angelanlage\/\",\"url\":\"https:\/\/mikkelvik.com\/de\/mikkelvik-brygge\/angelanlage\/\",\"name\":\"Angelanlage - Mikkelvik Brygge, Nordlicht, Wale, Norwegen, Angelreise, Dorsch, Heilbutt\",\"isPartOf\":{\"@id\":\"https:\/\/mikkelvik.com\/de\/#website\"},\"primaryImageOfPage\":{\"@id\":\"https:\/\/mikkelvik.com\/de\/mikkelvik-brygge\/angelanlage\/#primaryimage\"},\"image\":{\"@id\":\"https:\/\/mikkelvik.com\/de\/mikkelvik-brygge\/angelanlage\/#primaryimage\"},\"thumbnailUrl\":\"https:\/\/mikkelvik.com\/wp-content\/uploads\/2021\/03\/39786236_1837961669613565_8546277817099223040_o-150x150.jpg\",\"datePublished\":\"2013-02-05T18:36:52+00:00\",\"dateModified\":\"2023-07-04T14:10:57+00:00\",\"breadcrumb\":{\"@id\":\"https:\/\/mikkelvik.com\/de\/mikkelvik-brygge\/angelanlage\/#breadcrumb\"},\"inLanguage\":\"de\",\"potentialAction\":[{\"@type\":\"ReadAction\",\"target\":[\"https:\/\/mikkelvik.com\/de\/mikkelvik-brygge\/angelanlage\/\"]}]},{\"@type\":\"ImageObject\",\"inLanguage\":\"de\",\"@id\":\"https:\/\/mikkelvik.com\/de\/mikkelvik-brygge\/angelanlage\/#primaryimage\",\"url\":\"https:\/\/mikkelvik.com\/wp-content\/uploads\/2021\/03\/39786236_1837961669613565_8546277817099223040_o-150x150.jpg\",\"contentUrl\":\"https:\/\/mikkelvik.com\/wp-content\/uploads\/2021\/03\/39786236_1837961669613565_8546277817099223040_o-150x150.jpg\"},{\"@type\":\"BreadcrumbList\",\"@id\":\"https:\/\/mikkelvik.com\/de\/mikkelvik-brygge\/angelanlage\/#breadcrumb\",\"itemListElement\":[{\"@type\":\"ListItem\",\"position\":1,\"name\":\"Home\",\"item\":\"https:\/\/mikkelvik.com\/de\/\"},{\"@type\":\"ListItem\",\"position\":2,\"name\":\"MIKKELVIK BRYGGE\",\"item\":\"https:\/\/mikkelvik.com\/de\/mikkelvik-brygge\/\"},{\"@type\":\"ListItem\",\"position\":3,\"name\":\"Angelanlage\"}]},{\"@type\":\"WebSite\",\"@id\":\"https:\/\/mikkelvik.com\/de\/#website\",\"url\":\"https:\/\/mikkelvik.com\/de\/\",\"name\":\"Mikkelvik Brygge, Nordlicht, Wale, Norwegen, Angelreise, Dorsch, Heilbutt\",\"description\":\"Meeresangeln und Angelreisen nach Norwegen in komfortablem Ferienhaus mit Boot in der N\u00e4he von Troms\u00f8\",\"potentialAction\":[{\"@type\":\"SearchAction\",\"target\":{\"@type\":\"EntryPoint\",\"urlTemplate\":\"https:\/\/mikkelvik.com\/de\/?s={search_term_string}\"},\"query-input\":{\"@type\":\"PropertyValueSpecification\",\"valueRequired\":true,\"valueName\":\"search_term_string\"}}],\"inLanguage\":\"de\"}]}<\/script>\n<!-- \/ Yoast SEO plugin. -->","yoast_head_json":{"title":"Angelanlage - Mikkelvik Brygge, Nordlicht, Wale, Norwegen, Angelreise, Dorsch, Heilbutt","robots":{"index":"index","follow":"follow","max-snippet":"max-snippet:-1","max-image-preview":"max-image-preview:large","max-video-preview":"max-video-preview:-1"},"canonical":"https:\/\/mikkelvik.com\/de\/mikkelvik-brygge\/angelanlage\/","og_locale":"de_DE","og_type":"article","og_title":"Angelanlage - Mikkelvik Brygge, Nordlicht, Wale, Norwegen, Angelreise, Dorsch, Heilbutt","og_description":"Deine Angelanlage in Norwegen Direkt am Meer findest Du Fisch, Ruhe und Komfort. Die Angelanlage Mikkelvik Brygge bietet Dir leidenschaftlichen Service und fachm\u00e4nnische Beratung wenn es um das Angeln im Meer geht. Wir freuen uns auf Dich! Willkommen im Traumrevier von Mikkelvik Brygge! Die Angelanlage Mikkelvik Brygge hat eine direkte Wasserlinie zum Skogsfjord und zum","og_url":"https:\/\/mikkelvik.com\/de\/mikkelvik-brygge\/angelanlage\/","og_site_name":"Mikkelvik Brygge, Nordlicht, Wale, Norwegen, Angelreise, Dorsch, Heilbutt","article_modified_time":"2023-07-04T14:10:57+00:00","og_image":[{"url":"https:\/\/mikkelvik.com\/wp-content\/uploads\/2021\/03\/39786236_1837961669613565_8546277817099223040_o-150x150.jpg","type":"","width":"","height":""}],"twitter_card":"summary_large_image","twitter_misc":{"Gesch\u00e4tzte Lesezeit":"3\u00a0Minuten"},"schema":{"@context":"https:\/\/schema.org","@graph":[{"@type":"WebPage","@id":"https:\/\/mikkelvik.com\/de\/mikkelvik-brygge\/angelanlage\/","url":"https:\/\/mikkelvik.com\/de\/mikkelvik-brygge\/angelanlage\/","name":"Angelanlage - Mikkelvik Brygge, Nordlicht, Wale, Norwegen, Angelreise, Dorsch, Heilbutt","isPartOf":{"@id":"https:\/\/mikkelvik.com\/de\/#website"},"primaryImageOfPage":{"@id":"https:\/\/mikkelvik.com\/de\/mikkelvik-brygge\/angelanlage\/#primaryimage"},"image":{"@id":"https:\/\/mikkelvik.com\/de\/mikkelvik-brygge\/angelanlage\/#primaryimage"},"thumbnailUrl":"https:\/\/mikkelvik.com\/wp-content\/uploads\/2021\/03\/39786236_1837961669613565_8546277817099223040_o-150x150.jpg","datePublished":"2013-02-05T18:36:52+00:00","dateModified":"2023-07-04T14:10:57+00:00","breadcrumb":{"@id":"https:\/\/mikkelvik.com\/de\/mikkelvik-brygge\/angelanlage\/#breadcrumb"},"inLanguage":"de","potentialAction":[{"@type":"ReadAction","target":["https:\/\/mikkelvik.com\/de\/mikkelvik-brygge\/angelanlage\/"]}]},{"@type":"ImageObject","inLanguage":"de","@id":"https:\/\/mikkelvik.com\/de\/mikkelvik-brygge\/angelanlage\/#primaryimage","url":"https:\/\/mikkelvik.com\/wp-content\/uploads\/2021\/03\/39786236_1837961669613565_8546277817099223040_o-150x150.jpg","contentUrl":"https:\/\/mikkelvik.com\/wp-content\/uploads\/2021\/03\/39786236_1837961669613565_8546277817099223040_o-150x150.jpg"},{"@type":"BreadcrumbList","@id":"https:\/\/mikkelvik.com\/de\/mikkelvik-brygge\/angelanlage\/#breadcrumb","itemListElement":[{"@type":"ListItem","position":1,"name":"Home","item":"https:\/\/mikkelvik.com\/de\/"},{"@type":"ListItem","position":2,"name":"MIKKELVIK BRYGGE","item":"https:\/\/mikkelvik.com\/de\/mikkelvik-brygge\/"},{"@type":"ListItem","position":3,"name":"Angelanlage"}]},{"@type":"WebSite","@id":"https:\/\/mikkelvik.com\/de\/#website","url":"https:\/\/mikkelvik.com\/de\/","name":"Mikkelvik Brygge, Nordlicht, Wale, Norwegen, Angelreise, Dorsch, Heilbutt","description":"Meeresangeln und Angelreisen nach Norwegen in komfortablem Ferienhaus mit Boot in der N\u00e4he von Troms\u00f8","potentialAction":[{"@type":"SearchAction","target":{"@type":"EntryPoint","urlTemplate":"https:\/\/mikkelvik.com\/de\/?s={search_term_string}"},"query-input":{"@type":"PropertyValueSpecification","valueRequired":true,"valueName":"search_term_string"}}],"inLanguage":"de"}]}},"_links":{"self":[{"href":"https:\/\/mikkelvik.com\/de\/wp-json\/wp\/v2\/pages\/179","targetHints":{"allow":["GET"]}}],"collection":[{"href":"https:\/\/mikkelvik.com\/de\/wp-json\/wp\/v2\/pages"}],"about":[{"href":"https:\/\/mikkelvik.com\/de\/wp-json\/wp\/v2\/types\/page"}],"author":[{"embeddable":true,"href":"https:\/\/mikkelvik.com\/de\/wp-json\/wp\/v2\/users\/1"}],"replies":[{"embeddable":true,"href":"https:\/\/mikkelvik.com\/de\/wp-json\/wp\/v2\/comments?post=179"}],"version-history":[{"count":5,"href":"https:\/\/mikkelvik.com\/de\/wp-json\/wp\/v2\/pages\/179\/revisions"}],"predecessor-version":[{"id":9586,"href":"https:\/\/mikkelvik.com\/de\/wp-json\/wp\/v2\/pages\/179\/revisions\/9586"}],"up":[{"embeddable":true,"href":"https:\/\/mikkelvik.com\/de\/wp-json\/wp\/v2\/pages\/1422"}],"wp:attachment":[{"href":"https:\/\/mikkelvik.com\/de\/wp-json\/wp\/v2\/media?parent=179"}],"curies":[{"name":"wp","href":"https:\/\/api.w.org\/{rel}","templated":true}]}}