{"id":1593,"date":"2015-05-29T12:48:56","date_gmt":"2015-05-29T10:48:56","guid":{"rendered":"https:\/\/mikkelvik.com\/?page_id=1593"},"modified":"2025-11-03T16:35:03","modified_gmt":"2025-11-03T15:35:03","slug":"preise","status":"publish","type":"page","link":"https:\/\/mikkelvik.com\/de\/preise\/","title":{"rendered":"PREISE"},"content":{"rendered":"\t\t<div data-elementor-type=\"wp-page\" data-elementor-id=\"1593\" class=\"elementor elementor-1593\">\n\t\t\t\t\t\t<section class=\"elementor-section elementor-top-section elementor-element elementor-element-9873647 elementor-section-boxed elementor-section-height-default elementor-section-height-default\" data-id=\"9873647\" data-element_type=\"section\" data-e-type=\"section\">\n\t\t\t\t\t\t<div class=\"elementor-container elementor-column-gap-default\">\n\t\t\t\t\t<div class=\"elementor-column elementor-col-100 elementor-top-column elementor-element elementor-element-b62d588\" data-id=\"b62d588\" data-element_type=\"column\" data-e-type=\"column\">\n\t\t\t<div class=\"elementor-widget-wrap\">\n\t\t\t\t\t\t\t<\/div>\n\t\t<\/div>\n\t\t\t\t\t<\/div>\n\t\t<\/section>\n\t\t\t\t<section class=\"elementor-section elementor-top-section elementor-element elementor-element-bde19df elementor-section-boxed elementor-section-height-default elementor-section-height-default\" data-id=\"bde19df\" data-element_type=\"section\" data-e-type=\"section\">\n\t\t\t\t\t\t<div class=\"elementor-container elementor-column-gap-default\">\n\t\t\t\t\t<div class=\"elementor-column elementor-col-100 elementor-top-column elementor-element elementor-element-8079c2a\" data-id=\"8079c2a\" data-element_type=\"column\" data-e-type=\"column\">\n\t\t\t<div class=\"elementor-widget-wrap elementor-element-populated\">\n\t\t\t\t\t\t<div class=\"elementor-element elementor-element-611f36b elementor-widget elementor-widget-text-editor\" data-id=\"611f36b\" data-element_type=\"widget\" data-e-type=\"widget\" data-widget_type=\"text-editor.default\">\n\t\t\t\t<div class=\"elementor-widget-container\">\n\t\t\t\t\t\t\t\t\t<h1>Die <strong>Saison-Preise<\/strong> f\u00fcr Meeresangeln in <strong>Mikkelvik<\/strong>, Nord-Norwegen<\/h1>\n<h2><em>Du m\u00f6chtest gern wissen, zu welchem Kronen-Preis Du 2027 bei uns buchen kannst? Hier haben wir alle Saisonpreise aufgelistet, die wir Dir derzeit anbieten k\u00f6nnen.<\/em><\/h2>\n<h3>Preis\u00fcbersicht f\u00fcr die <strong>Appartements mit 4 Personen<\/strong><\/h3>\n<p><div class=\"row pricing_table yes no\"><\/p>\n<p><div class=\"col-sm-3\"><div class=\"pr_table_col caption_column\" data-color=\"red\"><div class=\"tb_header\">Specials<\/div><\/p>\n<ul class=\"tb_content\">\n<li>Maximalbelegung<\/li>\n<li>Schlafzimmer<\/li>\n<li>Sommer<\/li>\n<li>Fr\u00fchjahr<\/li>\n<li>Herbst\/Winter<\/li>\n<li>Inklusivleistungen<\/li>\n<li>Transfer Hin\/R\u00fcck 4 Pers.<\/li>\n<li>Boot Kaasb\u00f8ll 760, 150PS<\/li>\n<\/ul>\n<p><\/div><!-- end pricing table column --><\/div><\/p>\n<p><div class=\"col-sm-3\"><div class=\"pr_table_col \" data-color=\"red\"><div class=\"tb_header\"><h4 class=\"ttitle kl-font-alt\">Hauptsaison<\/h4><div class=\"price kl-font-alt\"><p>| 44.630 |<span>NOK pro Woche<\/span><\/p><\/div><\/div><\/p>\n<ul class=\"tb_content\">\n<li>4 Personen<\/li>\n<li>3 mit 4 Einzelbetten<\/li>\n<li>13.05. \u2013 08.10.27<\/li>\n<li>&#8211;<\/li>\n<li>&#8211;<\/li>\n<li>Endreinigung, Bettwasche, Handt\u00fccher<\/li>\n<li>ab kr 6.000<\/li>\n<li>ab kr 13.914<\/li>\n<\/ul>\n<p><div class=\"signin\"><a class=\"btn\" target=\"_self\" href=\"https:\/\/mikkelvik.com\/buchungen\/auswahl.zeitstrahl.php?jahr=27&#038;monat=5&#038;tag=15\">Jetzt hier buchen &gt;&gt;&gt;<\/a><\/div><\/div><!-- end pricing table column --><\/div><\/p>\n<p><div class=\"col-sm-3\"><div class=\"pr_table_col \" data-color=\"red\"><div class=\"tb_header\"><h4 class=\"ttitle kl-font-alt\">Nebensaison<\/h4><div class=\"price kl-font-alt\"><p>| 39.134 |<span>NOK pro Woche<\/span><\/p><\/div><\/div><\/p>\n<ul class=\"tb_content\">\n<li>4 Personen<\/li>\n<li>3 mit 4 Einzelbetten<\/li>\n<li>&#8211;<\/li>\n<li>02.03. &#8211; 12.05.27<\/li>\n<li>&#8211;<\/li>\n<li>Endreinigung, Bettwasche, Handt\u00fccher<\/li>\n<li>ab kr 6.000<\/li>\n<li>ab kr 11.827<\/li>\n<\/ul>\n<p><div class=\"signin\"><a class=\"btn\" target=\"_self\" href=\"https:\/\/mikkelvik.com\/buchungen\/auswahl.zeitstrahl.php?jahr=27&#038;monat=3&#038;tag=2\">Jetzt hier buchen &gt;&gt;&gt;<\/a><\/div><\/div><!-- end pricing table column --><\/div><\/p>\n<p><div class=\"col-sm-3\"><div class=\"pr_table_col \" data-color=\"red\"><div class=\"tb_header\"><h4 class=\"ttitle kl-font-alt\">Nachsaison<\/h4><div class=\"price kl-font-alt\"><p>|&nbsp;39.134&nbsp;|<span>NOK pro Woche<\/span><\/p><\/div><\/div><\/p>\n<ul class=\"tb_content\">\n<li>4 Personen<\/li>\n<li>3 mit 4 Einzelbetten<\/li>\n<li>&#8211;<\/li>\n<li>&#8211;<\/li>\n<li>9.10. &#8211; 15.11.27<\/li>\n<li>Endreinigung, Bettwasche, Handt\u00fccher<\/li>\n<li>ab kr 6.000<\/li>\n<li>ab kr&nbsp;11.827<\/li>\n<\/ul>\n<p><div class=\"signin\"><a class=\"btn\" target=\"_self\" href=\"https:\/\/mikkelvik.com\/buchungen\/auswahl.zeitstrahl.php?jahr=27&#038;monat=10&#038;tag=9\">Jetzt hier buchen &gt;&gt;&gt;<\/a><\/div><\/div><!-- end pricing table column --><\/div><\/p>\n<p><\/div><\/p>\n<h3>Preis\u00fcbersicht f\u00fcr die <strong>Appartements mit 4+1 Personen<\/strong><\/h3>\n<p><div class=\"row pricing_table yes no\"><\/p>\n<p><div class=\"col-sm-3\"><div class=\"pr_table_col caption_column\" data-color=\"red\"><div class=\"tb_header\">Specials<\/div><\/p>\n<ul class=\"tb_content\">\n<li>Maximalbelegung<\/li>\n<li>Schlafzimmer<\/li>\n<li>Sommer<\/li>\n<li>Fr\u00fchjahr<\/li>\n<li>Herbst\/Winter<\/li>\n<li>Inklusivleistungen<\/li>\n<li>Transfer Hin\/R\u00fcck 5 Pers.<\/li>\n<li>Boot Kaasb\u00f8ll 760, 150PS<\/li>\n<\/ul>\n<p><\/div><!-- end pricing table column --><\/div><\/p>\n<p><div class=\"col-sm-3\"><div class=\"pr_table_col \" data-color=\"red\"><div class=\"tb_header\"><h4 class=\"ttitle kl-font-alt\">Hauptsaison<\/h4><div class=\"price kl-font-alt\"><p>| 48.165|<span>NOK pro Woche<\/span><\/p><\/div><\/div><\/p>\n<ul class=\"tb_content\">\n<li>5 Personen (inkl. Aufbettung)<\/li>\n<li>3 mit 5 Einzelbetten<\/li>\n<li>13.05. \u2013 08.10.27<\/li>\n<li>&#8211;<\/li>\n<li>&#8211;<\/li>\n<li>Endreinigung, Bettwasche, Handt\u00fccher<\/li>\n<li>ab kr 7.500<\/li>\n<li>ab kr&nbsp;13.914<\/li>\n<\/ul>\n<p><div class=\"signin\"><a class=\"btn\" target=\"_self\" href=\"https:\/\/mikkelvik.com\/buchungen\/auswahl.zeitstrahl.php?jahr=27&#038;monat=5&#038;tag=15\">Jetzt hier buchen &gt;&gt;&gt;<\/a><\/div><\/div><!-- end pricing table column --><\/div><\/p>\n<p><div class=\"col-sm-3\"><div class=\"pr_table_col \" data-color=\"red\"><div class=\"tb_header\"><h4 class=\"ttitle kl-font-alt\">Nebensaison<\/h4><div class=\"price kl-font-alt\"><p>| 42.363 |<span>NOK pro Woche<\/span><\/p><\/div><\/div><\/p>\n<ul class=\"tb_content\">\n<li>5 Personen (inkl. Aufbettung)<\/li>\n<li>3 mit 5 Einzelbetten<\/li>\n<li>&#8211;<\/li>\n<li>02.03. &#8211; 12.05.27<\/li>\n<li>&#8211;<\/li>\n<li>Endreinigung, Bettwasche, Handt\u00fccher<\/li>\n<li>ab kr 7.500<\/li>\n<li>ab kr&nbsp;11.827<\/li>\n<\/ul>\n<p><div class=\"signin\"><a class=\"btn\" target=\"_self\" href=\"https:\/\/mikkelvik.com\/buchungen\/auswahl.zeitstrahl.php?jahr=27&#038;monat=3&#038;tag=2\">Jetzt hier buchen &gt;&gt;&gt;<\/a><\/div><\/div><!-- end pricing table column --><\/div><\/p>\n<p><div class=\"col-sm-3\"><div class=\"pr_table_col \" data-color=\"red\"><div class=\"tb_header\"><h4 class=\"ttitle kl-font-alt\">Nachsaison<\/h4><div class=\"price kl-font-alt\"><p>|&nbsp;42.363&nbsp;|<span>NOK pro Woche<\/span><\/p><\/div><\/div><\/p>\n<ul class=\"tb_content\">\n<li>5 Personen (inkl. Aufbettung)<\/li>\n<li>3 mit 5 Einzelbetten<\/li>\n<li>&#8211;<\/li>\n<li>&#8211;<\/li>\n<li>09.10. &#8211; 15.11.27<\/li>\n<li>Endreinigung, Bettwasche, Handt\u00fccher<\/li>\n<li>ab kr&nbsp;7.500<\/li>\n<li>ab kr&nbsp;11.827<\/li>\n<\/ul>\n<p><div class=\"signin\"><a class=\"btn\" target=\"_self\" href=\"https:\/\/mikkelvik.com\/buchungen\/auswahl.zeitstrahl.php?jahr=27&#038;monat=10&#038;tag=9\">Jetzt hier buchen &gt;&gt;&gt;<\/a><\/div><\/div><!-- end pricing table column --><\/div><\/p>\n<p><\/div><br>___________________________________________________________________________<\/p>\n<h3>Preis\u00fcbersicht f\u00fcr die <strong>Ferienh\u00e4user mit 9 Personen<\/strong><\/h3>\n<p><div class=\"row pricing_table yes no\"><\/p>\n<p><div class=\"col-sm-3\"><div class=\"pr_table_col caption_column\" data-color=\"blue\"><div class=\"tb_header\">Specials<\/div><\/p>\n<ul class=\"tb_content\">\n<li>Maximalbelegung<\/li>\n<li>Schlafzimmer<\/li>\n<li>Sommer<\/li>\n<li>Fr\u00fchjahr<\/li>\n<li>Herbst\/Winter<\/li>\n<li>Inklusivleistungen<\/li>\n<li>Transfer Hin\/R\u00fcck 9 Pers.<\/li>\n<li>2 Boote Kaasb\u00f8ll 760, 150PS<\/li>\n<\/ul>\n<p><\/div><!-- end pricing table column --><\/div><\/p>\n<p><div class=\"col-sm-3\"><div class=\"pr_table_col \" data-color=\"blue\"><div class=\"tb_header\"><h4 class=\"ttitle kl-font-alt\">Hauptsaison<\/h4><div class=\"price kl-font-alt\"><p>| 82.828 |<span>NOK pro Woche<\/span><\/p><\/div><\/div><\/p>\n<ul class=\"tb_content\">\n<li>9 Personen<\/li>\n<li>8 mit 9 Einzelbetten<\/li>\n<li>13.05. \u2013 08.10.27<\/li>\n<li>&#8211;<\/li>\n<li>&#8211;<\/li>\n<li>Endreinigung, Bettwasche, Handt\u00fccher<\/li>\n<li>ab kr 13.500<\/li>\n<li>ab kr 27.828<\/li>\n<\/ul>\n<p><div class=\"signin\"><a class=\"btn\" target=\"_self\" href=\"https:\/\/mikkelvik.com\/buchungen\/auswahl.zeitstrahl.php?jahr=27&#038;monat=5&#038;tag=15\">Jetzt hier buchen &gt;&gt;&gt;<\/a><\/div><\/div><!-- end pricing table column --><\/div><\/p>\n<p><div class=\"col-sm-3\"><div class=\"pr_table_col \" data-color=\"blue\"><div class=\"tb_header\"><h4 class=\"ttitle kl-font-alt\">Nebensaison<\/h4><div class=\"price kl-font-alt\"><p>| 73.266 |<span>NOK pro Woche<\/span><\/p><\/div><\/div><\/p>\n<ul class=\"tb_content\">\n<li>9 Personen<\/li>\n<li>8 mit 9 Einzelbetten<\/li>\n<li>&#8211;<\/li>\n<li>02.03. &#8211; 12.05.27<\/li>\n<li>&#8211;<\/li>\n<li>Endreinigung, Bettwasche, Handt\u00fccher<\/li>\n<li>ab kr&nbsp;13.500<\/li>\n<li>ab kr 23.654<\/li>\n<\/ul>\n<p><div class=\"signin\"><a class=\"btn\" target=\"_self\" href=\"https:\/\/mikkelvik.com\/buchungen\/auswahl.zeitstrahl.php?jahr=27&#038;monat=3&#038;tag=2\">Jetzt hier buchen &gt;&gt;&gt;<\/a><\/div><\/div><!-- end pricing table column --><\/div><\/p>\n<p><div class=\"col-sm-3\"><div class=\"pr_table_col \" data-color=\"blue\"><div class=\"tb_header\"><h4 class=\"ttitle kl-font-alt\">Nachsaison<\/h4><div class=\"price kl-font-alt\"><p>|&nbsp;73.266&nbsp;|<span>NOK pro Woche<\/span><\/p><\/div><\/div><\/p>\n<ul class=\"tb_content\">\n<li>9 Personen<\/li>\n<li>8 mit 9 Einzelbetten<\/li>\n<li>&#8211;<\/li>\n<li>&#8211;<\/li>\n<li>09.10. &#8211; 15.11.27<\/li>\n<li>Endreinigung, Bettwasche, Handt\u00fccher<\/li>\n<li>ab kr&nbsp;13.500<\/li>\n<li>ab kr&nbsp;23.654<\/li>\n<\/ul>\n<p><div class=\"signin\"><a class=\"btn\" target=\"_self\" href=\"https:\/\/mikkelvik.com\/buchungen\/auswahl.zeitstrahl.php?jahr=27&#038;monat=10&#038;tag=9\">Jetzt hier buchen &gt;&gt;&gt;<\/a><\/div><\/div><!-- end pricing table column --><\/div><\/p>\n<p><\/div><\/p>\n<h3>Preis\u00fcbersicht f\u00fcr die <strong>Ferienh\u00e4user mit 9+1 Personen<\/strong><\/h3>\n<p><div class=\"row pricing_table yes no\"><\/p>\n<p><div class=\"col-sm-3\"><div class=\"pr_table_col caption_column\" data-color=\"blue\"><div class=\"tb_header\">Specials<\/div><\/p>\n<ul class=\"tb_content\">\n<li>Maximalbelegung<\/li>\n<li>Schlafzimmer<\/li>\n<li>Fr\u00fchjahr<\/li>\n<li>Sommer<\/li>\n<li>Herbst\/Winter<\/li>\n<li>Inklusivleistungen<\/li>\n<li>Transfer Hin\/R\u00fcck 10 Pers.<\/li>\n<li>2 Boote Kaasb\u00f8ll 760, 150PS<\/li>\n<\/ul>\n<p><\/div><!-- end pricing table column --><\/div><\/p>\n<p><div class=\"col-sm-3\"><div class=\"pr_table_col \" data-color=\"blue\"><div class=\"tb_header\"><h4 class=\"ttitle kl-font-alt\">Hauptsaison<\/h4><div class=\"price kl-font-alt\"><p>| 85.128 |<span>NOK pro Woche<\/span><\/p><\/div><\/div><\/p>\n<ul class=\"tb_content\">\n<li>10 Personen (inkl. Aufbettung)<\/li>\n<li>8 mit 10 Einzelbetten<\/li>\n<li>13.05. \u2013 08.10.27<\/li>\n<li>&#8211;<\/li>\n<li>&#8211;<\/li>\n<li>Endreinigung, Bettwasche, Handt\u00fccher<\/li>\n<li>ab kr 15.000<\/li>\n<li>ab kr&nbsp;27.828<\/li>\n<\/ul>\n<p><div class=\"signin\"><a class=\"btn\" target=\"_self\" href=\"https:\/\/mikkelvik.com\/buchungen\/auswahl.zeitstrahl.php?jahr=27&#038;monat=5&#038;tag=15\">Jetzt hier buchen &gt;&gt;&gt;<\/a><\/div><\/div><!-- end pricing table column --><\/div><\/p>\n<p><div class=\"col-sm-3\"><div class=\"pr_table_col \" data-color=\"blue\"><div class=\"tb_header\"><h4 class=\"ttitle kl-font-alt\">Nebensaison<\/h4><div class=\"price kl-font-alt\"><p>| 75.566 |<span>NOK pro Woche<\/span><\/p><\/div><\/div><\/p>\n<ul class=\"tb_content\">\n<li>10 Personen (inkl. Aufbettung)<\/li>\n<li>8 mit 10 Einzelbetten<\/li>\n<li>&#8211;<\/li>\n<li>02.03. &#8211; 12.05.27<\/li>\n<li>&#8211;<\/li>\n<li>Endreinigung, Bettwasche, Handt\u00fccher<\/li>\n<li>ab kr&nbsp;15.000<\/li>\n<li>ab kr&nbsp;23.654<\/li>\n<\/ul>\n<p><div class=\"signin\"><a class=\"btn\" target=\"_self\" href=\"https:\/\/mikkelvik.com\/buchungen\/auswahl.zeitstrahl.php?jahr=27&#038;monat=3&#038;tag=2\">Jetzt hier buchen &gt;&gt;&gt;<\/a><\/div><\/div><!-- end pricing table column --><\/div><\/p>\n<p><div class=\"col-sm-3\"><div class=\"pr_table_col \" data-color=\"blue\"><div class=\"tb_header\"><h4 class=\"ttitle kl-font-alt\">Nachsaison<\/h4><div class=\"price kl-font-alt\"><p>|&nbsp;75.566&nbsp;|<span>NOK pro Woche<\/span><\/p><\/div><\/div><\/p>\n<ul class=\"tb_content\">\n<li>10 Personen (inkl. Aufbettung)<\/li>\n<li>8 mit 10 Einzelbetten<\/li>\n<li>&#8211;<\/li>\n<li>&#8211;<\/li>\n<li>09.10. &#8211; 15.11.27<\/li>\n<li>Endreinigung, Bettwasche, Handt\u00fccher<\/li>\n<li>ab kr&nbsp;15.000<\/li>\n<li>ab kr&nbsp;23.654<\/li>\n<\/ul>\n<p><div class=\"signin\"><a class=\"btn\" target=\"_self\" href=\"https:\/\/mikkelvik.com\/buchungen\/auswahl.zeitstrahl.php?jahr=27&#038;monat=10&#038;tag=9\">Jetzt hier buchen &gt;&gt;&gt;<\/a><\/div><\/div><!-- end pricing table column --><\/div><\/p>\n<p><\/div><\/p>\n<p>Weitere Preisvarianten auf Anfrage. Bei den angegebenen Preisen handelt es sich um Preisangaben inkl. gesetzlicher Mehrwert-Steuern. Die Transfer-Preise beziehen sich auf den Hin- und R\u00fccktransport vom und zum Flughafen in Troms\u00f8. Nicht inbegriffen sind Verpflegungskosten w\u00e4hrend des Aufenthalts sowie die Benzinkosten f\u00fcr die Nutzung der Boote. F\u00fcr die Nutzungsdauer der Boote wird eine Kaution erhoben.<\/p>\t\t\t\t\t\t\t\t<\/div>\n\t\t\t\t<\/div>\n\t\t\t\t\t<\/div>\n\t\t<\/div>\n\t\t\t\t\t<\/div>\n\t\t<\/section>\n\t\t\t\t<\/div>\n\t\t","protected":false},"excerpt":{"rendered":"<p>Die Saison-Preise f\u00fcr Meeresangeln in Mikkelvik, Nord-Norwegen Du m\u00f6chtest gern wissen, zu welchem Kronen-Preis Du 2027 bei uns buchen kannst? Hier haben wir alle Saisonpreise aufgelistet, die wir Dir derzeit anbieten k\u00f6nnen. Preis\u00fcbersicht f\u00fcr die Appartements mit 4 Personen Preis\u00fcbersicht f\u00fcr die Appartements mit 4+1 Personen ___________________________________________________________________________ Preis\u00fcbersicht f\u00fcr die Ferienh\u00e4user mit 9 Personen Preis\u00fcbersicht<\/p>\n","protected":false},"author":1,"featured_media":0,"parent":0,"menu_order":103,"comment_status":"closed","ping_status":"closed","template":"","meta":{"footnotes":"","_links_to":"","_links_to_target":""},"class_list":["post-1593","page","type-page","status-publish","hentry"],"yoast_head":"<!-- This site is optimized with the Yoast SEO plugin v27.2 - https:\/\/yoast.com\/product\/yoast-seo-wordpress\/ -->\n<title>PREISE - Mikkelvik Brygge, Nordlicht, Wale, Norwegen, Angelreise, Dorsch, Heilbutt<\/title>\n<meta name=\"robots\" content=\"index, follow, max-snippet:-1, max-image-preview:large, max-video-preview:-1\" \/>\n<link rel=\"canonical\" href=\"https:\/\/mikkelvik.com\/de\/preise\/\" \/>\n<meta property=\"og:locale\" content=\"de_DE\" \/>\n<meta property=\"og:type\" content=\"article\" \/>\n<meta property=\"og:title\" content=\"PREISE - Mikkelvik Brygge, Nordlicht, Wale, Norwegen, Angelreise, Dorsch, Heilbutt\" \/>\n<meta property=\"og:description\" content=\"Die Saison-Preise f\u00fcr Meeresangeln in Mikkelvik, Nord-Norwegen Du m\u00f6chtest gern wissen, zu welchem Kronen-Preis Du 2027 bei uns buchen kannst? Hier haben wir alle Saisonpreise aufgelistet, die wir Dir derzeit anbieten k\u00f6nnen. Preis\u00fcbersicht f\u00fcr die Appartements mit 4 Personen Preis\u00fcbersicht f\u00fcr die Appartements mit 4+1 Personen ___________________________________________________________________________ Preis\u00fcbersicht f\u00fcr die Ferienh\u00e4user mit 9 Personen Preis\u00fcbersicht\" \/>\n<meta property=\"og:url\" content=\"https:\/\/mikkelvik.com\/de\/preise\/\" \/>\n<meta property=\"og:site_name\" content=\"Mikkelvik Brygge, Nordlicht, Wale, Norwegen, Angelreise, Dorsch, Heilbutt\" \/>\n<meta property=\"article:modified_time\" content=\"2025-11-03T15:35:03+00:00\" \/>\n<meta name=\"twitter:card\" content=\"summary_large_image\" \/>\n<meta name=\"twitter:label1\" content=\"Gesch\u00e4tzte Lesezeit\" \/>\n\t<meta name=\"twitter:data1\" content=\"4\u00a0Minuten\" \/>\n<script type=\"application\/ld+json\" class=\"yoast-schema-graph\">{\"@context\":\"https:\/\/schema.org\",\"@graph\":[{\"@type\":\"WebPage\",\"@id\":\"https:\/\/mikkelvik.com\/de\/preise\/\",\"url\":\"https:\/\/mikkelvik.com\/de\/preise\/\",\"name\":\"PREISE - Mikkelvik Brygge, Nordlicht, Wale, Norwegen, Angelreise, Dorsch, Heilbutt\",\"isPartOf\":{\"@id\":\"https:\/\/mikkelvik.com\/de\/#website\"},\"datePublished\":\"2015-05-29T10:48:56+00:00\",\"dateModified\":\"2025-11-03T15:35:03+00:00\",\"breadcrumb\":{\"@id\":\"https:\/\/mikkelvik.com\/de\/preise\/#breadcrumb\"},\"inLanguage\":\"de\",\"potentialAction\":[{\"@type\":\"ReadAction\",\"target\":[\"https:\/\/mikkelvik.com\/de\/preise\/\"]}]},{\"@type\":\"BreadcrumbList\",\"@id\":\"https:\/\/mikkelvik.com\/de\/preise\/#breadcrumb\",\"itemListElement\":[{\"@type\":\"ListItem\",\"position\":1,\"name\":\"Home\",\"item\":\"https:\/\/mikkelvik.com\/de\/\"},{\"@type\":\"ListItem\",\"position\":2,\"name\":\"PREISE\"}]},{\"@type\":\"WebSite\",\"@id\":\"https:\/\/mikkelvik.com\/de\/#website\",\"url\":\"https:\/\/mikkelvik.com\/de\/\",\"name\":\"Mikkelvik Brygge, Nordlicht, Wale, Norwegen, Angelreise, Dorsch, Heilbutt\",\"description\":\"Meeresangeln und Angelreisen nach Norwegen in komfortablem Ferienhaus mit Boot in der N\u00e4he von Troms\u00f8\",\"potentialAction\":[{\"@type\":\"SearchAction\",\"target\":{\"@type\":\"EntryPoint\",\"urlTemplate\":\"https:\/\/mikkelvik.com\/de\/?s={search_term_string}\"},\"query-input\":{\"@type\":\"PropertyValueSpecification\",\"valueRequired\":true,\"valueName\":\"search_term_string\"}}],\"inLanguage\":\"de\"}]}<\/script>\n<!-- \/ Yoast SEO plugin. -->","yoast_head_json":{"title":"PREISE - Mikkelvik Brygge, Nordlicht, Wale, Norwegen, Angelreise, Dorsch, Heilbutt","robots":{"index":"index","follow":"follow","max-snippet":"max-snippet:-1","max-image-preview":"max-image-preview:large","max-video-preview":"max-video-preview:-1"},"canonical":"https:\/\/mikkelvik.com\/de\/preise\/","og_locale":"de_DE","og_type":"article","og_title":"PREISE - Mikkelvik Brygge, Nordlicht, Wale, Norwegen, Angelreise, Dorsch, Heilbutt","og_description":"Die Saison-Preise f\u00fcr Meeresangeln in Mikkelvik, Nord-Norwegen Du m\u00f6chtest gern wissen, zu welchem Kronen-Preis Du 2027 bei uns buchen kannst? Hier haben wir alle Saisonpreise aufgelistet, die wir Dir derzeit anbieten k\u00f6nnen. Preis\u00fcbersicht f\u00fcr die Appartements mit 4 Personen Preis\u00fcbersicht f\u00fcr die Appartements mit 4+1 Personen ___________________________________________________________________________ Preis\u00fcbersicht f\u00fcr die Ferienh\u00e4user mit 9 Personen Preis\u00fcbersicht","og_url":"https:\/\/mikkelvik.com\/de\/preise\/","og_site_name":"Mikkelvik Brygge, Nordlicht, Wale, Norwegen, Angelreise, Dorsch, Heilbutt","article_modified_time":"2025-11-03T15:35:03+00:00","twitter_card":"summary_large_image","twitter_misc":{"Gesch\u00e4tzte Lesezeit":"4\u00a0Minuten"},"schema":{"@context":"https:\/\/schema.org","@graph":[{"@type":"WebPage","@id":"https:\/\/mikkelvik.com\/de\/preise\/","url":"https:\/\/mikkelvik.com\/de\/preise\/","name":"PREISE - Mikkelvik Brygge, Nordlicht, Wale, Norwegen, Angelreise, Dorsch, Heilbutt","isPartOf":{"@id":"https:\/\/mikkelvik.com\/de\/#website"},"datePublished":"2015-05-29T10:48:56+00:00","dateModified":"2025-11-03T15:35:03+00:00","breadcrumb":{"@id":"https:\/\/mikkelvik.com\/de\/preise\/#breadcrumb"},"inLanguage":"de","potentialAction":[{"@type":"ReadAction","target":["https:\/\/mikkelvik.com\/de\/preise\/"]}]},{"@type":"BreadcrumbList","@id":"https:\/\/mikkelvik.com\/de\/preise\/#breadcrumb","itemListElement":[{"@type":"ListItem","position":1,"name":"Home","item":"https:\/\/mikkelvik.com\/de\/"},{"@type":"ListItem","position":2,"name":"PREISE"}]},{"@type":"WebSite","@id":"https:\/\/mikkelvik.com\/de\/#website","url":"https:\/\/mikkelvik.com\/de\/","name":"Mikkelvik Brygge, Nordlicht, Wale, Norwegen, Angelreise, Dorsch, Heilbutt","description":"Meeresangeln und Angelreisen nach Norwegen in komfortablem Ferienhaus mit Boot in der N\u00e4he von Troms\u00f8","potentialAction":[{"@type":"SearchAction","target":{"@type":"EntryPoint","urlTemplate":"https:\/\/mikkelvik.com\/de\/?s={search_term_string}"},"query-input":{"@type":"PropertyValueSpecification","valueRequired":true,"valueName":"search_term_string"}}],"inLanguage":"de"}]}},"_links":{"self":[{"href":"https:\/\/mikkelvik.com\/de\/wp-json\/wp\/v2\/pages\/1593","targetHints":{"allow":["GET"]}}],"collection":[{"href":"https:\/\/mikkelvik.com\/de\/wp-json\/wp\/v2\/pages"}],"about":[{"href":"https:\/\/mikkelvik.com\/de\/wp-json\/wp\/v2\/types\/page"}],"author":[{"embeddable":true,"href":"https:\/\/mikkelvik.com\/de\/wp-json\/wp\/v2\/users\/1"}],"replies":[{"embeddable":true,"href":"https:\/\/mikkelvik.com\/de\/wp-json\/wp\/v2\/comments?post=1593"}],"version-history":[{"count":216,"href":"https:\/\/mikkelvik.com\/de\/wp-json\/wp\/v2\/pages\/1593\/revisions"}],"predecessor-version":[{"id":10155,"href":"https:\/\/mikkelvik.com\/de\/wp-json\/wp\/v2\/pages\/1593\/revisions\/10155"}],"wp:attachment":[{"href":"https:\/\/mikkelvik.com\/de\/wp-json\/wp\/v2\/media?parent=1593"}],"curies":[{"name":"wp","href":"https:\/\/api.w.org\/{rel}","templated":true}]}}