{"id":1584,"date":"2015-05-29T12:44:51","date_gmt":"2015-05-29T10:44:51","guid":{"rendered":"https:\/\/mikkelvik.com\/?page_id=1584"},"modified":"2025-09-08T08:17:58","modified_gmt":"2025-09-08T06:17:58","slug":"quar-tour","status":"publish","type":"page","link":"https:\/\/mikkelvik.com\/de\/aktivitaeten\/quar-tour\/","title":{"rendered":"Quad-Tour"},"content":{"rendered":"<div class=\"row mfp-gallery mfp-gallery--misc\">\n<h1><strong>Winterwunder auf vier R\u00e4dern \u2013 Dein unvergessliches Fjord-Abenteuer<\/h1>\n<p><\/strong><strong><em>Sp\u00fcre den Herzschlag der Natur bei unserer einzigartigen Winter-Quad-Tour!<br \/>\nErlebe pure Freiheit, w\u00e4hrend du entlang des majest\u00e4tischen Fjords durch glitzernden Schnee und frische, klare Luft gleitest.<br \/>\nJeder Moment offenbart atemberaubende Winterlandschaften und eine Stille, die tief ber\u00fchrt.<\/p>\n<p>Nach dem aufregenden Ritt laden wir dich ein, dich am knisternden Feuer mit hei\u00dfem Tee und k\u00f6stlichen Snacks zu w\u00e4rmen \u2013 ein Moment voller W\u00e4rme, Geborgenheit und gemeinsamer Freude.<br \/>\nTauche ein in dieses unvergessliche Erlebnis, das K\u00f6rper und Seele befl\u00fcgelt.<\/p>\n<p>Deine Winter-Quad-Tour \u2013 mehr als ein Ausflug, ein Gef\u00fchl, das bleibt.<\/strong><\/em><\/p>\n<div>\n<strong>WANN:<\/strong><br \/>\nganzj\u00e4hrig<\/p>\n<p><strong>DAUER:<\/strong><br \/>\ncirca 3 Stunden<\/p>\n<p><strong>ANZAHL TEILNEHMER:<\/strong><br \/>\nMaximal 5 Personen (auf insgesamt 3 Quads)<br \/>\nFahrer ab 18 Jahre mit F\u00fchrerschein Klasse B<\/p>\n<p><strong>KOSTEN:<\/strong><br \/>\n2.000 NOK pro Person \u2013 Benzin extra<\/p>\n<p><strong>WAS IST INKLUSIVE:<\/strong><br \/>\nEinweisung in die Quad Bedienung<br \/>\nQuad und Guide<br \/>\nHochwertige warme Getr\u00e4nke und Snacks<br \/>\nWarme Anz\u00fcge<br \/>\nLagerfeuer<br \/>\nDigitale Fotoss<\/p>\n<\/div>\n<\/div>\n","protected":false},"excerpt":{"rendered":"<p>Winterwunder auf vier R\u00e4dern \u2013 Dein unvergessliches Fjord-Abenteuer Sp\u00fcre den Herzschlag der Natur bei unserer einzigartigen Winter-Quad-Tour! Erlebe pure Freiheit, w\u00e4hrend du entlang des majest\u00e4tischen Fjords durch glitzernden Schnee und frische, klare Luft gleitest. Jeder Moment offenbart atemberaubende Winterlandschaften und eine Stille, die tief ber\u00fchrt. Nach dem aufregenden Ritt laden wir dich ein, dich am<\/p>\n","protected":false},"author":1,"featured_media":0,"parent":1572,"menu_order":100,"comment_status":"closed","ping_status":"closed","template":"","meta":{"footnotes":"","_links_to":"","_links_to_target":""},"class_list":["post-1584","page","type-page","status-publish","hentry"],"yoast_head":"<!-- This site is optimized with the Yoast SEO plugin v27.2 - https:\/\/yoast.com\/product\/yoast-seo-wordpress\/ -->\n<title>Quad-Tour - Mikkelvik Brygge, Nordlicht, Wale, Norwegen, Angelreise, Dorsch, Heilbutt<\/title>\n<meta name=\"robots\" content=\"index, follow, max-snippet:-1, max-image-preview:large, max-video-preview:-1\" \/>\n<link rel=\"canonical\" href=\"https:\/\/mikkelvik.com\/de\/aktivitaeten\/quar-tour\/\" \/>\n<meta property=\"og:locale\" content=\"de_DE\" \/>\n<meta property=\"og:type\" content=\"article\" \/>\n<meta property=\"og:title\" content=\"Quad-Tour - Mikkelvik Brygge, Nordlicht, Wale, Norwegen, Angelreise, Dorsch, Heilbutt\" \/>\n<meta property=\"og:description\" content=\"Winterwunder auf vier R\u00e4dern \u2013 Dein unvergessliches Fjord-Abenteuer Sp\u00fcre den Herzschlag der Natur bei unserer einzigartigen Winter-Quad-Tour! Erlebe pure Freiheit, w\u00e4hrend du entlang des majest\u00e4tischen Fjords durch glitzernden Schnee und frische, klare Luft gleitest. Jeder Moment offenbart atemberaubende Winterlandschaften und eine Stille, die tief ber\u00fchrt. Nach dem aufregenden Ritt laden wir dich ein, dich am\" \/>\n<meta property=\"og:url\" content=\"https:\/\/mikkelvik.com\/de\/aktivitaeten\/quar-tour\/\" \/>\n<meta property=\"og:site_name\" content=\"Mikkelvik Brygge, Nordlicht, Wale, Norwegen, Angelreise, Dorsch, Heilbutt\" \/>\n<meta property=\"article:modified_time\" content=\"2025-09-08T06:17:58+00:00\" \/>\n<meta name=\"twitter:card\" content=\"summary_large_image\" \/>\n<meta name=\"twitter:label1\" content=\"Gesch\u00e4tzte Lesezeit\" \/>\n\t<meta name=\"twitter:data1\" content=\"1\u00a0Minute\" \/>\n<script type=\"application\/ld+json\" class=\"yoast-schema-graph\">{\"@context\":\"https:\/\/schema.org\",\"@graph\":[{\"@type\":\"WebPage\",\"@id\":\"https:\/\/mikkelvik.com\/de\/aktivitaeten\/quar-tour\/\",\"url\":\"https:\/\/mikkelvik.com\/de\/aktivitaeten\/quar-tour\/\",\"name\":\"Quad-Tour - Mikkelvik Brygge, Nordlicht, Wale, Norwegen, Angelreise, Dorsch, Heilbutt\",\"isPartOf\":{\"@id\":\"https:\/\/mikkelvik.com\/de\/#website\"},\"datePublished\":\"2015-05-29T10:44:51+00:00\",\"dateModified\":\"2025-09-08T06:17:58+00:00\",\"breadcrumb\":{\"@id\":\"https:\/\/mikkelvik.com\/de\/aktivitaeten\/quar-tour\/#breadcrumb\"},\"inLanguage\":\"de\",\"potentialAction\":[{\"@type\":\"ReadAction\",\"target\":[\"https:\/\/mikkelvik.com\/de\/aktivitaeten\/quar-tour\/\"]}]},{\"@type\":\"BreadcrumbList\",\"@id\":\"https:\/\/mikkelvik.com\/de\/aktivitaeten\/quar-tour\/#breadcrumb\",\"itemListElement\":[{\"@type\":\"ListItem\",\"position\":1,\"name\":\"Home\",\"item\":\"https:\/\/mikkelvik.com\/de\/\"},{\"@type\":\"ListItem\",\"position\":2,\"name\":\"AKTIVIT\u00c4TEN\",\"item\":\"https:\/\/mikkelvik.com\/de\/aktivitaeten\/\"},{\"@type\":\"ListItem\",\"position\":3,\"name\":\"Quad-Tour\"}]},{\"@type\":\"WebSite\",\"@id\":\"https:\/\/mikkelvik.com\/de\/#website\",\"url\":\"https:\/\/mikkelvik.com\/de\/\",\"name\":\"Mikkelvik Brygge, Nordlicht, Wale, Norwegen, Angelreise, Dorsch, Heilbutt\",\"description\":\"Meeresangeln und Angelreisen nach Norwegen in komfortablem Ferienhaus mit Boot in der N\u00e4he von Troms\u00f8\",\"potentialAction\":[{\"@type\":\"SearchAction\",\"target\":{\"@type\":\"EntryPoint\",\"urlTemplate\":\"https:\/\/mikkelvik.com\/de\/?s={search_term_string}\"},\"query-input\":{\"@type\":\"PropertyValueSpecification\",\"valueRequired\":true,\"valueName\":\"search_term_string\"}}],\"inLanguage\":\"de\"}]}<\/script>\n<!-- \/ Yoast SEO plugin. -->","yoast_head_json":{"title":"Quad-Tour - Mikkelvik Brygge, Nordlicht, Wale, Norwegen, Angelreise, Dorsch, Heilbutt","robots":{"index":"index","follow":"follow","max-snippet":"max-snippet:-1","max-image-preview":"max-image-preview:large","max-video-preview":"max-video-preview:-1"},"canonical":"https:\/\/mikkelvik.com\/de\/aktivitaeten\/quar-tour\/","og_locale":"de_DE","og_type":"article","og_title":"Quad-Tour - Mikkelvik Brygge, Nordlicht, Wale, Norwegen, Angelreise, Dorsch, Heilbutt","og_description":"Winterwunder auf vier R\u00e4dern \u2013 Dein unvergessliches Fjord-Abenteuer Sp\u00fcre den Herzschlag der Natur bei unserer einzigartigen Winter-Quad-Tour! Erlebe pure Freiheit, w\u00e4hrend du entlang des majest\u00e4tischen Fjords durch glitzernden Schnee und frische, klare Luft gleitest. Jeder Moment offenbart atemberaubende Winterlandschaften und eine Stille, die tief ber\u00fchrt. Nach dem aufregenden Ritt laden wir dich ein, dich am","og_url":"https:\/\/mikkelvik.com\/de\/aktivitaeten\/quar-tour\/","og_site_name":"Mikkelvik Brygge, Nordlicht, Wale, Norwegen, Angelreise, Dorsch, Heilbutt","article_modified_time":"2025-09-08T06:17:58+00:00","twitter_card":"summary_large_image","twitter_misc":{"Gesch\u00e4tzte Lesezeit":"1\u00a0Minute"},"schema":{"@context":"https:\/\/schema.org","@graph":[{"@type":"WebPage","@id":"https:\/\/mikkelvik.com\/de\/aktivitaeten\/quar-tour\/","url":"https:\/\/mikkelvik.com\/de\/aktivitaeten\/quar-tour\/","name":"Quad-Tour - Mikkelvik Brygge, Nordlicht, Wale, Norwegen, Angelreise, Dorsch, Heilbutt","isPartOf":{"@id":"https:\/\/mikkelvik.com\/de\/#website"},"datePublished":"2015-05-29T10:44:51+00:00","dateModified":"2025-09-08T06:17:58+00:00","breadcrumb":{"@id":"https:\/\/mikkelvik.com\/de\/aktivitaeten\/quar-tour\/#breadcrumb"},"inLanguage":"de","potentialAction":[{"@type":"ReadAction","target":["https:\/\/mikkelvik.com\/de\/aktivitaeten\/quar-tour\/"]}]},{"@type":"BreadcrumbList","@id":"https:\/\/mikkelvik.com\/de\/aktivitaeten\/quar-tour\/#breadcrumb","itemListElement":[{"@type":"ListItem","position":1,"name":"Home","item":"https:\/\/mikkelvik.com\/de\/"},{"@type":"ListItem","position":2,"name":"AKTIVIT\u00c4TEN","item":"https:\/\/mikkelvik.com\/de\/aktivitaeten\/"},{"@type":"ListItem","position":3,"name":"Quad-Tour"}]},{"@type":"WebSite","@id":"https:\/\/mikkelvik.com\/de\/#website","url":"https:\/\/mikkelvik.com\/de\/","name":"Mikkelvik Brygge, Nordlicht, Wale, Norwegen, Angelreise, Dorsch, Heilbutt","description":"Meeresangeln und Angelreisen nach Norwegen in komfortablem Ferienhaus mit Boot in der N\u00e4he von Troms\u00f8","potentialAction":[{"@type":"SearchAction","target":{"@type":"EntryPoint","urlTemplate":"https:\/\/mikkelvik.com\/de\/?s={search_term_string}"},"query-input":{"@type":"PropertyValueSpecification","valueRequired":true,"valueName":"search_term_string"}}],"inLanguage":"de"}]}},"_links":{"self":[{"href":"https:\/\/mikkelvik.com\/de\/wp-json\/wp\/v2\/pages\/1584","targetHints":{"allow":["GET"]}}],"collection":[{"href":"https:\/\/mikkelvik.com\/de\/wp-json\/wp\/v2\/pages"}],"about":[{"href":"https:\/\/mikkelvik.com\/de\/wp-json\/wp\/v2\/types\/page"}],"author":[{"embeddable":true,"href":"https:\/\/mikkelvik.com\/de\/wp-json\/wp\/v2\/users\/1"}],"replies":[{"embeddable":true,"href":"https:\/\/mikkelvik.com\/de\/wp-json\/wp\/v2\/comments?post=1584"}],"version-history":[{"count":7,"href":"https:\/\/mikkelvik.com\/de\/wp-json\/wp\/v2\/pages\/1584\/revisions"}],"predecessor-version":[{"id":10056,"href":"https:\/\/mikkelvik.com\/de\/wp-json\/wp\/v2\/pages\/1584\/revisions\/10056"}],"up":[{"embeddable":true,"href":"https:\/\/mikkelvik.com\/de\/wp-json\/wp\/v2\/pages\/1572"}],"wp:attachment":[{"href":"https:\/\/mikkelvik.com\/de\/wp-json\/wp\/v2\/media?parent=1584"}],"curies":[{"name":"wp","href":"https:\/\/api.w.org\/{rel}","templated":true}]}}