{"id":1582,"date":"2015-05-29T12:43:54","date_gmt":"2015-05-29T10:43:54","guid":{"rendered":"https:\/\/mikkelvik.com\/?page_id=1582"},"modified":"2025-09-08T07:54:05","modified_gmt":"2025-09-08T05:54:05","slug":"schneeschuh","status":"publish","type":"page","link":"https:\/\/mikkelvik.com\/de\/aktivitaeten\/schneeschuh\/","title":{"rendered":"SCHNEESCHUHTOUR"},"content":{"rendered":"<div class=\"row mfp-gallery mfp-gallery--misc\">\n<h1><strong>Winterzauber pur: Exklusive Schneeschuhtour in unber\u00fchrter Natur<\/strong><\/h1>\n<p><strong><em>Tauche ein in ein Winterm\u00e4rchen aus funkelndem Schnee und unber\u00fchrter Natur \u2013 nur du und dein Guide, ganz allein in dieser stillen, magischen Welt.<br \/>\nDie klare, frische Luft erf\u00fcllt deine Lungen, w\u00e4hrend jeder Schritt im glitzernden Wei\u00df dich n\u00e4her zur Natur und zu dir selbst bringt.<\/p>\n<p>Egal, wie fit du bist, gemeinsam finden wir dein perfektes Tempo, damit du dieses einzigartige Erlebnis voll und ganz genie\u00dfen kannst.<\/p>\n<p>Lass dich von der Sch\u00f6nheit der winterlichen Landschaft verzaubern und sp\u00fcre die Kraft und Leichtigkeit, die nur ein Moment in der Stille schenken kann.<br \/>\nDein pers\u00f6nliches Abenteuer wartet \u2013 komm und erlebe es!<br \/>\n<\/em><\/strong><\/p>\n<div>\n<strong>WANN:<\/strong><br \/>\nDezember bis Mitte M\u00e4rz<\/p>\n<p><strong>DAUER:<\/strong><br \/>\n3 Stunden oder 5 Stunden<\/p>\n<p><strong>ANZAHL TEILNEHMER:<\/strong><br \/>\nMaximal 6 Personen<\/p>\n<p><strong>KOSTEN:<\/strong><br \/>\n800 NOK pro Person oder 1.600 NOK pro Person<\/p>\n<p><strong>WAS IST INKLUSIVE:<\/strong><br \/>\nSchneeschuhe und St\u00f6cke<br \/>\nWarmer Dress<br \/>\nHochwertige warme Getr\u00e4nke und Snacks (3 Stunden-Tour) und regionale Suppe im Lavuu (5 Stunden-Tour)<br \/>\nPers\u00f6nlicher Guide<br \/>\nDigitale Fotos\n<\/div>\n<\/div>\n","protected":false},"excerpt":{"rendered":"<p>Winterzauber pur: Exklusive Schneeschuhtour in unber\u00fchrter Natur Tauche ein in ein Winterm\u00e4rchen aus funkelndem Schnee und unber\u00fchrter Natur \u2013 nur du und dein Guide, ganz allein in dieser stillen, magischen Welt. Die klare, frische Luft erf\u00fcllt deine Lungen, w\u00e4hrend jeder Schritt im glitzernden Wei\u00df dich n\u00e4her zur Natur und zu dir selbst bringt. Egal, wie<\/p>\n","protected":false},"author":1,"featured_media":0,"parent":1572,"menu_order":97,"comment_status":"closed","ping_status":"closed","template":"","meta":{"footnotes":"","_links_to":"","_links_to_target":""},"class_list":["post-1582","page","type-page","status-publish","hentry"],"yoast_head":"<!-- This site is optimized with the Yoast SEO plugin v27.2 - https:\/\/yoast.com\/product\/yoast-seo-wordpress\/ -->\n<title>SCHNEESCHUHTOUR - Mikkelvik Brygge, Nordlicht, Wale, Norwegen, Angelreise, Dorsch, Heilbutt<\/title>\n<meta name=\"robots\" content=\"index, follow, max-snippet:-1, max-image-preview:large, max-video-preview:-1\" \/>\n<link rel=\"canonical\" href=\"https:\/\/mikkelvik.com\/de\/aktivitaeten\/schneeschuh\/\" \/>\n<meta property=\"og:locale\" content=\"de_DE\" \/>\n<meta property=\"og:type\" content=\"article\" \/>\n<meta property=\"og:title\" content=\"SCHNEESCHUHTOUR - Mikkelvik Brygge, Nordlicht, Wale, Norwegen, Angelreise, Dorsch, Heilbutt\" \/>\n<meta property=\"og:description\" content=\"Winterzauber pur: Exklusive Schneeschuhtour in unber\u00fchrter Natur Tauche ein in ein Winterm\u00e4rchen aus funkelndem Schnee und unber\u00fchrter Natur \u2013 nur du und dein Guide, ganz allein in dieser stillen, magischen Welt. Die klare, frische Luft erf\u00fcllt deine Lungen, w\u00e4hrend jeder Schritt im glitzernden Wei\u00df dich n\u00e4her zur Natur und zu dir selbst bringt. Egal, wie\" \/>\n<meta property=\"og:url\" content=\"https:\/\/mikkelvik.com\/de\/aktivitaeten\/schneeschuh\/\" \/>\n<meta property=\"og:site_name\" content=\"Mikkelvik Brygge, Nordlicht, Wale, Norwegen, Angelreise, Dorsch, Heilbutt\" \/>\n<meta property=\"article:modified_time\" content=\"2025-09-08T05:54:05+00:00\" \/>\n<meta name=\"twitter:card\" content=\"summary_large_image\" \/>\n<meta name=\"twitter:label1\" content=\"Gesch\u00e4tzte Lesezeit\" \/>\n\t<meta name=\"twitter:data1\" content=\"2\u00a0Minuten\" \/>\n<script type=\"application\/ld+json\" class=\"yoast-schema-graph\">{\"@context\":\"https:\/\/schema.org\",\"@graph\":[{\"@type\":\"WebPage\",\"@id\":\"https:\/\/mikkelvik.com\/de\/aktivitaeten\/schneeschuh\/\",\"url\":\"https:\/\/mikkelvik.com\/de\/aktivitaeten\/schneeschuh\/\",\"name\":\"SCHNEESCHUHTOUR - Mikkelvik Brygge, Nordlicht, Wale, Norwegen, Angelreise, Dorsch, Heilbutt\",\"isPartOf\":{\"@id\":\"https:\/\/mikkelvik.com\/de\/#website\"},\"datePublished\":\"2015-05-29T10:43:54+00:00\",\"dateModified\":\"2025-09-08T05:54:05+00:00\",\"breadcrumb\":{\"@id\":\"https:\/\/mikkelvik.com\/de\/aktivitaeten\/schneeschuh\/#breadcrumb\"},\"inLanguage\":\"de\",\"potentialAction\":[{\"@type\":\"ReadAction\",\"target\":[\"https:\/\/mikkelvik.com\/de\/aktivitaeten\/schneeschuh\/\"]}]},{\"@type\":\"BreadcrumbList\",\"@id\":\"https:\/\/mikkelvik.com\/de\/aktivitaeten\/schneeschuh\/#breadcrumb\",\"itemListElement\":[{\"@type\":\"ListItem\",\"position\":1,\"name\":\"Home\",\"item\":\"https:\/\/mikkelvik.com\/de\/\"},{\"@type\":\"ListItem\",\"position\":2,\"name\":\"AKTIVIT\u00c4TEN\",\"item\":\"https:\/\/mikkelvik.com\/de\/aktivitaeten\/\"},{\"@type\":\"ListItem\",\"position\":3,\"name\":\"SCHNEESCHUHTOUR\"}]},{\"@type\":\"WebSite\",\"@id\":\"https:\/\/mikkelvik.com\/de\/#website\",\"url\":\"https:\/\/mikkelvik.com\/de\/\",\"name\":\"Mikkelvik Brygge, Nordlicht, Wale, Norwegen, Angelreise, Dorsch, Heilbutt\",\"description\":\"Meeresangeln und Angelreisen nach Norwegen in komfortablem Ferienhaus mit Boot in der N\u00e4he von Troms\u00f8\",\"potentialAction\":[{\"@type\":\"SearchAction\",\"target\":{\"@type\":\"EntryPoint\",\"urlTemplate\":\"https:\/\/mikkelvik.com\/de\/?s={search_term_string}\"},\"query-input\":{\"@type\":\"PropertyValueSpecification\",\"valueRequired\":true,\"valueName\":\"search_term_string\"}}],\"inLanguage\":\"de\"}]}<\/script>\n<!-- \/ Yoast SEO plugin. -->","yoast_head_json":{"title":"SCHNEESCHUHTOUR - Mikkelvik Brygge, Nordlicht, Wale, Norwegen, Angelreise, Dorsch, Heilbutt","robots":{"index":"index","follow":"follow","max-snippet":"max-snippet:-1","max-image-preview":"max-image-preview:large","max-video-preview":"max-video-preview:-1"},"canonical":"https:\/\/mikkelvik.com\/de\/aktivitaeten\/schneeschuh\/","og_locale":"de_DE","og_type":"article","og_title":"SCHNEESCHUHTOUR - Mikkelvik Brygge, Nordlicht, Wale, Norwegen, Angelreise, Dorsch, Heilbutt","og_description":"Winterzauber pur: Exklusive Schneeschuhtour in unber\u00fchrter Natur Tauche ein in ein Winterm\u00e4rchen aus funkelndem Schnee und unber\u00fchrter Natur \u2013 nur du und dein Guide, ganz allein in dieser stillen, magischen Welt. Die klare, frische Luft erf\u00fcllt deine Lungen, w\u00e4hrend jeder Schritt im glitzernden Wei\u00df dich n\u00e4her zur Natur und zu dir selbst bringt. Egal, wie","og_url":"https:\/\/mikkelvik.com\/de\/aktivitaeten\/schneeschuh\/","og_site_name":"Mikkelvik Brygge, Nordlicht, Wale, Norwegen, Angelreise, Dorsch, Heilbutt","article_modified_time":"2025-09-08T05:54:05+00:00","twitter_card":"summary_large_image","twitter_misc":{"Gesch\u00e4tzte Lesezeit":"2\u00a0Minuten"},"schema":{"@context":"https:\/\/schema.org","@graph":[{"@type":"WebPage","@id":"https:\/\/mikkelvik.com\/de\/aktivitaeten\/schneeschuh\/","url":"https:\/\/mikkelvik.com\/de\/aktivitaeten\/schneeschuh\/","name":"SCHNEESCHUHTOUR - Mikkelvik Brygge, Nordlicht, Wale, Norwegen, Angelreise, Dorsch, Heilbutt","isPartOf":{"@id":"https:\/\/mikkelvik.com\/de\/#website"},"datePublished":"2015-05-29T10:43:54+00:00","dateModified":"2025-09-08T05:54:05+00:00","breadcrumb":{"@id":"https:\/\/mikkelvik.com\/de\/aktivitaeten\/schneeschuh\/#breadcrumb"},"inLanguage":"de","potentialAction":[{"@type":"ReadAction","target":["https:\/\/mikkelvik.com\/de\/aktivitaeten\/schneeschuh\/"]}]},{"@type":"BreadcrumbList","@id":"https:\/\/mikkelvik.com\/de\/aktivitaeten\/schneeschuh\/#breadcrumb","itemListElement":[{"@type":"ListItem","position":1,"name":"Home","item":"https:\/\/mikkelvik.com\/de\/"},{"@type":"ListItem","position":2,"name":"AKTIVIT\u00c4TEN","item":"https:\/\/mikkelvik.com\/de\/aktivitaeten\/"},{"@type":"ListItem","position":3,"name":"SCHNEESCHUHTOUR"}]},{"@type":"WebSite","@id":"https:\/\/mikkelvik.com\/de\/#website","url":"https:\/\/mikkelvik.com\/de\/","name":"Mikkelvik Brygge, Nordlicht, Wale, Norwegen, Angelreise, Dorsch, Heilbutt","description":"Meeresangeln und Angelreisen nach Norwegen in komfortablem Ferienhaus mit Boot in der N\u00e4he von Troms\u00f8","potentialAction":[{"@type":"SearchAction","target":{"@type":"EntryPoint","urlTemplate":"https:\/\/mikkelvik.com\/de\/?s={search_term_string}"},"query-input":{"@type":"PropertyValueSpecification","valueRequired":true,"valueName":"search_term_string"}}],"inLanguage":"de"}]}},"_links":{"self":[{"href":"https:\/\/mikkelvik.com\/de\/wp-json\/wp\/v2\/pages\/1582","targetHints":{"allow":["GET"]}}],"collection":[{"href":"https:\/\/mikkelvik.com\/de\/wp-json\/wp\/v2\/pages"}],"about":[{"href":"https:\/\/mikkelvik.com\/de\/wp-json\/wp\/v2\/types\/page"}],"author":[{"embeddable":true,"href":"https:\/\/mikkelvik.com\/de\/wp-json\/wp\/v2\/users\/1"}],"replies":[{"embeddable":true,"href":"https:\/\/mikkelvik.com\/de\/wp-json\/wp\/v2\/comments?post=1582"}],"version-history":[{"count":10,"href":"https:\/\/mikkelvik.com\/de\/wp-json\/wp\/v2\/pages\/1582\/revisions"}],"predecessor-version":[{"id":10043,"href":"https:\/\/mikkelvik.com\/de\/wp-json\/wp\/v2\/pages\/1582\/revisions\/10043"}],"up":[{"embeddable":true,"href":"https:\/\/mikkelvik.com\/de\/wp-json\/wp\/v2\/pages\/1572"}],"wp:attachment":[{"href":"https:\/\/mikkelvik.com\/de\/wp-json\/wp\/v2\/media?parent=1582"}],"curies":[{"name":"wp","href":"https:\/\/api.w.org\/{rel}","templated":true}]}}