{"id":1572,"date":"2015-05-29T12:37:08","date_gmt":"2015-05-29T10:37:08","guid":{"rendered":"https:\/\/mikkelvik.com\/?page_id=1572"},"modified":"2026-03-03T18:42:46","modified_gmt":"2026-03-03T17:42:46","slug":"aktivitaeten","status":"publish","type":"page","link":"https:\/\/mikkelvik.com\/de\/aktivitaeten\/","title":{"rendered":"AKTIVIT\u00c4TEN"},"content":{"rendered":"<h1>Viele M\u00f6glichkeiten warten auf Dich, um den Urlaub zu versch\u00f6nern<\/h1>\n<h3><em>Eine Reise nach MIKKELVIK BRYGGE birgt endlose M\u00f6glichkeiten. Neben dem Meeresangeln im Skag\u00f8ysund oder im offenen Meer kannst Du auch anders Deine Zeit hier verbringen.<\/em><\/h3>\n","protected":false},"excerpt":{"rendered":"<p>Viele M\u00f6glichkeiten warten auf Dich, um den Urlaub zu versch\u00f6nern Eine Reise nach MIKKELVIK BRYGGE birgt endlose M\u00f6glichkeiten. Neben dem Meeresangeln im Skag\u00f8ysund oder im offenen Meer kannst Du auch anders Deine Zeit hier verbringen.<\/p>\n","protected":false},"author":1,"featured_media":0,"parent":0,"menu_order":82,"comment_status":"closed","ping_status":"closed","template":"","meta":{"footnotes":"","_links_to":"","_links_to_target":""},"class_list":["post-1572","page","type-page","status-publish","hentry"],"yoast_head":"<!-- This site is optimized with the Yoast SEO plugin v27.2 - https:\/\/yoast.com\/product\/yoast-seo-wordpress\/ -->\n<title>Aktivit\u00e4ten Norwegen: Angeln, Winterurlaub, Nordlichter sehen - hier in Mikkelvik Brygge<\/title>\n<meta name=\"description\" content=\"Vielseitige Aktivit\u00e4ten sind in Norwegen m\u00f6glich. Ob Angeln, Urlaub im Schnee und nat\u00fcrlich Nordlicher sehen. Das sind unsere Abenteuer-Pakete.\" \/>\n<meta name=\"robots\" content=\"index, follow, max-snippet:-1, max-image-preview:large, max-video-preview:-1\" \/>\n<link rel=\"canonical\" href=\"https:\/\/mikkelvik.com\/de\/aktivitaeten\/\" \/>\n<meta property=\"og:locale\" content=\"de_DE\" \/>\n<meta property=\"og:type\" content=\"article\" \/>\n<meta property=\"og:title\" content=\"Aktivit\u00e4ten Norwegen: Angeln, Winterurlaub, Nordlichter sehen - hier in Mikkelvik Brygge\" \/>\n<meta property=\"og:description\" content=\"Vielseitige Aktivit\u00e4ten sind in Norwegen m\u00f6glich. Ob Angeln, Urlaub im Schnee und nat\u00fcrlich Nordlicher sehen. Das sind unsere Abenteuer-Pakete.\" \/>\n<meta property=\"og:url\" content=\"https:\/\/mikkelvik.com\/de\/aktivitaeten\/\" \/>\n<meta property=\"og:site_name\" content=\"Mikkelvik Brygge, Nordlicht, Wale, Norwegen, Angelreise, Dorsch, Heilbutt\" \/>\n<meta property=\"article:modified_time\" content=\"2026-03-03T17:42:46+00:00\" \/>\n<meta name=\"twitter:card\" content=\"summary_large_image\" \/>\n<meta name=\"twitter:label1\" content=\"Gesch\u00e4tzte Lesezeit\" \/>\n\t<meta name=\"twitter:data1\" content=\"1\u00a0Minute\" \/>\n<script type=\"application\/ld+json\" class=\"yoast-schema-graph\">{\"@context\":\"https:\/\/schema.org\",\"@graph\":[{\"@type\":\"WebPage\",\"@id\":\"https:\/\/mikkelvik.com\/de\/aktivitaeten\/\",\"url\":\"https:\/\/mikkelvik.com\/de\/aktivitaeten\/\",\"name\":\"Aktivit\u00e4ten Norwegen: Angeln, Winterurlaub, Nordlichter sehen - hier in Mikkelvik Brygge\",\"isPartOf\":{\"@id\":\"https:\/\/mikkelvik.com\/de\/#website\"},\"datePublished\":\"2015-05-29T10:37:08+00:00\",\"dateModified\":\"2026-03-03T17:42:46+00:00\",\"description\":\"Vielseitige Aktivit\u00e4ten sind in Norwegen m\u00f6glich. Ob Angeln, Urlaub im Schnee und nat\u00fcrlich Nordlicher sehen. Das sind unsere Abenteuer-Pakete.\",\"breadcrumb\":{\"@id\":\"https:\/\/mikkelvik.com\/de\/aktivitaeten\/#breadcrumb\"},\"inLanguage\":\"de\",\"potentialAction\":[{\"@type\":\"ReadAction\",\"target\":[\"https:\/\/mikkelvik.com\/de\/aktivitaeten\/\"]}]},{\"@type\":\"BreadcrumbList\",\"@id\":\"https:\/\/mikkelvik.com\/de\/aktivitaeten\/#breadcrumb\",\"itemListElement\":[{\"@type\":\"ListItem\",\"position\":1,\"name\":\"Home\",\"item\":\"https:\/\/mikkelvik.com\/de\/\"},{\"@type\":\"ListItem\",\"position\":2,\"name\":\"AKTIVIT\u00c4TEN\"}]},{\"@type\":\"WebSite\",\"@id\":\"https:\/\/mikkelvik.com\/de\/#website\",\"url\":\"https:\/\/mikkelvik.com\/de\/\",\"name\":\"Mikkelvik Brygge, Nordlicht, Wale, Norwegen, Angelreise, Dorsch, Heilbutt\",\"description\":\"Meeresangeln und Angelreisen nach Norwegen in komfortablem Ferienhaus mit Boot in der N\u00e4he von Troms\u00f8\",\"potentialAction\":[{\"@type\":\"SearchAction\",\"target\":{\"@type\":\"EntryPoint\",\"urlTemplate\":\"https:\/\/mikkelvik.com\/de\/?s={search_term_string}\"},\"query-input\":{\"@type\":\"PropertyValueSpecification\",\"valueRequired\":true,\"valueName\":\"search_term_string\"}}],\"inLanguage\":\"de\"}]}<\/script>\n<!-- \/ Yoast SEO plugin. -->","yoast_head_json":{"title":"Aktivit\u00e4ten Norwegen: Angeln, Winterurlaub, Nordlichter sehen - hier in Mikkelvik Brygge","description":"Vielseitige Aktivit\u00e4ten sind in Norwegen m\u00f6glich. Ob Angeln, Urlaub im Schnee und nat\u00fcrlich Nordlicher sehen. Das sind unsere Abenteuer-Pakete.","robots":{"index":"index","follow":"follow","max-snippet":"max-snippet:-1","max-image-preview":"max-image-preview:large","max-video-preview":"max-video-preview:-1"},"canonical":"https:\/\/mikkelvik.com\/de\/aktivitaeten\/","og_locale":"de_DE","og_type":"article","og_title":"Aktivit\u00e4ten Norwegen: Angeln, Winterurlaub, Nordlichter sehen - hier in Mikkelvik Brygge","og_description":"Vielseitige Aktivit\u00e4ten sind in Norwegen m\u00f6glich. Ob Angeln, Urlaub im Schnee und nat\u00fcrlich Nordlicher sehen. Das sind unsere Abenteuer-Pakete.","og_url":"https:\/\/mikkelvik.com\/de\/aktivitaeten\/","og_site_name":"Mikkelvik Brygge, Nordlicht, Wale, Norwegen, Angelreise, Dorsch, Heilbutt","article_modified_time":"2026-03-03T17:42:46+00:00","twitter_card":"summary_large_image","twitter_misc":{"Gesch\u00e4tzte Lesezeit":"1\u00a0Minute"},"schema":{"@context":"https:\/\/schema.org","@graph":[{"@type":"WebPage","@id":"https:\/\/mikkelvik.com\/de\/aktivitaeten\/","url":"https:\/\/mikkelvik.com\/de\/aktivitaeten\/","name":"Aktivit\u00e4ten Norwegen: Angeln, Winterurlaub, Nordlichter sehen - hier in Mikkelvik Brygge","isPartOf":{"@id":"https:\/\/mikkelvik.com\/de\/#website"},"datePublished":"2015-05-29T10:37:08+00:00","dateModified":"2026-03-03T17:42:46+00:00","description":"Vielseitige Aktivit\u00e4ten sind in Norwegen m\u00f6glich. Ob Angeln, Urlaub im Schnee und nat\u00fcrlich Nordlicher sehen. Das sind unsere Abenteuer-Pakete.","breadcrumb":{"@id":"https:\/\/mikkelvik.com\/de\/aktivitaeten\/#breadcrumb"},"inLanguage":"de","potentialAction":[{"@type":"ReadAction","target":["https:\/\/mikkelvik.com\/de\/aktivitaeten\/"]}]},{"@type":"BreadcrumbList","@id":"https:\/\/mikkelvik.com\/de\/aktivitaeten\/#breadcrumb","itemListElement":[{"@type":"ListItem","position":1,"name":"Home","item":"https:\/\/mikkelvik.com\/de\/"},{"@type":"ListItem","position":2,"name":"AKTIVIT\u00c4TEN"}]},{"@type":"WebSite","@id":"https:\/\/mikkelvik.com\/de\/#website","url":"https:\/\/mikkelvik.com\/de\/","name":"Mikkelvik Brygge, Nordlicht, Wale, Norwegen, Angelreise, Dorsch, Heilbutt","description":"Meeresangeln und Angelreisen nach Norwegen in komfortablem Ferienhaus mit Boot in der N\u00e4he von Troms\u00f8","potentialAction":[{"@type":"SearchAction","target":{"@type":"EntryPoint","urlTemplate":"https:\/\/mikkelvik.com\/de\/?s={search_term_string}"},"query-input":{"@type":"PropertyValueSpecification","valueRequired":true,"valueName":"search_term_string"}}],"inLanguage":"de"}]}},"_links":{"self":[{"href":"https:\/\/mikkelvik.com\/de\/wp-json\/wp\/v2\/pages\/1572","targetHints":{"allow":["GET"]}}],"collection":[{"href":"https:\/\/mikkelvik.com\/de\/wp-json\/wp\/v2\/pages"}],"about":[{"href":"https:\/\/mikkelvik.com\/de\/wp-json\/wp\/v2\/types\/page"}],"author":[{"embeddable":true,"href":"https:\/\/mikkelvik.com\/de\/wp-json\/wp\/v2\/users\/1"}],"replies":[{"embeddable":true,"href":"https:\/\/mikkelvik.com\/de\/wp-json\/wp\/v2\/comments?post=1572"}],"version-history":[{"count":5,"href":"https:\/\/mikkelvik.com\/de\/wp-json\/wp\/v2\/pages\/1572\/revisions"}],"predecessor-version":[{"id":10322,"href":"https:\/\/mikkelvik.com\/de\/wp-json\/wp\/v2\/pages\/1572\/revisions\/10322"}],"wp:attachment":[{"href":"https:\/\/mikkelvik.com\/de\/wp-json\/wp\/v2\/media?parent=1572"}],"curies":[{"name":"wp","href":"https:\/\/api.w.org\/{rel}","templated":true}]}}