{"id":1566,"date":"2015-05-29T12:34:59","date_gmt":"2015-05-29T10:34:59","guid":{"rendered":"https:\/\/mikkelvik.com\/?page_id=1566"},"modified":"2022-06-22T08:59:13","modified_gmt":"2022-06-22T06:59:13","slug":"ferienhaus","status":"publish","type":"page","link":"https:\/\/mikkelvik.com\/de\/mikkelvik-brygge\/unterkunft\/ferienhaus\/","title":{"rendered":"FERIENHAUS"},"content":{"rendered":"\n<div class=\"row mfp-gallery mfp-gallery--misc\">\n<h1>Dein Ferienhaus am Nordatlantik<\/h1>\n<h3><em> In Mikkelvik Brygge findest Du in sch\u00f6nster Umgebung ger\u00e4umige Ferienhaus-Unterk\u00fcnfte mit qualitativ hochwertiger Ausstattung. Die gem\u00fctliche Atmosph\u00e4re und den tollen Ausblick willst Du nicht mehr missen.<\/em><\/h3>\n<\/div>\n\n\n<div><br \/><br \/>\n<p><span class=\"h3\">Unsere Ferienh\u00e4user \u2013 <span style=\"color: #cd2122;\"><a style=\"color: #cd2122;\" title=\"Grundriss\" href=\"https:\/\/mikkelvik.com\/wp-content\/uploads\/2022\/06\/Grundriss_Haus_EG_OG.pdf\" target=\"_blank\" rel=\"noopener\">viel Platz und Komfort<\/a><\/span><\/span><\/p>\n<p>In unseren 3 Ferienh\u00e4usern haben bis zu 10 Personen Platz. <br \/>Sie verf\u00fcgen \u00fcber eine Wohnfl\u00e4che von insgesamt 150m\u00b2. <br \/>Alle drei Ferienh\u00e4user haben auf der Meerseite eine 22m\u00b2 gro\u00dfe Terrasse im Erdgeschoss mit Blick auf den Skag\u00f8ysund. <br \/>Die Terrassen sind mit bequemen Sitzm\u00f6beln ausgestattet, so dass auch die Raucher einen angenehmen Ort vorfinden.<\/p>\n<p>\u00a0<\/p>\n<p><strong>Kurz\u00fcberblick Ferienhaus:<\/strong><br \/>1 gro\u00dfes Wohnzimmer mit gem\u00fctlicher Sitzecke<br \/>1 gro\u00dfe offene K\u00fcche mit angeschlossenem Essplatz<br \/>8 Schlafzimmer (1 Doppelzimmer, 7 Einzelzimmer)<br \/>2 Badezimmer mit Dusche, WC und Fu\u00dfbodenheizung<br \/><br \/>1 Au\u00dfenraum f\u00fcr die Angelsachen (mit Schuhheizer)<\/p>\n<\/div>\n<p>\u00a0<\/p>\n<p><strong>Ausstattung:<\/strong><br \/>K\u00fcche<br \/>Ausstattung zum Kochen<br \/>Arbeitsplatz<br \/>Geschirr und Besteck<br \/>F\u00f6hn<br \/>Heizung<br \/>TV<br \/>Waschmaschine (auf Anfrage)<br \/>WLAN<br \/>Warmwasser<br \/>Handseife<br \/>Bettw\u00e4sche<br \/>Extrakissen und -decken<br \/>Kleiderb\u00fcgel<br \/>B\u00fcgeleisen (auf Anfrage)<br \/>Feuerl\u00f6scher<br \/>Erste-Hilfe-Set<br \/>Rauchmelder<br \/>Kaffeemaschine<br \/>Ge\u00adschirr\u00adsp\u00fcl\u00adma\u00adschi\u00adne<br \/>Mikrowelle<br \/>Ofen<br \/>K\u00fchlschrank<br \/>Herd<br \/>Privater Eingang<br \/>Am Wasser<br \/>Grill<br \/>Garten<br \/>Terrasse oder Balkon<br \/>Kostenloser Parkplatz auf dem Grundst\u00fcck<\/p>\n<div>\n<p>\u00a0<br \/>\u00a0<\/p>\n<\/div>\n<p>\u00a0<br \/>\u00a0<\/p>","protected":false},"excerpt":{"rendered":"<p>Dein Ferienhaus am Nordatlantik In Mikkelvik Brygge findest Du in sch\u00f6nster Umgebung ger\u00e4umige Ferienhaus-Unterk\u00fcnfte mit qualitativ hochwertiger Ausstattung. Die gem\u00fctliche Atmosph\u00e4re und den tollen Ausblick willst Du nicht mehr missen. Unsere Ferienh\u00e4user \u2013 viel Platz und Komfort In unseren 3 Ferienh\u00e4usern haben bis zu 10 Personen Platz. Sie verf\u00fcgen \u00fcber eine Wohnfl\u00e4che von insgesamt 150m\u00b2.<\/p>\n","protected":false},"author":1,"featured_media":0,"parent":248,"menu_order":76,"comment_status":"closed","ping_status":"closed","template":"","meta":{"footnotes":"","_links_to":"","_links_to_target":""},"class_list":["post-1566","page","type-page","status-publish","hentry"],"yoast_head":"<!-- This site is optimized with the Yoast SEO plugin v27.2 - https:\/\/yoast.com\/product\/yoast-seo-wordpress\/ -->\n<title>FERIENHAUS - Mikkelvik Brygge, Nordlicht, Wale, Norwegen, Angelreise, Dorsch, Heilbutt<\/title>\n<meta name=\"robots\" content=\"index, follow, max-snippet:-1, max-image-preview:large, max-video-preview:-1\" \/>\n<link rel=\"canonical\" href=\"https:\/\/mikkelvik.com\/de\/mikkelvik-brygge\/unterkunft\/ferienhaus\/\" \/>\n<meta property=\"og:locale\" content=\"de_DE\" \/>\n<meta property=\"og:type\" content=\"article\" \/>\n<meta property=\"og:title\" content=\"FERIENHAUS - Mikkelvik Brygge, Nordlicht, Wale, Norwegen, Angelreise, Dorsch, Heilbutt\" \/>\n<meta property=\"og:description\" content=\"Dein Ferienhaus am Nordatlantik In Mikkelvik Brygge findest Du in sch\u00f6nster Umgebung ger\u00e4umige Ferienhaus-Unterk\u00fcnfte mit qualitativ hochwertiger Ausstattung. Die gem\u00fctliche Atmosph\u00e4re und den tollen Ausblick willst Du nicht mehr missen. Unsere Ferienh\u00e4user \u2013 viel Platz und Komfort In unseren 3 Ferienh\u00e4usern haben bis zu 10 Personen Platz. Sie verf\u00fcgen \u00fcber eine Wohnfl\u00e4che von insgesamt 150m\u00b2.\" \/>\n<meta property=\"og:url\" content=\"https:\/\/mikkelvik.com\/de\/mikkelvik-brygge\/unterkunft\/ferienhaus\/\" \/>\n<meta property=\"og:site_name\" content=\"Mikkelvik Brygge, Nordlicht, Wale, Norwegen, Angelreise, Dorsch, Heilbutt\" \/>\n<meta property=\"article:modified_time\" content=\"2022-06-22T06:59:13+00:00\" \/>\n<meta name=\"twitter:card\" content=\"summary_large_image\" \/>\n<meta name=\"twitter:label1\" content=\"Gesch\u00e4tzte Lesezeit\" \/>\n\t<meta name=\"twitter:data1\" content=\"1\u00a0Minute\" \/>\n<script type=\"application\/ld+json\" class=\"yoast-schema-graph\">{\"@context\":\"https:\/\/schema.org\",\"@graph\":[{\"@type\":\"WebPage\",\"@id\":\"https:\/\/mikkelvik.com\/de\/mikkelvik-brygge\/unterkunft\/ferienhaus\/\",\"url\":\"https:\/\/mikkelvik.com\/de\/mikkelvik-brygge\/unterkunft\/ferienhaus\/\",\"name\":\"FERIENHAUS - Mikkelvik Brygge, Nordlicht, Wale, Norwegen, Angelreise, Dorsch, Heilbutt\",\"isPartOf\":{\"@id\":\"https:\/\/mikkelvik.com\/de\/#website\"},\"datePublished\":\"2015-05-29T10:34:59+00:00\",\"dateModified\":\"2022-06-22T06:59:13+00:00\",\"breadcrumb\":{\"@id\":\"https:\/\/mikkelvik.com\/de\/mikkelvik-brygge\/unterkunft\/ferienhaus\/#breadcrumb\"},\"inLanguage\":\"de\",\"potentialAction\":[{\"@type\":\"ReadAction\",\"target\":[\"https:\/\/mikkelvik.com\/de\/mikkelvik-brygge\/unterkunft\/ferienhaus\/\"]}]},{\"@type\":\"BreadcrumbList\",\"@id\":\"https:\/\/mikkelvik.com\/de\/mikkelvik-brygge\/unterkunft\/ferienhaus\/#breadcrumb\",\"itemListElement\":[{\"@type\":\"ListItem\",\"position\":1,\"name\":\"Home\",\"item\":\"https:\/\/mikkelvik.com\/de\/\"},{\"@type\":\"ListItem\",\"position\":2,\"name\":\"MIKKELVIK BRYGGE\",\"item\":\"https:\/\/mikkelvik.com\/de\/mikkelvik-brygge\/\"},{\"@type\":\"ListItem\",\"position\":3,\"name\":\"UNTERKUNFT\",\"item\":\"https:\/\/mikkelvik.com\/de\/mikkelvik-brygge\/unterkunft\/\"},{\"@type\":\"ListItem\",\"position\":4,\"name\":\"FERIENHAUS\"}]},{\"@type\":\"WebSite\",\"@id\":\"https:\/\/mikkelvik.com\/de\/#website\",\"url\":\"https:\/\/mikkelvik.com\/de\/\",\"name\":\"Mikkelvik Brygge, Nordlicht, Wale, Norwegen, Angelreise, Dorsch, Heilbutt\",\"description\":\"Meeresangeln und Angelreisen nach Norwegen in komfortablem Ferienhaus mit Boot in der N\u00e4he von Troms\u00f8\",\"potentialAction\":[{\"@type\":\"SearchAction\",\"target\":{\"@type\":\"EntryPoint\",\"urlTemplate\":\"https:\/\/mikkelvik.com\/de\/?s={search_term_string}\"},\"query-input\":{\"@type\":\"PropertyValueSpecification\",\"valueRequired\":true,\"valueName\":\"search_term_string\"}}],\"inLanguage\":\"de\"}]}<\/script>\n<!-- \/ Yoast SEO plugin. -->","yoast_head_json":{"title":"FERIENHAUS - Mikkelvik Brygge, Nordlicht, Wale, Norwegen, Angelreise, Dorsch, Heilbutt","robots":{"index":"index","follow":"follow","max-snippet":"max-snippet:-1","max-image-preview":"max-image-preview:large","max-video-preview":"max-video-preview:-1"},"canonical":"https:\/\/mikkelvik.com\/de\/mikkelvik-brygge\/unterkunft\/ferienhaus\/","og_locale":"de_DE","og_type":"article","og_title":"FERIENHAUS - Mikkelvik Brygge, Nordlicht, Wale, Norwegen, Angelreise, Dorsch, Heilbutt","og_description":"Dein Ferienhaus am Nordatlantik In Mikkelvik Brygge findest Du in sch\u00f6nster Umgebung ger\u00e4umige Ferienhaus-Unterk\u00fcnfte mit qualitativ hochwertiger Ausstattung. Die gem\u00fctliche Atmosph\u00e4re und den tollen Ausblick willst Du nicht mehr missen. Unsere Ferienh\u00e4user \u2013 viel Platz und Komfort In unseren 3 Ferienh\u00e4usern haben bis zu 10 Personen Platz. Sie verf\u00fcgen \u00fcber eine Wohnfl\u00e4che von insgesamt 150m\u00b2.","og_url":"https:\/\/mikkelvik.com\/de\/mikkelvik-brygge\/unterkunft\/ferienhaus\/","og_site_name":"Mikkelvik Brygge, Nordlicht, Wale, Norwegen, Angelreise, Dorsch, Heilbutt","article_modified_time":"2022-06-22T06:59:13+00:00","twitter_card":"summary_large_image","twitter_misc":{"Gesch\u00e4tzte Lesezeit":"1\u00a0Minute"},"schema":{"@context":"https:\/\/schema.org","@graph":[{"@type":"WebPage","@id":"https:\/\/mikkelvik.com\/de\/mikkelvik-brygge\/unterkunft\/ferienhaus\/","url":"https:\/\/mikkelvik.com\/de\/mikkelvik-brygge\/unterkunft\/ferienhaus\/","name":"FERIENHAUS - Mikkelvik Brygge, Nordlicht, Wale, Norwegen, Angelreise, Dorsch, Heilbutt","isPartOf":{"@id":"https:\/\/mikkelvik.com\/de\/#website"},"datePublished":"2015-05-29T10:34:59+00:00","dateModified":"2022-06-22T06:59:13+00:00","breadcrumb":{"@id":"https:\/\/mikkelvik.com\/de\/mikkelvik-brygge\/unterkunft\/ferienhaus\/#breadcrumb"},"inLanguage":"de","potentialAction":[{"@type":"ReadAction","target":["https:\/\/mikkelvik.com\/de\/mikkelvik-brygge\/unterkunft\/ferienhaus\/"]}]},{"@type":"BreadcrumbList","@id":"https:\/\/mikkelvik.com\/de\/mikkelvik-brygge\/unterkunft\/ferienhaus\/#breadcrumb","itemListElement":[{"@type":"ListItem","position":1,"name":"Home","item":"https:\/\/mikkelvik.com\/de\/"},{"@type":"ListItem","position":2,"name":"MIKKELVIK BRYGGE","item":"https:\/\/mikkelvik.com\/de\/mikkelvik-brygge\/"},{"@type":"ListItem","position":3,"name":"UNTERKUNFT","item":"https:\/\/mikkelvik.com\/de\/mikkelvik-brygge\/unterkunft\/"},{"@type":"ListItem","position":4,"name":"FERIENHAUS"}]},{"@type":"WebSite","@id":"https:\/\/mikkelvik.com\/de\/#website","url":"https:\/\/mikkelvik.com\/de\/","name":"Mikkelvik Brygge, Nordlicht, Wale, Norwegen, Angelreise, Dorsch, Heilbutt","description":"Meeresangeln und Angelreisen nach Norwegen in komfortablem Ferienhaus mit Boot in der N\u00e4he von Troms\u00f8","potentialAction":[{"@type":"SearchAction","target":{"@type":"EntryPoint","urlTemplate":"https:\/\/mikkelvik.com\/de\/?s={search_term_string}"},"query-input":{"@type":"PropertyValueSpecification","valueRequired":true,"valueName":"search_term_string"}}],"inLanguage":"de"}]}},"_links":{"self":[{"href":"https:\/\/mikkelvik.com\/de\/wp-json\/wp\/v2\/pages\/1566","targetHints":{"allow":["GET"]}}],"collection":[{"href":"https:\/\/mikkelvik.com\/de\/wp-json\/wp\/v2\/pages"}],"about":[{"href":"https:\/\/mikkelvik.com\/de\/wp-json\/wp\/v2\/types\/page"}],"author":[{"embeddable":true,"href":"https:\/\/mikkelvik.com\/de\/wp-json\/wp\/v2\/users\/1"}],"replies":[{"embeddable":true,"href":"https:\/\/mikkelvik.com\/de\/wp-json\/wp\/v2\/comments?post=1566"}],"version-history":[{"count":11,"href":"https:\/\/mikkelvik.com\/de\/wp-json\/wp\/v2\/pages\/1566\/revisions"}],"predecessor-version":[{"id":9137,"href":"https:\/\/mikkelvik.com\/de\/wp-json\/wp\/v2\/pages\/1566\/revisions\/9137"}],"up":[{"embeddable":true,"href":"https:\/\/mikkelvik.com\/de\/wp-json\/wp\/v2\/pages\/248"}],"wp:attachment":[{"href":"https:\/\/mikkelvik.com\/de\/wp-json\/wp\/v2\/media?parent=1566"}],"curies":[{"name":"wp","href":"https:\/\/api.w.org\/{rel}","templated":true}]}}